{"id":2068,"date":"2024-01-01T06:59:37","date_gmt":"2024-01-01T06:59:37","guid":{"rendered":"http:\/\/minersking.com\/?post_type=product&#038;p=2068"},"modified":"2024-08-30T06:30:55","modified_gmt":"2024-08-30T06:30:55","slug":"iceriver-ks3-8t-kas-miner","status":"publish","type":"product","link":"https:\/\/minersking.com\/ar\/product\/iceriver-ks3-8t-kas-miner\/","title":{"rendered":"Iceriver KS3 Kaspa ASIC Miner (8TH\/s)"},"content":{"rendered":"<h2>Description<\/h2>\n<p><strong>IceRiver KS3<\/strong> is designed in Sep 2023. It uses the <strong>KHeavyHash algorithm<\/strong>\u00a0and can reach a peak hashrate of<strong> 8 TH\/s<\/strong>\u00a0while consuming only\u00a0<strong>3200W<\/strong>\u00a0of power.<\/p>\n<div id=\"block1\" class=\"tuple\" data-v-63a32c95=\"\" data-v-1b41da19=\"\">\n<div class=\"info\" data-v-63a32c95=\"\" data-v-1b41da19=\"\">\n<h2>\u062a\u062d\u062f\u064a\u062f<\/h2>\n<div class=\"table-wrapper\">\n<table class=\"woocommerce-product-attributes shop_attributes\">\n<tbody>\n<tr class=\"woocommerce-product-attributes-item woocommerce-product-attributes-item--attribute_kas-hashrate\">\n<th class=\"woocommerce-product-attributes-item__label\">\u0643\u0627\u0633 \u0647\u0627\u0634\u0631\u0627\u062a<\/th>\n<td class=\"woocommerce-product-attributes-item__value\">8TH\/S(\u00b110%)<\/td>\n<\/tr>\n<tr class=\"woocommerce-product-attributes-item woocommerce-product-attributes-item--attribute_wall-power\">\n<th class=\"woocommerce-product-attributes-item__label\">\u0642\u0648\u0629 \u0627\u0644\u062c\u062f\u0627\u0631<\/th>\n<td class=\"woocommerce-product-attributes-item__value\">3200W\/h(\u00b110%)<\/td>\n<\/tr>\n<tr class=\"woocommerce-product-attributes-item woocommerce-product-attributes-item--attribute_specifications\">\n<th class=\"woocommerce-product-attributes-item__label\">\u062a\u062d\u062f\u064a\u062f<\/th>\n<td class=\"woocommerce-product-attributes-item__value\">8TH 3200W<\/td>\n<\/tr>\n<tr class=\"woocommerce-product-attributes-item woocommerce-product-attributes-item--attribute_dimensionwith-packaging\">\n<th class=\"woocommerce-product-attributes-item__label\">\u0627\u0644\u0628\u0639\u062f (\u0645\u0639 \u0627\u0644\u062a\u063a\u0644\u064a\u0641)<\/th>\n<td class=\"woocommerce-product-attributes-item__value\">490 \u00d7 300 \u00d7 400 (\u0645\u0645)<\/td>\n<\/tr>\n<tr class=\"woocommerce-product-attributes-item woocommerce-product-attributes-item--attribute_dimension\">\n<th class=\"woocommerce-product-attributes-item__label\">\u0627\u0644\u0628\u0639\u062f<\/th>\n<td class=\"woocommerce-product-attributes-item__value\">370 \u00d7 195 \u00d7 290 (\u0645\u0645)<\/td>\n<\/tr>\n<tr class=\"woocommerce-product-attributes-item woocommerce-product-attributes-item--attribute_gross-weight\">\n<th class=\"woocommerce-product-attributes-item__label\">\u0627\u0644\u0648\u0632\u0646 \u0627\u0644\u0625\u062c\u0645\u0627\u0644\u064a<\/th>\n<td class=\"woocommerce-product-attributes-item__value\">17.6kg<\/td>\n<\/tr>\n<tr class=\"woocommerce-product-attributes-item woocommerce-product-attributes-item--attribute_net-weight\">\n<th class=\"woocommerce-product-attributes-item__label\">\u0627\u0644\u0648\u0632\u0646 \u0627\u0644\u0635\u0627\u0641\u064a<\/th>\n<td class=\"woocommerce-product-attributes-item__value\">14.7kg<\/td>\n<\/tr>\n<tr class=\"woocommerce-product-attributes-item woocommerce-product-attributes-item--attribute_connection\">\n<th class=\"woocommerce-product-attributes-item__label\">\u0627\u062a\u0635\u0627\u0644<\/th>\n<td class=\"woocommerce-product-attributes-item__value\">\u0625\u064a\u062b\u0631\u0646\u062a<\/td>\n<\/tr>\n<tr class=\"woocommerce-product-attributes-item woocommerce-product-attributes-item--attribute_voltage-input\">\n<th class=\"woocommerce-product-attributes-item__label\">\u0645\u062f\u062e\u0644\u0627\u062a \u0627\u0644\u062c\u0647\u062f<\/th>\n<td class=\"woocommerce-product-attributes-item__value\">170-300 \u0641\u0648\u0644\u062a \u062a\u064a\u0627\u0631 \u0645\u062a\u0631\u062f\u062f<\/td>\n<\/tr>\n<tr class=\"woocommerce-product-attributes-item woocommerce-product-attributes-item--attribute_operating-temp\">\n<th class=\"woocommerce-product-attributes-item__label\">\u062f\u0631\u062c\u0629 \u0627\u0644\u062d\u0631\u0627\u0631\u0629 \u0627\u0644\u062a\u0634\u063a\u064a\u0644<\/th>\n<td class=\"woocommerce-product-attributes-item__value\">0 ~ 35 \u062f\u0631\u062c\u0629 \u0645\u0626\u0648\u064a\u0629<\/td>\n<\/tr>\n<\/tbody>\n<\/table>\n<\/div>\n<\/div>\n<\/div>\n<h4 class=\"font-satoshi text-xl text-black dark:text-white md:text-xl lg:mb-2 lg:text-heading-5 xl:text-heading-5\">Algorithms<\/h4>\n<p>Algorithm: KHeavyHash<\/p>\n<p>Hashrate: 8TH\/s<\/p>\n<p>Consumption: 3200W<\/p>\n<p>Minable coins: Kaspa(KAS)<\/p>\n<h4>Air-Cooling Kaspa Miner<\/h4>\n<p>Iceriver released a new Kaspa miner called the KS3 in Sep 2023. It has a hashrate of 8 TH\/s and uses 3200 W of power to mine Kaspa coins.<\/p>\n<p>The well-known brand Iceriver has finely optimized its product for the KHeavyHash algorithm. It features an air cooling system that helps remove the heat produced during the crypto mining process. We highly recommend this Kaspa mining rig for anyone looking to mine Kaspa coins efficiently and profitably.<\/p>\n<h2>\u0645\u0639\u0644\u0648\u0645\u0627\u062a \u0625\u0636\u0627\u0641\u064a\u0629<\/h2>\n<ul>\n<li>Contact us to learn more about the details on different orders. Additionally, DDP (PRICE including shipping and customs fees) may also be available in some countries.<\/li>\n<li>An order or pre-order cannot be canceled under any circumstances, as it is considered final once it has been confirmed with us.<\/li>\n<\/ul>","protected":false},"excerpt":{"rendered":"<p>Description IceRiver KS3 is designed in Sep 2023. It uses the KHeavyHash algorithm\u00a0and can reach a peak hashrate of 8 TH\/s\u00a0while consuming only\u00a03200W\u00a0of power. Specifications KAS Hashrate 8TH\/S(\u00b110%) Wall Power 3200W\/h(\u00b110%) Specifications 8TH 3200W Dimension(with packaging) 490\u00d7300\u00d7400(mm) Dimension 370\u00d7195\u00d7290(mm) Gross Weight 17.6kg Net Weight 14.7kg Connection ethernet Voltage Input 170-300V AC Operating Temp 0~35 \u2103 [&hellip;]<\/p>","protected":false},"featured_media":2072,"comment_status":"open","ping_status":"closed","template":"","meta":[],"product_brand":[],"product_cat":[36,85],"product_tag":[],"class_list":{"0":"post-2068","1":"product","2":"type-product","3":"status-publish","4":"has-post-thumbnail","6":"product_cat-iceriver","7":"product_cat-iceriver-kaspa-mining","9":"first","10":"outofstock","11":"shipping-taxable","12":"purchasable","13":"product-type-simple"},"_links":{"self":[{"href":"https:\/\/minersking.com\/ar\/wp-json\/wp\/v2\/product\/2068","targetHints":{"allow":["GET"]}}],"collection":[{"href":"https:\/\/minersking.com\/ar\/wp-json\/wp\/v2\/product"}],"about":[{"href":"https:\/\/minersking.com\/ar\/wp-json\/wp\/v2\/types\/product"}],"replies":[{"embeddable":true,"href":"https:\/\/minersking.com\/ar\/wp-json\/wp\/v2\/comments?post=2068"}],"wp:featuredmedia":[{"embeddable":true,"href":"https:\/\/minersking.com\/ar\/wp-json\/wp\/v2\/media\/2072"}],"wp:attachment":[{"href":"https:\/\/minersking.com\/ar\/wp-json\/wp\/v2\/media?parent=2068"}],"wp:term":[{"taxonomy":"product_brand","embeddable":true,"href":"https:\/\/minersking.com\/ar\/wp-json\/wp\/v2\/product_brand?post=2068"},{"taxonomy":"product_cat","embeddable":true,"href":"https:\/\/minersking.com\/ar\/wp-json\/wp\/v2\/product_cat?post=2068"},{"taxonomy":"product_tag","embeddable":true,"href":"https:\/\/minersking.com\/ar\/wp-json\/wp\/v2\/product_tag?post=2068"}],"curies":[{"name":"wp","href":"https:\/\/api.w.org\/{rel}","templated":true}]}}