{"id":2073,"date":"2024-01-01T07:01:57","date_gmt":"2024-01-01T07:01:57","guid":{"rendered":"http:\/\/minersking.com\/?post_type=product&#038;p=2073"},"modified":"2024-08-30T06:27:54","modified_gmt":"2024-08-30T06:27:54","slug":"iceriver-ks3m-6th","status":"publish","type":"product","link":"https:\/\/minersking.com\/ar\/product\/iceriver-ks3m-6th\/","title":{"rendered":"Iceriver KS3M Kaspa ASIC Miner (6TH\/s)"},"content":{"rendered":"<div class=\"woocommerce-tabs wc-tabs-wrapper\">\n<h2>Description<\/h2>\n<p><strong>IceRiver KS3M<\/strong> is designed in Sep 2023. It uses the <strong>KHeavyHash algorithm<\/strong>\u00a0and can reach a peak hashrate of<strong> 6 TH\/s<\/strong>\u00a0while consuming only\u00a0<strong>3400 \u0648\u0627\u0637<\/strong>\u00a0of power.<\/p>\n<div class=\"table-wrapper\">\n<table width=\"1026\">\n<tbody>\n<tr>\n<td width=\"265\">\u0643\u0627\u0633 \u0647\u0627\u0634\u0631\u0627\u062a<\/td>\n<td width=\"265\">6TH\/S(\u00b110%)<\/td>\n<\/tr>\n<tr>\n<td width=\"265\">\u0642\u0648\u0629 \u0627\u0644\u062c\u062f\u0627\u0631<\/td>\n<td width=\"265\">3400 \u0648\u0627\u0637\/\u0633\u0627\u0639\u0629 (\u00b110%)<\/td>\n<\/tr>\n<tr>\n<td width=\"265\">\u062a\u062d\u062f\u064a\u062f<\/td>\n<td width=\"265\">\u0627\u0644\u0633\u0627\u062f\u0633 3400 \u0648\u0627\u0637<\/td>\n<\/tr>\n<tr>\n<td width=\"265\">\u0627\u0644\u0628\u0639\u062f (\u0645\u0639 \u0627\u0644\u062a\u063a\u0644\u064a\u0641)<\/td>\n<td width=\"265\">490 \u00d7 300 \u00d7 400 (\u0645\u0645)<\/td>\n<\/tr>\n<tr>\n<td width=\"265\">\u0627\u0644\u0628\u0639\u062f<\/td>\n<td width=\"265\">370 \u00d7 195 \u00d7 290 (\u0645\u0645)<\/td>\n<\/tr>\n<tr>\n<td width=\"265\">\u0627\u0644\u0648\u0632\u0646 \u0627\u0644\u0625\u062c\u0645\u0627\u0644\u064a<\/td>\n<td width=\"265\">17.1 \u0643\u062c\u0645<\/td>\n<\/tr>\n<tr>\n<td width=\"265\">\u0627\u0644\u0648\u0632\u0646 \u0627\u0644\u0635\u0627\u0641\u064a<\/td>\n<td width=\"265\">14.4 \u0643\u062c\u0645<\/td>\n<\/tr>\n<tr>\n<td width=\"265\">\u0627\u062a\u0635\u0627\u0644<\/td>\n<td width=\"265\">\u0625\u064a\u062b\u0631\u0646\u062a<\/td>\n<\/tr>\n<tr>\n<td width=\"265\">\u0645\u062f\u062e\u0644\u0627\u062a \u0627\u0644\u062c\u0647\u062f<\/td>\n<td width=\"265\">170-300 \u0641\u0648\u0644\u062a \u062a\u064a\u0627\u0631 \u0645\u062a\u0631\u062f\u062f<\/td>\n<\/tr>\n<tr>\n<td width=\"265\">Working Temp<\/td>\n<td width=\"265\">0 ~ 35 \u062f\u0631\u062c\u0629 \u0645\u0626\u0648\u064a\u0629<\/td>\n<\/tr>\n<\/tbody>\n<\/table>\n<\/div>\n<\/div>\n<div>\n<h4 class=\"font-satoshi text-xl text-black dark:text-white md:text-xl lg:mb-2 lg:text-heading-5 xl:text-heading-5\">Algorithms<\/h4>\n<p>Algorithm: KHeavyHash<\/p>\n<p>Hashrate: 6TH\/s<\/p>\n<p>Consumption: 3400W<\/p>\n<p>Minable coins: Kaspa(KAS)<\/p>\n<h4>Air-Cooling Kaspa Miner<\/h4>\n<p>Iceriver released a new Kaspa miner called the KS3M in Sep 2023. It has a hashrate of 6 TH\/s and uses 3400 W of power to mine Kaspa coins.<\/p>\n<p>The well-known brand Iceriver has finely optimized its product for the KHeavyHash algorithm. It features an air cooling system that helps remove the heat produced during the crypto mining process. We highly recommend this Kaspa mining rig for anyone looking to mine Kaspa coins efficiently and profitably.<\/p>\n<h2>\u0645\u0639\u0644\u0648\u0645\u0627\u062a \u0625\u0636\u0627\u0641\u064a\u0629<\/h2>\n<ul>\n<li>Contact us to learn more about the details on different orders. Additionally, DDP (PRICE including shipping and customs fees) may also be available in some countries.<\/li>\n<li>An order or pre-order cannot be canceled under any circumstances, as it is considered final once it has been confirmed with us.<\/li>\n<\/ul>\n<\/div>","protected":false},"excerpt":{"rendered":"<p>Description IceRiver KS3M is designed in Sep 2023. It uses the KHeavyHash algorithm\u00a0and can reach a peak hashrate of 6 TH\/s\u00a0while consuming only\u00a03400W\u00a0of power. KAS Hashrate 6TH\/S(\u00b110%) Wall Power 3400W\/h(\u00b110%) Specifications 6TH 3400W Dimension(with packaging) 490\u00d7300\u00d7400(mm) Dimension 370\u00d7195\u00d7290(mm) Gross Weight 17.1kg Net Weight 14.4kg Connection ethernet Voltage Input 170-300V AC Working Temp 0~35 \u2103 Algorithms [&hellip;]<\/p>","protected":false},"featured_media":2079,"comment_status":"open","ping_status":"closed","template":"","meta":[],"product_brand":[],"product_cat":[36,85],"product_tag":[],"class_list":{"0":"post-2073","1":"product","2":"type-product","3":"status-publish","4":"has-post-thumbnail","6":"product_cat-iceriver","7":"product_cat-iceriver-kaspa-mining","9":"first","10":"instock","11":"featured","12":"shipping-taxable","13":"purchasable","14":"product-type-simple"},"_links":{"self":[{"href":"https:\/\/minersking.com\/ar\/wp-json\/wp\/v2\/product\/2073","targetHints":{"allow":["GET"]}}],"collection":[{"href":"https:\/\/minersking.com\/ar\/wp-json\/wp\/v2\/product"}],"about":[{"href":"https:\/\/minersking.com\/ar\/wp-json\/wp\/v2\/types\/product"}],"replies":[{"embeddable":true,"href":"https:\/\/minersking.com\/ar\/wp-json\/wp\/v2\/comments?post=2073"}],"wp:featuredmedia":[{"embeddable":true,"href":"https:\/\/minersking.com\/ar\/wp-json\/wp\/v2\/media\/2079"}],"wp:attachment":[{"href":"https:\/\/minersking.com\/ar\/wp-json\/wp\/v2\/media?parent=2073"}],"wp:term":[{"taxonomy":"product_brand","embeddable":true,"href":"https:\/\/minersking.com\/ar\/wp-json\/wp\/v2\/product_brand?post=2073"},{"taxonomy":"product_cat","embeddable":true,"href":"https:\/\/minersking.com\/ar\/wp-json\/wp\/v2\/product_cat?post=2073"},{"taxonomy":"product_tag","embeddable":true,"href":"https:\/\/minersking.com\/ar\/wp-json\/wp\/v2\/product_tag?post=2073"}],"curies":[{"name":"wp","href":"https:\/\/api.w.org\/{rel}","templated":true}]}}