{"id":2614,"date":"2024-07-30T10:17:07","date_gmt":"2024-07-30T10:17:07","guid":{"rendered":"https:\/\/minersking.com\/?page_id=2614"},"modified":"2024-07-30T10:27:47","modified_gmt":"2024-07-30T10:27:47","slug":"shipping-policy","status":"publish","type":"page","link":"https:\/\/minersking.com\/de\/shipping-policy\/","title":{"rendered":"Versandpolitik"},"content":{"rendered":"<div data-elementor-type=\"wp-page\" data-elementor-id=\"2614\" class=\"elementor elementor-2614\" data-elementor-post-type=\"page\">\n\t\t\t\t<div class=\"elementor-element elementor-element-3eaecaf2 e-flex e-con-boxed e-con e-parent\" data-id=\"3eaecaf2\" data-element_type=\"container\" data-settings=\"{&quot;ekit_has_onepagescroll_dot&quot;:&quot;yes&quot;}\">\n\t\t\t\t\t<div class=\"e-con-inner\">\n\t\t\t\t<div class=\"elementor-element elementor-element-9661dc6 htmega-title-align-center elementor-widget elementor-widget-section-title-addons\" data-id=\"9661dc6\" data-element_type=\"widget\" data-settings=\"{&quot;ekit_we_effect_on&quot;:&quot;none&quot;}\" data-widget_type=\"section-title-addons.default\">\n\t\t\t\t<div class=\"elementor-widget-container\">\n\t\t\t\t\t            <div class=\"htmega-9661dc6 htmega-section-title htmega-subtitle-position- title-style-two  image-bottom\">\n                <h2 class=\"section-title-txt\">Versandpolitik<\/h2><div class=\"htmega-title-sperator-sec\"><span class=\"htmega-title-sperator\">&nbsp;<\/span><\/div>            <\/div>\n\n            \n        \t\t\t\t<\/div>\n\t\t\t\t<\/div>\n\t\t\t\t<div class=\"elementor-element elementor-element-10d30572 elementor-widget elementor-widget-text-editor\" data-id=\"10d30572\" data-element_type=\"widget\" data-settings=\"{&quot;ekit_we_effect_on&quot;:&quot;none&quot;}\" data-widget_type=\"text-editor.default\">\n\t\t\t\t<div class=\"elementor-widget-container\">\n\t\t\t\t\t\t\t\t\t<h4><strong><b>Kautionspolitik<\/b><\/strong><\/h4><p>F\u00fcr einige Sonderbestellungen unterst\u00fctzen wir die Kunden, die Anzahlung zuerst zu zahlen, um die Bestellung zu sichern (50%). Nach Erhalt der Lieferanzeige muss der Kunde den Restbetrag innerhalb von 3 Werktagen bezahlen. Wenn es besondere Umst\u00e4nde gibt, muss der Kunde uns im Voraus f\u00fcr die Verhandlung informieren.<\/p><p>Wenn die endg\u00fcltige Zahlung nicht innerhalb von 1 Woche nach der Benachrichtigung erfolgt, wird dem Kunden eine zus\u00e4tzliche Lagergeb\u00fchr von $20 pro Einheit berechnet. Wenn die Zahlung nicht innerhalb von 2 Wochen eingegangen ist, wird der Auftrag storniert, und die Kaution wird nicht aufgrund der Gr\u00fcnde des Kunden zur\u00fcckerstattet werden.<\/p><p>\u00a0<\/p><h4><strong><b>Versandpolitik<\/b><\/strong><\/h4><p>Bei Bestellungen, die auf Lager sind, werden die Artikel innerhalb von 3 Werktagen nach Zahlungseingang versandt.<\/p><p>Bei Vorbestellungen werden die Artikel innerhalb von 3 Werktagen nach Eintreffen im Lager des Unternehmens verschickt. Hinsichtlich des Ver\u00f6ffentlichungsdatums gibt das Unternehmen den Kunden immer einen gesch\u00e4tzten Zeitrahmen an, aber das tats\u00e4chliche Lieferdatum h\u00e4ngt vom Zeitplan des Herstellers ab.<\/p><p>Die Versandkosten f\u00fcr jede Bestellung richten sich nach dem Gewicht des Ger\u00e4temodells, dem Inhalt der Bestellung und dem Zielland\/der Zielregion. Kunden sollten sich an das Unternehmen wenden, um detaillierte Informationen zu den Geb\u00fchren zu erhalten.<\/p>\t\t\t\t\t\t\t\t<\/div>\n\t\t\t\t<\/div>\n\t\t\t\t\t<\/div>\n\t\t\t\t<\/div>\n\t\t\t\t<\/div>","protected":false},"excerpt":{"rendered":"<p>Shipping Policy &nbsp; Deposit Policy For some special orders, we support the customers to pay the deposit first to lock the order (50%). Upon receiving the delivery notification, the customer must pay the remaining balance within 3 business days. If there are special circumstances, the customer must inform us in advance for negotiation. If the [&hellip;]<\/p>","protected":false},"author":2,"featured_media":0,"parent":0,"menu_order":0,"comment_status":"closed","ping_status":"closed","template":"elementor_header_footer","meta":{"footnotes":""},"class_list":["post-2614","page","type-page","status-publish","hentry"],"blocksy_meta":[],"_links":{"self":[{"href":"https:\/\/minersking.com\/de\/wp-json\/wp\/v2\/pages\/2614","targetHints":{"allow":["GET"]}}],"collection":[{"href":"https:\/\/minersking.com\/de\/wp-json\/wp\/v2\/pages"}],"about":[{"href":"https:\/\/minersking.com\/de\/wp-json\/wp\/v2\/types\/page"}],"author":[{"embeddable":true,"href":"https:\/\/minersking.com\/de\/wp-json\/wp\/v2\/users\/2"}],"replies":[{"embeddable":true,"href":"https:\/\/minersking.com\/de\/wp-json\/wp\/v2\/comments?post=2614"}],"version-history":[{"count":7,"href":"https:\/\/minersking.com\/de\/wp-json\/wp\/v2\/pages\/2614\/revisions"}],"predecessor-version":[{"id":2626,"href":"https:\/\/minersking.com\/de\/wp-json\/wp\/v2\/pages\/2614\/revisions\/2626"}],"wp:attachment":[{"href":"https:\/\/minersking.com\/de\/wp-json\/wp\/v2\/media?parent=2614"}],"curies":[{"name":"wp","href":"https:\/\/api.w.org\/{rel}","templated":true}]}}