{"id":2627,"date":"2024-07-30T10:36:41","date_gmt":"2024-07-30T10:36:41","guid":{"rendered":"https:\/\/minersking.com\/?page_id=2627"},"modified":"2024-07-30T10:36:42","modified_gmt":"2024-07-30T10:36:42","slug":"service-policy","status":"publish","type":"page","link":"https:\/\/minersking.com\/de\/service-policy\/","title":{"rendered":"Dienstpolitik"},"content":{"rendered":"<div data-elementor-type=\"wp-page\" data-elementor-id=\"2627\" class=\"elementor elementor-2627\" data-elementor-post-type=\"page\">\n\t\t\t\t<div class=\"elementor-element elementor-element-3eaecaf2 e-flex e-con-boxed e-con e-parent\" data-id=\"3eaecaf2\" data-element_type=\"container\" data-settings=\"{&quot;ekit_has_onepagescroll_dot&quot;:&quot;yes&quot;}\">\n\t\t\t\t\t<div class=\"e-con-inner\">\n\t\t\t\t<div class=\"elementor-element elementor-element-9661dc6 htmega-title-align-center elementor-widget elementor-widget-section-title-addons\" data-id=\"9661dc6\" data-element_type=\"widget\" data-settings=\"{&quot;ekit_we_effect_on&quot;:&quot;none&quot;}\" data-widget_type=\"section-title-addons.default\">\n\t\t\t\t<div class=\"elementor-widget-container\">\n\t\t\t\t\t            <div class=\"htmega-9661dc6 htmega-section-title htmega-subtitle-position- title-style-two  image-bottom\">\n                <h2 class=\"section-title-txt\">Datenschutzbestimmungen<\/h2><div class=\"htmega-title-sperator-sec\"><span class=\"htmega-title-sperator\">&nbsp;<\/span><\/div>            <\/div>\n\n            \n        \t\t\t\t<\/div>\n\t\t\t\t<\/div>\n\t\t\t\t<div class=\"elementor-element elementor-element-10d30572 elementor-widget elementor-widget-text-editor\" data-id=\"10d30572\" data-element_type=\"widget\" data-settings=\"{&quot;ekit_we_effect_on&quot;:&quot;none&quot;}\" data-widget_type=\"text-editor.default\">\n\t\t\t\t<div class=\"elementor-widget-container\">\n\t\t\t\t\t\t\t\t\t<h4><strong><b>Vorverkaufsdienst<\/b><\/strong><\/h4><p>Wir stellen alle Informationen zur Verf\u00fcgung, die der Kunde ben\u00f6tigt. Einschlie\u00dflich der Informationen \u00fcber unser Unternehmen, Spezifikation \u00fcber die Produkte, Details der Zahlung und Betrag, erwartete Lieferzeit, etc.<\/p><h4>\u00a0<\/h4><h4><strong><b>Service nach dem Verkauf<\/b><\/strong><\/h4><p>Nachdem die Zahlung abgeschlossen ist, werden wir mit dem Kunden \u00fcber die Logistik Informationen folgen. Bitte beachten Sie, dass alle brandneuen Produkte von uns nicht ge\u00f6ffnet worden sind. Die Produkte werden direkt von der Fabrik der Marke an unser Lager geliefert, und wir werden sie dem Kunden ohne jegliche Manipulation liefern.<\/p><p>Sollten w\u00e4hrend der Garantiezeit Qualit\u00e4tsprobleme auftreten, geben wir dem Kunden die offiziellen Kontaktinformationen der Marke f\u00fcr den Kundendienst, um ihn bei der Reparatur zu unterst\u00fctzen. Sollte der Kunde auf technische Probleme sto\u00dfen, organisieren wir einen Techniker, der Fernhilfe leistet.<\/p>\t\t\t\t\t\t\t\t<\/div>\n\t\t\t\t<\/div>\n\t\t\t\t\t<\/div>\n\t\t\t\t<\/div>\n\t\t\t\t<\/div>","protected":false},"excerpt":{"rendered":"<p>Privacy Policy &nbsp; Pre-sales service We will provide all the information that customers need. Including the information about our company, specification about the products, details of payment and amount, expected delivery time period, etc. \u00a0 After-sales service After the payment is completed, we will follow up with the customer on the logistics information. Please note [&hellip;]<\/p>","protected":false},"author":2,"featured_media":0,"parent":0,"menu_order":0,"comment_status":"closed","ping_status":"closed","template":"elementor_header_footer","meta":{"footnotes":""},"class_list":["post-2627","page","type-page","status-publish","hentry"],"blocksy_meta":[],"_links":{"self":[{"href":"https:\/\/minersking.com\/de\/wp-json\/wp\/v2\/pages\/2627","targetHints":{"allow":["GET"]}}],"collection":[{"href":"https:\/\/minersking.com\/de\/wp-json\/wp\/v2\/pages"}],"about":[{"href":"https:\/\/minersking.com\/de\/wp-json\/wp\/v2\/types\/page"}],"author":[{"embeddable":true,"href":"https:\/\/minersking.com\/de\/wp-json\/wp\/v2\/users\/2"}],"replies":[{"embeddable":true,"href":"https:\/\/minersking.com\/de\/wp-json\/wp\/v2\/comments?post=2627"}],"version-history":[{"count":1,"href":"https:\/\/minersking.com\/de\/wp-json\/wp\/v2\/pages\/2627\/revisions"}],"predecessor-version":[{"id":2629,"href":"https:\/\/minersking.com\/de\/wp-json\/wp\/v2\/pages\/2627\/revisions\/2629"}],"wp:attachment":[{"href":"https:\/\/minersking.com\/de\/wp-json\/wp\/v2\/media?parent=2627"}],"curies":[{"name":"wp","href":"https:\/\/api.w.org\/{rel}","templated":true}]}}