{"id":3,"date":"2023-11-28T09:16:41","date_gmt":"2023-11-28T09:16:41","guid":{"rendered":"http:\/\/minersking.com\/?page_id=3"},"modified":"2024-07-31T02:56:25","modified_gmt":"2024-07-31T02:56:25","slug":"privacy","status":"publish","type":"page","link":"https:\/\/minersking.com\/de\/privacy\/","title":{"rendered":"Datenschutz"},"content":{"rendered":"<div data-elementor-type=\"wp-page\" data-elementor-id=\"3\" class=\"elementor elementor-3\" data-elementor-post-type=\"page\">\n\t\t\t\t<div class=\"elementor-element elementor-element-3eaecaf2 e-flex e-con-boxed e-con e-parent\" data-id=\"3eaecaf2\" data-element_type=\"container\" data-settings=\"{&quot;ekit_has_onepagescroll_dot&quot;:&quot;yes&quot;}\">\n\t\t\t\t\t<div class=\"e-con-inner\">\n\t\t\t\t<div class=\"elementor-element elementor-element-9661dc6 htmega-title-align-center elementor-widget elementor-widget-section-title-addons\" data-id=\"9661dc6\" data-element_type=\"widget\" data-settings=\"{&quot;ekit_we_effect_on&quot;:&quot;none&quot;}\" data-widget_type=\"section-title-addons.default\">\n\t\t\t\t<div class=\"elementor-widget-container\">\n\t\t\t\t\t            <div class=\"htmega-9661dc6 htmega-section-title htmega-subtitle-position- title-style-two  image-bottom\">\n                <h2 class=\"section-title-txt\">Datenschutz<\/h2><div class=\"htmega-title-sperator-sec\"><span class=\"htmega-title-sperator\">&nbsp;<\/span><\/div>            <\/div>\n\n            \n        \t\t\t\t<\/div>\n\t\t\t\t<\/div>\n\t\t\t\t<div class=\"elementor-element elementor-element-10d30572 elementor-widget elementor-widget-text-editor\" data-id=\"10d30572\" data-element_type=\"widget\" data-settings=\"{&quot;ekit_we_effect_on&quot;:&quot;none&quot;}\" data-widget_type=\"text-editor.default\">\n\t\t\t\t<div class=\"elementor-widget-container\">\n\t\t\t\t\t\t\t\t\t<h1><strong>Datenschutz &amp; Politik<\/strong><\/h1><p>Die offizielle Website von MinersKing (im Folgenden als \"diese Website\" bezeichnet) legt gro\u00dfen Wert auf die Datenschutzrechte und den Schutz der pers\u00f6nlichen Daten der Nutzer. Diese Datenschutzrichtlinie soll Sie dar\u00fcber informieren, wie diese Website Ihre pers\u00f6nlichen Daten sammelt, verwendet und verwaltet. Bitte lesen Sie das Folgende sorgf\u00e4ltig durch, und wenn Sie Fragen zu dieser Richtlinie haben, k\u00f6nnen Sie uns jederzeit kontaktieren.<\/p><h5>Arten von gesammelten pers\u00f6nlichen Informationen<\/h5><p>Diese Website kann die folgenden Arten von personenbezogenen Daten erfassen:<\/p><ul><li>Grundlegende pers\u00f6nliche Daten wie Name, Kontaktinformationen und E-Mail-Adresse, die bei der Registrierung eines Kontos angegeben werden;<\/li><li>Nutzungsinformationen, wie z. B. Browserverlauf, Suchprotokolle und Bestellinformationen, die bei der Nutzung der Dienste dieser Website erzeugt werden;<\/li><li>Pers\u00f6nliche Informationen, die von dieser Website \u00fcber Social-Media-Konten zur Verf\u00fcgung gestellt werden d\u00fcrfen.<\/li><\/ul><h5>Methoden der Informationssammlung<\/h5><p>Die Art und Weise, wie diese Website personenbezogene Daten sammelt, umfasst unter anderem folgende Punkte:<\/p><ul><li>Informationen, die Sie bei der Registrierung eines Kontos oder der Nutzung der Dienste dieser Website aktiv angeben;<\/li><li>Informationen \u00fcber das Surfverhalten der Benutzer, die von dieser Website durch Cookies und andere Technologien gesammelt werden;<\/li><li>Informationen, die diese Website mit Ihrer Genehmigung von Plattformen Dritter erh\u00e4lt.<\/li><\/ul><h5>Zwecke der Informationsnutzung<\/h5><p>Diese Website erhebt die oben genannten personenbezogenen Daten haupts\u00e4chlich zu den folgenden Zwecken:<\/p><ul><li>Bereitstellung von Website-Diensten und Optimierung der Benutzerfreundlichkeit;<\/li><li>Versenden von Website-Ank\u00fcndigungen, Marketing-Informationen usw.;<\/li><li>Abschluss von Gesch\u00e4ften und Erbringung von Dienstleistungen nach dem Verkauf;<\/li><li>Durchf\u00fchrung von Nutzerprofilanalysen und personalisierten Empfehlungen;<\/li><li>Aufrechterhaltung der Sicherheit der Website und des vorschriftsm\u00e4\u00dfigen Betriebs.<\/li><\/ul><h5>Informationsaustausch und Offenlegung<\/h5><p>Diese Website wird Ihre pers\u00f6nlichen Daten nicht an Dritte weitergeben, au\u00dfer in den folgenden F\u00e4llen:<\/p><ul><li>Weitergabe begrenzter personenbezogener Daten an Partner zur Erbringung von Dienstleistungen;<\/li><li>Erf\u00fcllung gesetzlicher und beh\u00f6rdlicher Anforderungen oder als Antwort auf legitime Anfragen von Regierungsbeh\u00f6rden;<\/li><li>Schutz der legitimen Rechte und Interessen dieser Website und ihrer Nutzer sowie Verhinderung betr\u00fcgerischer und anderer illegaler Aktivit\u00e4ten.<\/li><\/ul><h5>Ma\u00dfnahmen zur Informationssicherheit<\/h5><p>Diese Website ergreift die folgenden Ma\u00dfnahmen, um die Sicherheit Ihrer pers\u00f6nlichen Daten zu sch\u00fctzen:<\/p><ul><li>Verwendung branchen\u00fcblicher Verschl\u00fcsselungstechnologien zum Schutz sensibler Daten;<\/li><li>Beschr\u00e4nkung des Zugriffs der Mitarbeiter auf personenbezogene Daten und Durchf\u00fchrung regelm\u00e4\u00dfiger Sicherheitspr\u00fcfungen;<\/li><li>Einrichtung eines umfassenden Mechanismus zur Reaktion auf Vorf\u00e4lle, um Vorf\u00e4lle im Bereich der Informationssicherheit rechtzeitig zu behandeln.<\/li><\/ul><h5>Benutzerrechte<\/h5><p>Sie haben die folgenden Rechte:<\/p><ul><li>Zugang zu Ihren pers\u00f6nlichen Daten zu erhalten, sie zu korrigieren oder zu l\u00f6schen;<\/li><li>die zuvor erteilte Zustimmung zu widerrufen;<\/li><li>Beschwerden einreichen oder die Verarbeitung personenbezogener Daten durch diese Website melden.<\/li><\/ul><p>Wenn Sie die oben genannten Rechte aus\u00fcben m\u00f6chten, kontaktieren Sie uns bitte \u00fcber die folgenden Kan\u00e4le:<\/p><p>E-Mail:\u00a0<a href=\"mailto:marketing@minersking.com\">marketing@minersking.com<\/a><\/p>\t\t\t\t\t\t\t\t<\/div>\n\t\t\t\t<\/div>\n\t\t\t\t\t<\/div>\n\t\t\t\t<\/div>\n\t\t\t\t<\/div>","protected":false},"excerpt":{"rendered":"<p>Privacy &nbsp; Privacy &amp; Policy MinersKing official website (hereinafter referred to as &#8220;this website&#8221;) attaches great importance to the privacy rights and personal information protection of users. This privacy policy is intended to inform you about how this website collects, uses, and manages your personal information. Please read the following carefully, and if you have [&hellip;]<\/p>","protected":false},"author":3,"featured_media":0,"parent":0,"menu_order":0,"comment_status":"closed","ping_status":"closed","template":"elementor_header_footer","meta":{"footnotes":""},"class_list":["post-3","page","type-page","status-publish","hentry"],"blocksy_meta":[],"_links":{"self":[{"href":"https:\/\/minersking.com\/de\/wp-json\/wp\/v2\/pages\/3","targetHints":{"allow":["GET"]}}],"collection":[{"href":"https:\/\/minersking.com\/de\/wp-json\/wp\/v2\/pages"}],"about":[{"href":"https:\/\/minersking.com\/de\/wp-json\/wp\/v2\/types\/page"}],"author":[{"embeddable":true,"href":"https:\/\/minersking.com\/de\/wp-json\/wp\/v2\/users\/3"}],"replies":[{"embeddable":true,"href":"https:\/\/minersking.com\/de\/wp-json\/wp\/v2\/comments?post=3"}],"version-history":[{"count":33,"href":"https:\/\/minersking.com\/de\/wp-json\/wp\/v2\/pages\/3\/revisions"}],"predecessor-version":[{"id":2640,"href":"https:\/\/minersking.com\/de\/wp-json\/wp\/v2\/pages\/3\/revisions\/2640"}],"wp:attachment":[{"href":"https:\/\/minersking.com\/de\/wp-json\/wp\/v2\/media?parent=3"}],"curies":[{"name":"wp","href":"https:\/\/api.w.org\/{rel}","templated":true}]}}