{"id":1987,"date":"2024-01-01T06:16:21","date_gmt":"2024-01-01T06:16:21","guid":{"rendered":"http:\/\/minersking.com\/?post_type=product&#038;p=1987"},"modified":"2024-08-26T06:03:15","modified_gmt":"2024-08-26T06:03:15","slug":"bitmain-antminer-s21-200t","status":"publish","type":"product","link":"https:\/\/minersking.com\/de\/produkt\/bitmain-antminer-s21-200t\/","title":{"rendered":"Bitmain Antminer S21 BTC Miner(200TH\/s)"},"content":{"rendered":"<div class=\"table-wrapper\">\n<h3>Beschreibung<\/h3>\n<p>In Jan 2024, <strong>Bitmain<\/strong> released the antminer S21. As a Bitcoin miner, it uses the <strong>SHA-256\u00a0algorithm<\/strong> and can reach a maximum hashrate of <strong>200 TH\/s<\/strong> with a power consumption of <strong>3150 W<\/strong> for efficient Bitcoin mining<\/p>\n<table width=\"1026\">\n<tbody>\n<tr>\n<td width=\"265\">Hashrate<\/td>\n<td width=\"265\">200TH\/S(\u00b110%)<\/td>\n<\/tr>\n<tr>\n<td width=\"265\">Wandst\u00e4rke<\/td>\n<td width=\"265\">3150W\/h(\u00b110%)<\/td>\n<\/tr>\n<tr>\n<td width=\"265\">Stromversorgung<\/td>\n<td width=\"265\">Mit Netzteil<\/td>\n<\/tr>\n<tr>\n<td width=\"265\">Abmessungen<\/td>\n<td width=\"265\">400*195.5*290(mm)<\/td>\n<\/tr>\n<tr>\n<td width=\"265\">Dimension (mit Verpackung)<\/td>\n<td width=\"265\">\u00a0570*316*430(mm)<\/td>\n<\/tr>\n<tr>\n<td width=\"265\">Bruttogewicht<\/td>\n<td width=\"265\">16.0kg<\/td>\n<\/tr>\n<tr>\n<td width=\"265\">Nettogewicht<\/td>\n<td width=\"265\">14.2kg<\/td>\n<\/tr>\n<tr>\n<td width=\"265\">Verbindungsport<\/td>\n<td width=\"265\">Ethernet<\/td>\n<\/tr>\n<tr>\n<td width=\"265\">Spannungseingang<\/td>\n<td width=\"265\">200~240V<\/td>\n<\/tr>\n<tr>\n<td width=\"265\">Working Temp<\/td>\n<td width=\"265\">0~40 \u2103<\/td>\n<\/tr>\n<\/tbody>\n<\/table>\n<h4 class=\"font-satoshi text-xl text-black dark:text-white md:text-xl lg:mb-2 lg:text-heading-5 xl:text-heading-5\">Algorithmen<\/h4>\n<p>Algorithm: SHA-256<\/p>\n<p>Hashrate: 200 TH\/s<\/p>\n<p>Consumption: 3150W<\/p>\n<p>Minable coins: Bitcoin<\/p>\n<h4>Air-Cooling Bitcoin Miner<\/h4>\n<p>The antminer S21 miner is a powerful ASIC designed for Bitcoin mining in Jan 2024. It is one of the best Bitcoin miners, with a hashrate of 200 TH\/s and a power consumption of 3150W, standing out as a high-performance and efficient machine<\/p>\n<h3>Weitere Informationen<\/h3>\n<ul>\n<li>Contact us to learn more about the details on different orders. DDP (PRICE including shipping and customs fees) may also be available in some countries.<\/li>\n<li>Eine Bestellung oder Vorbestellung kann unter keinen Umst\u00e4nden storniert werden, da sie als endg\u00fcltig gilt, sobald sie von uns best\u00e4tigt wurde.<\/li>\n<\/ul>\n<\/div>","protected":false},"excerpt":{"rendered":"<p>Description In Jan 2024, Bitmain released the antminer S21. As a Bitcoin miner, it uses the SHA-256\u00a0algorithm and can reach a maximum hashrate of 200 TH\/s with a power consumption of 3150 W for efficient Bitcoin mining Hashrate 200TH\/S(\u00b110%) Wall Power 3150W\/h(\u00b110%) Power Supply With PSU Dimension 400*195.5*290(mm) Dimension(with packaging) \u00a0570*316*430(mm) Gross Weight 16.0kg Net [&hellip;]<\/p>","protected":false},"featured_media":2656,"comment_status":"open","ping_status":"closed","template":"","meta":[],"product_brand":[],"product_cat":[81,33,44],"product_tag":[],"class_list":{"0":"post-1987","1":"product","2":"type-product","3":"status-publish","4":"has-post-thumbnail","6":"product_cat-hot-selling","7":"product_cat-antminer","8":"product_cat-bitcoin-mining","10":"first","11":"instock","12":"featured","13":"shipping-taxable","14":"purchasable","15":"product-type-simple"},"_links":{"self":[{"href":"https:\/\/minersking.com\/de\/wp-json\/wp\/v2\/product\/1987","targetHints":{"allow":["GET"]}}],"collection":[{"href":"https:\/\/minersking.com\/de\/wp-json\/wp\/v2\/product"}],"about":[{"href":"https:\/\/minersking.com\/de\/wp-json\/wp\/v2\/types\/product"}],"replies":[{"embeddable":true,"href":"https:\/\/minersking.com\/de\/wp-json\/wp\/v2\/comments?post=1987"}],"wp:featuredmedia":[{"embeddable":true,"href":"https:\/\/minersking.com\/de\/wp-json\/wp\/v2\/media\/2656"}],"wp:attachment":[{"href":"https:\/\/minersking.com\/de\/wp-json\/wp\/v2\/media?parent=1987"}],"wp:term":[{"taxonomy":"product_brand","embeddable":true,"href":"https:\/\/minersking.com\/de\/wp-json\/wp\/v2\/product_brand?post=1987"},{"taxonomy":"product_cat","embeddable":true,"href":"https:\/\/minersking.com\/de\/wp-json\/wp\/v2\/product_cat?post=1987"},{"taxonomy":"product_tag","embeddable":true,"href":"https:\/\/minersking.com\/de\/wp-json\/wp\/v2\/product_tag?post=1987"}],"curies":[{"name":"wp","href":"https:\/\/api.w.org\/{rel}","templated":true}]}}