{"id":1994,"date":"2024-01-01T06:20:08","date_gmt":"2024-01-01T06:20:08","guid":{"rendered":"http:\/\/minersking.com\/?post_type=product&#038;p=1994"},"modified":"2024-12-09T06:41:39","modified_gmt":"2024-12-09T06:41:39","slug":"bitmain-antminer-s21-hydro-335t","status":"publish","type":"product","link":"https:\/\/minersking.com\/de\/produkt\/bitmain-antminer-s21-hydro-335t\/","title":{"rendered":"Bitmain Antminer S21 Hydro Bitcoin Miner (335TH\/s)"},"content":{"rendered":"<div class=\"table-wrapper\">\n<div id=\"product-2728\" class=\"product type-product post-2728 status-publish first instock product_cat-antminer product_cat-bitcoin-mining has-post-thumbnail shipping-taxable purchasable product-type-simple ct-default-gallery sticky-summary\">\n<div class=\"woocommerce-tabs wc-tabs-wrapper\" data-type=\"type-1:center\">\n<article>\n<div id=\"tab-description\" class=\"woocommerce-Tabs-panel woocommerce-Tabs-panel--description panel entry-content wc-tab\" role=\"tabpanel\" aria-labelledby=\"tab-title-description\">\n<h2>Beschreibung<\/h2>\n<p><strong>Bitmain<\/strong> will launch its Bitcoin mining rig, the Antminer S21 Hydro, in March 2024. It achieves a new high hashrate of<strong> 335 TH\/s<\/strong>\u00a0and has a power consumption of\u00a0<strong>5360 watts<\/strong>, using the\u00a0<strong>SHA-256-Algorithmus<\/strong><\/p>\n<h2>Spezifikation<\/h2>\n<\/div>\n<table class=\"table table-striped\">\n<tbody>\n<tr>\n<th scope=\"row\">Marke<\/th>\n<td>Bitmain<\/td>\n<\/tr>\n<tr>\n<th scope=\"row\">SKU<\/th>\n<td>Antminer S21 Hyd (335Th)<\/td>\n<\/tr>\n<tr>\n<th scope=\"row\">Also called<\/th>\n<td>Antminer S21 Hydro 335T<\/td>\n<\/tr>\n<tr>\n<th scope=\"row\">Launch<\/th>\n<td>M\u00e4rz 2024<\/td>\n<\/tr>\n<tr>\n<th scope=\"row\">Gr\u00f6\u00dfe<\/th>\n<td>410 x 170 x 209 mm<\/td>\n<\/tr>\n<tr>\n<th scope=\"row\">Ger\u00e4uschpegel<\/th>\n<td>50 dB<\/td>\n<\/tr>\n<tr>\n<th scope=\"row\">K\u00fchlung<\/th>\n<td>Hydrok\u00fchlung<\/td>\n<\/tr>\n<tr>\n<th scope=\"row\">Leistung<\/th>\n<td>5360W<\/td>\n<\/tr>\n<tr>\n<th scope=\"row\">Schnittstelle<\/th>\n<td>Ethernet<\/td>\n<\/tr>\n<tr>\n<th scope=\"row\">Temperatur<\/th>\n<td>5 \u2013 45 \u00b0C<\/td>\n<\/tr>\n<tr>\n<th scope=\"row\">Feuchtigkeit<\/th>\n<td>5 \u2013 95 %<\/td>\n<\/tr>\n<\/tbody>\n<\/table>\n<div id=\"tab-description\" class=\"woocommerce-Tabs-panel woocommerce-Tabs-panel--description panel entry-content wc-tab\" role=\"tabpanel\" aria-labelledby=\"tab-title-description\">\n<h4 class=\"font-satoshi text-xl text-black dark:text-white md:text-xl lg:mb-2 lg:text-heading-5 xl:text-heading-5\">Algorithmen<\/h4>\n<p>Algorithm: SHA-256<\/p>\n<p>Hashrate: 335 Th\/s<\/p>\n<p>Consumption: 5360W<\/p>\n<p>Minable coins: Bitcoin<\/p>\n<h4>Hydro Cooling Bitcoin Miner<\/h4>\n<p>The S21 Hydro has a hashrate of 335 TH\/s and consumes 5360W of power. By using an efficient liquid cooling system, this mining rig can effectively dissipate heat and mine Bitcoin, ensuring the miner operates well under normal temperature conditions<\/p>\n<h2>Weitere Informationen<\/h2>\n<ul>\n<li>Contact us to learn more about the details on different orders. DDP (PRICE including shipping and customs fees) may also be available in some countries.<\/li>\n<li>Eine Bestellung oder Vorbestellung kann unter keinen Umst\u00e4nden storniert werden, da sie als endg\u00fcltig gilt, sobald sie von uns best\u00e4tigt wurde.<\/li>\n<\/ul>\n<h2><strong>Versandpolitik<\/strong><\/h2>\n<p>Bei Bestellungen, die auf Lager sind, werden die Artikel innerhalb von 3 Werktagen nach Zahlungseingang versandt.<\/p>\n<p>&nbsp;<\/p>\n<p>For pre-order (future-stock) orders, the items will be shipped within 3 working days once they have arrived at the company\u2019s warehouse. Regarding the release date, the company will always provide customers with an estimated time frame, but the actual delivery date will depend on the manufacturer\u2019s schedule.<\/p>\n<p>&nbsp;<\/p>\n<p>Die Versandkosten f\u00fcr jede Bestellung richten sich nach dem Gewicht des Ger\u00e4temodells, dem Inhalt der Bestellung und dem Zielland\/der Zielregion. Kunden sollten sich an das Unternehmen wenden, um detaillierte Informationen zu den Geb\u00fchren zu erhalten.<\/p>\n<p>&nbsp;<\/p>\n<p>&nbsp;<\/p>\n<h2><strong>Kautionspolitik<\/strong><\/h2>\n<p>F\u00fcr einige Sonderbestellungen unterst\u00fctzen wir die Kunden, die Anzahlung zuerst zu zahlen, um die Bestellung zu sichern (50%). Nach Erhalt der Lieferanzeige muss der Kunde den Restbetrag innerhalb von 3 Werktagen bezahlen. Wenn es besondere Umst\u00e4nde gibt, muss der Kunde uns im Voraus f\u00fcr die Verhandlung informieren.<\/p>\n<p>&nbsp;<\/p>\n<p>Wenn die endg\u00fcltige Zahlung nicht innerhalb von 1 Woche nach der Benachrichtigung erfolgt, wird dem Kunden eine zus\u00e4tzliche Lagergeb\u00fchr von $20 pro Einheit berechnet. Wenn die Zahlung nicht innerhalb von 2 Wochen eingegangen ist, wird der Auftrag storniert, und die Kaution wird nicht aufgrund der Gr\u00fcnde des Kunden zur\u00fcckerstattet werden.<\/p>\n<p>&nbsp;<\/p>\n<p>&nbsp;<\/p>\n<h2><strong>Betrugsbek\u00e4mpfung<\/strong><\/h2>\n<p>Please be aware and cautious to avoid being scammed.<\/p>\n<p>&nbsp;<\/p>\n<p><strong><b>Offizielle Adresse der Brieftasche:<\/b><\/strong><\/p>\n<p>TRC20: TAc7***********************6rby<\/p>\n<p>ERC20: 0x90***********************7bffe<\/p>\n<p>&nbsp;<\/p>\n<p><strong><b>Disclaimer:<\/b><\/strong>\u00a0Currently, there are many scammers impersonating MinersKing members to conduct fraud. Please look for our company\u2019s official contact information and the sales staff contact information on the Contact page. When you are unable to confirm whether the other party is a MinersKing member, please contact us through the official website to verify and confirm. MinersKing will not bear any responsibility for transactions with non-MinersKing member accounts without contacting the official.<\/p>\n<p>&nbsp;<\/p>\n<p>&nbsp;<\/p>\n<h2><strong>\u00dcber MinersKing<\/strong><\/h2>\n<p>MinersKing wurde 2011 gegr\u00fcndet und ist ein f\u00fchrender chinesischer Bergbaumaschinenlieferant mit einem hochqualifizierten Team und umfassender Branchenexpertise. Wir legen gro\u00dfen Wert auf die Bereitstellung au\u00dfergew\u00f6hnlicher Produkte und Dienstleistungen f\u00fcr die Elektronik- und Bergbaubranche.<\/p>\n<p>&nbsp;<\/p>\n<p>Through partnerships with industry leaders like Bitmain, MicroBT, Canaan, and more, we offer a diverse range of superior products tailored to meet our clients\u2019 specific requirements. Our comprehensive services, including testing, maintenance, and repair, ensure a seamless purchasing experience.<\/p>\n<p>&nbsp;<\/p>\n<p>Bei MinersKing sind wir unersch\u00fctterlich unseren Grundwerten verpflichtet, kosteng\u00fcnstige Produkte bereitzustellen und ma\u00dfgeschneiderte Dienstleistungen von h\u00f6chster Qualit\u00e4t zu liefern.<\/p>\n<p>&nbsp;<\/p>\n<p>MinersKing has set up its own warehouses and conducts bulk purchases from factories to offer customers the most competitive prices. With rapid business expansion, apart from multiple warehouses\u00a0and offices\u00a0in mainland China, MinersKing has also established warehouses\u00a0and offices\u00a0in Hong Kong, and Moscow to enhance convenience and reduce logistics costs for customers. Furthermore, MinersKing plans to establish additional warehouses globally to better cater to customer needs.<\/p>\n<\/div>\n<\/article>\n<\/div>\n<\/div>\n<section class=\"related products ct-hidden-sm ct-hidden-md\"><\/section>\n<\/div>","protected":false},"excerpt":{"rendered":"<p>Description Bitmain will launch its Bitcoin mining rig, the Antminer S21 Hydro, in March 2024. It achieves a new high hashrate of 335 TH\/s\u00a0and has a power consumption of\u00a05360 watts, using the\u00a0SHA-256 algorithm Specification Brand Bitmain SKU Antminer S21 Hyd (335Th) Also called Antminer S21 Hydro 335T Launch March 2024 Size 410 x 170 x [&hellip;]<\/p>","protected":false},"featured_media":2655,"comment_status":"open","ping_status":"closed","template":"","meta":[],"product_brand":[],"product_cat":[81,33,44],"product_tag":[],"class_list":{"0":"post-1994","1":"product","2":"type-product","3":"status-publish","4":"has-post-thumbnail","6":"product_cat-hot-selling","7":"product_cat-antminer","8":"product_cat-bitcoin-mining","10":"first","11":"instock","12":"shipping-taxable","13":"purchasable","14":"product-type-simple"},"_links":{"self":[{"href":"https:\/\/minersking.com\/de\/wp-json\/wp\/v2\/product\/1994","targetHints":{"allow":["GET"]}}],"collection":[{"href":"https:\/\/minersking.com\/de\/wp-json\/wp\/v2\/product"}],"about":[{"href":"https:\/\/minersking.com\/de\/wp-json\/wp\/v2\/types\/product"}],"replies":[{"embeddable":true,"href":"https:\/\/minersking.com\/de\/wp-json\/wp\/v2\/comments?post=1994"}],"wp:featuredmedia":[{"embeddable":true,"href":"https:\/\/minersking.com\/de\/wp-json\/wp\/v2\/media\/2655"}],"wp:attachment":[{"href":"https:\/\/minersking.com\/de\/wp-json\/wp\/v2\/media?parent=1994"}],"wp:term":[{"taxonomy":"product_brand","embeddable":true,"href":"https:\/\/minersking.com\/de\/wp-json\/wp\/v2\/product_brand?post=1994"},{"taxonomy":"product_cat","embeddable":true,"href":"https:\/\/minersking.com\/de\/wp-json\/wp\/v2\/product_cat?post=1994"},{"taxonomy":"product_tag","embeddable":true,"href":"https:\/\/minersking.com\/de\/wp-json\/wp\/v2\/product_tag?post=1994"}],"curies":[{"name":"wp","href":"https:\/\/api.w.org\/{rel}","templated":true}]}}