{"id":2011,"date":"2024-01-01T06:28:52","date_gmt":"2024-01-01T06:28:52","guid":{"rendered":"http:\/\/minersking.com\/?post_type=product&#038;p=2011"},"modified":"2024-12-09T06:44:08","modified_gmt":"2024-12-09T06:44:08","slug":"bitmain-antminer-z15-pro-820ksol-zcash-zec-miner","status":"publish","type":"product","link":"https:\/\/minersking.com\/de\/produkt\/bitmain-antminer-z15-pro-820ksol-zcash-zec-miner\/","title":{"rendered":"BITMAIN Antminer Z15 Pro 820KSol Zcash ZEC Miner"},"content":{"rendered":"<p>&nbsp;<\/p>\n<div class=\"table-wrapper\">\n<table>\n<tbody>\n<tr>\n<td width=\"496\">Produktblick<\/td>\n<td width=\"706\">Wert<\/td>\n<\/tr>\n<tr>\n<td width=\"496\">Ausf\u00fchrung<\/td>\n<td width=\"706\">Z15 Pro<\/td>\n<\/tr>\n<tr>\n<td width=\"496\">Modell<\/td>\n<td width=\"706\">240-Z<\/td>\n<\/tr>\n<tr>\n<td width=\"496\">Krypto-Algorithmus\/M\u00fcnzen<\/td>\n<td width=\"706\">Equihash\/ZEC\/ZEN<\/td>\n<\/tr>\n<tr>\n<td width=\"496\">Hashrate, Ksol\/s<\/td>\n<td width=\"706\">840 \u00b1 3%<\/td>\n<\/tr>\n<tr>\n<td width=\"496\">Leistung an der Wand bei 25\u00b0C, Watt<\/td>\n<td width=\"706\">2650 \u00b1 10%<\/td>\n<\/tr>\n<tr>\n<td width=\"496\">Wirkungsgrad an der Wand @25\u00b0C, J\/Ksol<\/td>\n<td width=\"706\">3,15 \u00b1 10%<\/td>\n<\/tr>\n<\/tbody>\n<\/table>\n<\/div>\n<p>&nbsp;<\/p>\n<div class=\"table-wrapper\">\n<table>\n<tbody>\n<tr>\n<td width=\"496\"><strong>Detaillierte Eigenschaften<\/strong><\/td>\n<td width=\"706\"><strong>Wert<\/strong><\/td>\n<\/tr>\n<tr>\n<td colspan=\"2\" width=\"1203\"><strong>Stromversorgung<\/strong><\/td>\n<\/tr>\n<tr>\n<td width=\"496\">Stromversorgung AC-Eingangsspannung, Volt<\/td>\n<td width=\"706\">200~240<\/td>\n<\/tr>\n<tr>\n<td width=\"496\">Spannungsversorgung AC-Eingangsfrequenzbereich, Hz<\/td>\n<td width=\"706\">47~63<\/td>\n<\/tr>\n<tr>\n<td width=\"496\">Stromversorgung AC Eingangsstrom, Ampere (1-2)<\/td>\n<td width=\"706\">20(1-3)<\/td>\n<\/tr>\n<tr>\n<td colspan=\"2\" width=\"1203\"><strong>Hardwarekonfiguration<\/strong><\/td>\n<\/tr>\n<tr>\n<td width=\"496\">Netzwerkverbindungsmodus<\/td>\n<td width=\"706\">RJ45 Ethernet 10\/100M<\/td>\n<\/tr>\n<tr>\n<td width=\"496\">Servergr\u00f6\u00dfe (L\u00e4nge*Breite*H\u00f6he, ohne Verpackung), mm(1-1)<\/td>\n<td width=\"706\">245*132.5*290<\/td>\n<\/tr>\n<tr>\n<td width=\"496\">Nettogewicht, kg (2-1)<\/td>\n<td width=\"706\">16.95<\/td>\n<\/tr>\n<tr>\n<td width=\"496\">Bruttogewicht, kg<\/td>\n<td width=\"706\">18.8<\/td>\n<\/tr>\n<tr>\n<td colspan=\"2\" width=\"1203\"><strong>Umgebungsanforderungen<\/strong><\/td>\n<\/tr>\n<tr>\n<td width=\"496\">Betriebstemperatur, \u00b0C<\/td>\n<td width=\"706\">0~40<\/td>\n<\/tr>\n<tr>\n<td width=\"496\">Lagertemperatur, \u00b0C<\/td>\n<td width=\"706\">-20~70<\/td>\n<\/tr>\n<tr>\n<td width=\"496\">Betriebsfeuchtigkeit (nicht kondensierend), RH<\/td>\n<td width=\"706\">10~90%<\/td>\n<\/tr>\n<tr>\n<td width=\"496\">Einsatzh\u00f6he, m<\/td>\n<td width=\"706\">\u22642000<\/td>\n<\/tr>\n<\/tbody>\n<\/table>\n<\/div>\n<p>&nbsp;<\/p>\n<h2><strong>Versandpolitik<\/strong><\/h2>\n<p>Bei Bestellungen, die auf Lager sind, werden die Artikel innerhalb von 3 Werktagen nach Zahlungseingang versandt.<\/p>\n<p>&nbsp;<\/p>\n<p>For pre-order (future-stock) orders, the items will be shipped within 3 working days once they have arrived at the company\u2019s warehouse. Regarding the release date, the company will always provide customers with an estimated time frame, but the actual delivery date will depend on the manufacturer\u2019s schedule.<\/p>\n<p>&nbsp;<\/p>\n<p>Die Versandkosten f\u00fcr jede Bestellung richten sich nach dem Gewicht des Ger\u00e4temodells, dem Inhalt der Bestellung und dem Zielland\/der Zielregion. Kunden sollten sich an das Unternehmen wenden, um detaillierte Informationen zu den Geb\u00fchren zu erhalten.<\/p>\n<p>&nbsp;<\/p>\n<p>&nbsp;<\/p>\n<h2><strong>Kautionspolitik<\/strong><\/h2>\n<p>F\u00fcr einige Sonderbestellungen unterst\u00fctzen wir die Kunden, die Anzahlung zuerst zu zahlen, um die Bestellung zu sichern (50%). Nach Erhalt der Lieferanzeige muss der Kunde den Restbetrag innerhalb von 3 Werktagen bezahlen. Wenn es besondere Umst\u00e4nde gibt, muss der Kunde uns im Voraus f\u00fcr die Verhandlung informieren.<\/p>\n<p>&nbsp;<\/p>\n<p>Wenn die endg\u00fcltige Zahlung nicht innerhalb von 1 Woche nach der Benachrichtigung erfolgt, wird dem Kunden eine zus\u00e4tzliche Lagergeb\u00fchr von $20 pro Einheit berechnet. Wenn die Zahlung nicht innerhalb von 2 Wochen eingegangen ist, wird der Auftrag storniert, und die Kaution wird nicht aufgrund der Gr\u00fcnde des Kunden zur\u00fcckerstattet werden.<\/p>\n<p>&nbsp;<\/p>\n<p>&nbsp;<\/p>\n<h2><strong>Betrugsbek\u00e4mpfung<\/strong><\/h2>\n<p>Please be aware and cautious to avoid being scammed.<\/p>\n<p>&nbsp;<\/p>\n<p><strong><b>Offizielle Adresse der Brieftasche:<\/b><\/strong><\/p>\n<p>TRC20: TAc7***********************6rby<\/p>\n<p>ERC20: 0x90***********************7bffe<\/p>\n<p>&nbsp;<\/p>\n<p><strong><b>Disclaimer:<\/b><\/strong>\u00a0Currently, there are many scammers impersonating MinersKing members to conduct fraud. Please look for our company\u2019s official contact information and the sales staff contact information on the Contact page. When you are unable to confirm whether the other party is a MinersKing member, please contact us through the official website to verify and confirm. MinersKing will not bear any responsibility for transactions with non-MinersKing member accounts without contacting the official.<\/p>\n<p>&nbsp;<\/p>\n<p>&nbsp;<\/p>\n<h2><strong>\u00dcber MinersKing<\/strong><\/h2>\n<p>MinersKing wurde 2011 gegr\u00fcndet und ist ein f\u00fchrender chinesischer Bergbaumaschinenlieferant mit einem hochqualifizierten Team und umfassender Branchenexpertise. Wir legen gro\u00dfen Wert auf die Bereitstellung au\u00dfergew\u00f6hnlicher Produkte und Dienstleistungen f\u00fcr die Elektronik- und Bergbaubranche.<\/p>\n<p>&nbsp;<\/p>\n<p>Through partnerships with industry leaders like Bitmain, MicroBT, Canaan, and more, we offer a diverse range of superior products tailored to meet our clients\u2019 specific requirements. Our comprehensive services, including testing, maintenance, and repair, ensure a seamless purchasing experience.<\/p>\n<p>&nbsp;<\/p>\n<p>Bei MinersKing sind wir unersch\u00fctterlich unseren Grundwerten verpflichtet, kosteng\u00fcnstige Produkte bereitzustellen und ma\u00dfgeschneiderte Dienstleistungen von h\u00f6chster Qualit\u00e4t zu liefern.<\/p>\n<p>&nbsp;<\/p>\n<p>MinersKing has set up its own warehouses and conducts bulk purchases from factories to offer customers the most competitive prices. With rapid business expansion, apart from multiple warehouses\u00a0and offices\u00a0in mainland China, MinersKing has also established warehouses\u00a0and offices\u00a0in Hong Kong, and Moscow to enhance convenience and reduce logistics costs for customers. Furthermore, MinersKing plans to establish additional warehouses globally to better cater to customer needs.<\/p>","protected":false},"excerpt":{"rendered":"<p>Modell\u00a0<b>Antminer Z15 Pro\u00a0<\/b>aus\u00a0<b>Bitmain\u00a0<\/b>Bergbau\u00a0<b>Equihash-Algorithmus\u00a0<\/b>mit einer maximalen Hashrate von\u00a0<b>820ksol\/s\u00a0<\/b>f\u00fcr einen Stromverbrauch von\u00a0<b>2560W.<\/b><\/p>","protected":false},"featured_media":2012,"comment_status":"open","ping_status":"closed","template":"","meta":[],"product_brand":[],"product_cat":[33,48],"product_tag":[],"class_list":{"0":"post-2011","1":"product","2":"type-product","3":"status-publish","4":"has-post-thumbnail","6":"product_cat-antminer","7":"product_cat-zec-mining","9":"first","10":"outofstock","11":"shipping-taxable","12":"purchasable","13":"product-type-simple"},"_links":{"self":[{"href":"https:\/\/minersking.com\/de\/wp-json\/wp\/v2\/product\/2011","targetHints":{"allow":["GET"]}}],"collection":[{"href":"https:\/\/minersking.com\/de\/wp-json\/wp\/v2\/product"}],"about":[{"href":"https:\/\/minersking.com\/de\/wp-json\/wp\/v2\/types\/product"}],"replies":[{"embeddable":true,"href":"https:\/\/minersking.com\/de\/wp-json\/wp\/v2\/comments?post=2011"}],"wp:featuredmedia":[{"embeddable":true,"href":"https:\/\/minersking.com\/de\/wp-json\/wp\/v2\/media\/2012"}],"wp:attachment":[{"href":"https:\/\/minersking.com\/de\/wp-json\/wp\/v2\/media?parent=2011"}],"wp:term":[{"taxonomy":"product_brand","embeddable":true,"href":"https:\/\/minersking.com\/de\/wp-json\/wp\/v2\/product_brand?post=2011"},{"taxonomy":"product_cat","embeddable":true,"href":"https:\/\/minersking.com\/de\/wp-json\/wp\/v2\/product_cat?post=2011"},{"taxonomy":"product_tag","embeddable":true,"href":"https:\/\/minersking.com\/de\/wp-json\/wp\/v2\/product_tag?post=2011"}],"curies":[{"name":"wp","href":"https:\/\/api.w.org\/{rel}","templated":true}]}}