{"id":2062,"date":"2024-01-01T06:54:09","date_gmt":"2024-01-01T06:54:09","guid":{"rendered":"http:\/\/minersking.com\/?post_type=product&#038;p=2062"},"modified":"2024-08-30T06:45:12","modified_gmt":"2024-08-30T06:45:12","slug":"iceriver-ks0-pro-200gh-psu-included","status":"publish","type":"product","link":"https:\/\/minersking.com\/de\/produkt\/iceriver-ks0-pro-200gh-psu-included\/","title":{"rendered":"Iceriver KS0 Pro Kaspa ASIC Home Miner (200GH\/s)"},"content":{"rendered":"<h3>Beschreibung<\/h3>\n<p><strong>IceRiver\u00a0KS0 Pro<\/strong> was launched in Nov 2023 with\u00a0a maximum hashrate of<strong> 200 GH\/s<\/strong> and <strong>100W<\/strong> of power. It\u00a0uses the <strong>KHeavyHash-Algorithmus<\/strong>.<\/p>\n<div class=\"table-wrapper\">\n<div class=\"table-wrapper\">\n<table>\n<tbody>\n<tr>\n<td width=\"496\">Gr\u00f6\u00dfe<\/td>\n<td width=\"706\">200 mm * 194 mm * 74 mm<\/td>\n<\/tr>\n<tr>\n<td width=\"496\">Efficiency<\/td>\n<td width=\"706\">200GH 100W<\/td>\n<\/tr>\n<tr>\n<td width=\"496\">Gewicht<\/td>\n<td width=\"706\">2,5 kg<\/td>\n<\/tr>\n<tr>\n<td width=\"496\">Netzwerkanschluss<\/td>\n<td width=\"706\">Ethernet<\/td>\n<\/tr>\n<tr>\n<td width=\"496\">Spannungseingang<\/td>\n<td width=\"706\">Mit Netzteil: 100\u2013240 V AC<\/p>\n<p>Ohne Netzteil: 19\u201320 V DC<\/td>\n<\/tr>\n<tr>\n<td width=\"496\">Arbeitstemperatur<\/td>\n<td width=\"706\">0~35 \u2103<\/td>\n<\/tr>\n<\/tbody>\n<\/table>\n<\/div>\n<\/div>\n<p>&nbsp;<\/p>\n<h3>Weitere Informationen<\/h3>\n<ul>\n<li>Contact us to learn more about the details on different orders. DDP (PRICE including shipping and customs fees) may also be available in some countries.<\/li>\n<li>Eine Bestellung oder Vorbestellung kann unter keinen Umst\u00e4nden storniert werden, da sie als endg\u00fcltig gilt, sobald sie von uns best\u00e4tigt wurde.<\/li>\n<\/ul>\n<h4 class=\"font-satoshi text-xl text-black dark:text-white md:text-xl lg:mb-2 lg:text-heading-5 xl:text-heading-5\">Algorithmen<\/h4>\n<p>Algorithmus: KHeavyHash<\/p>\n<p>Hashrate: 200 GH\/s<\/p>\n<p>Consumption: 100W<\/p>\n<p>Abbaubare M\u00fcnzen: Kaspa<\/p>\n<h4>Home Mining Kaspa Miner<\/h4>\n<p>IceRiver launched the KS0 Pro in Nov 2023 with a higher hashrate and efficiency performance as the upgraded version of KS0. It has a modern, user-friendly design and also has a hashrate with 200GH\/s and power consumption of 100W.<\/p>","protected":false},"excerpt":{"rendered":"<p>Description IceRiver\u00a0KS0 Pro was launched in Nov 2023 with\u00a0a maximum hashrate of 200 GH\/s and 100W of power. It\u00a0uses the KHeavyHash algorithm. Size 200mm*194mm*74mm Efficiency 200GH 100W Weight 2.5kg Network Port ethernet Voltage Input With PSU: 100-240V AC Without PSU: 19-20V DC Working Temperature 0~35 \u2103 &nbsp; Additional information Contact us to learn more about [&hellip;]<\/p>","protected":false},"featured_media":2063,"comment_status":"open","ping_status":"closed","template":"","meta":[],"product_brand":[],"product_cat":[36,85],"product_tag":[],"class_list":{"0":"post-2062","1":"product","2":"type-product","3":"status-publish","4":"has-post-thumbnail","6":"product_cat-iceriver","7":"product_cat-iceriver-kaspa-mining","9":"first","10":"outofstock","11":"shipping-taxable","12":"purchasable","13":"product-type-simple"},"_links":{"self":[{"href":"https:\/\/minersking.com\/de\/wp-json\/wp\/v2\/product\/2062","targetHints":{"allow":["GET"]}}],"collection":[{"href":"https:\/\/minersking.com\/de\/wp-json\/wp\/v2\/product"}],"about":[{"href":"https:\/\/minersking.com\/de\/wp-json\/wp\/v2\/types\/product"}],"replies":[{"embeddable":true,"href":"https:\/\/minersking.com\/de\/wp-json\/wp\/v2\/comments?post=2062"}],"wp:featuredmedia":[{"embeddable":true,"href":"https:\/\/minersking.com\/de\/wp-json\/wp\/v2\/media\/2063"}],"wp:attachment":[{"href":"https:\/\/minersking.com\/de\/wp-json\/wp\/v2\/media?parent=2062"}],"wp:term":[{"taxonomy":"product_brand","embeddable":true,"href":"https:\/\/minersking.com\/de\/wp-json\/wp\/v2\/product_brand?post=2062"},{"taxonomy":"product_cat","embeddable":true,"href":"https:\/\/minersking.com\/de\/wp-json\/wp\/v2\/product_cat?post=2062"},{"taxonomy":"product_tag","embeddable":true,"href":"https:\/\/minersking.com\/de\/wp-json\/wp\/v2\/product_tag?post=2062"}],"curies":[{"name":"wp","href":"https:\/\/api.w.org\/{rel}","templated":true}]}}