{"id":2068,"date":"2024-01-01T06:59:37","date_gmt":"2024-01-01T06:59:37","guid":{"rendered":"http:\/\/minersking.com\/?post_type=product&#038;p=2068"},"modified":"2024-08-30T06:30:55","modified_gmt":"2024-08-30T06:30:55","slug":"iceriver-ks3-8t-kas-miner","status":"publish","type":"product","link":"https:\/\/minersking.com\/de\/produkt\/iceriver-ks3-8t-kas-miner\/","title":{"rendered":"Iceriver KS3 Kaspa ASIC Miner (8TH\/s)"},"content":{"rendered":"<h2>Beschreibung<\/h2>\n<p><strong>IceRiver KS3<\/strong> is designed in Sep 2023. It uses the <strong>KHeavyHash-Algorithmus<\/strong>\u00a0and can reach a peak hashrate of<strong> 8 TH\/s<\/strong>\u00a0und verbraucht dabei nur\u00a0<strong>3200W<\/strong>\u00a0der Macht.<\/p>\n<div id=\"block1\" class=\"tuple\" data-v-63a32c95=\"\" data-v-1b41da19=\"\">\n<div class=\"info\" data-v-63a32c95=\"\" data-v-1b41da19=\"\">\n<h2>Spezifikationen<\/h2>\n<div class=\"table-wrapper\">\n<table class=\"woocommerce-product-attributes shop_attributes\">\n<tbody>\n<tr class=\"woocommerce-product-attributes-item woocommerce-product-attributes-item--attribute_kas-hashrate\">\n<th class=\"woocommerce-product-attributes-item__label\">KAS-Hashrate<\/th>\n<td class=\"woocommerce-product-attributes-item__value\">8TH\/S(\u00b110%)<\/td>\n<\/tr>\n<tr class=\"woocommerce-product-attributes-item woocommerce-product-attributes-item--attribute_wall-power\">\n<th class=\"woocommerce-product-attributes-item__label\">Wandst\u00e4rke<\/th>\n<td class=\"woocommerce-product-attributes-item__value\">3200W\/h(\u00b110%)<\/td>\n<\/tr>\n<tr class=\"woocommerce-product-attributes-item woocommerce-product-attributes-item--attribute_specifications\">\n<th class=\"woocommerce-product-attributes-item__label\">Spezifikationen<\/th>\n<td class=\"woocommerce-product-attributes-item__value\">8. 3200W<\/td>\n<\/tr>\n<tr class=\"woocommerce-product-attributes-item woocommerce-product-attributes-item--attribute_dimensionwith-packaging\">\n<th class=\"woocommerce-product-attributes-item__label\">Dimension (mit Verpackung)<\/th>\n<td class=\"woocommerce-product-attributes-item__value\">490\u00d7300\u00d7400 (mm)<\/td>\n<\/tr>\n<tr class=\"woocommerce-product-attributes-item woocommerce-product-attributes-item--attribute_dimension\">\n<th class=\"woocommerce-product-attributes-item__label\">Abmessungen<\/th>\n<td class=\"woocommerce-product-attributes-item__value\">370\u00d7195\u00d7290 (mm)<\/td>\n<\/tr>\n<tr class=\"woocommerce-product-attributes-item woocommerce-product-attributes-item--attribute_gross-weight\">\n<th class=\"woocommerce-product-attributes-item__label\">Bruttogewicht<\/th>\n<td class=\"woocommerce-product-attributes-item__value\">17,6 kg<\/td>\n<\/tr>\n<tr class=\"woocommerce-product-attributes-item woocommerce-product-attributes-item--attribute_net-weight\">\n<th class=\"woocommerce-product-attributes-item__label\">Nettogewicht<\/th>\n<td class=\"woocommerce-product-attributes-item__value\">14,7 kg<\/td>\n<\/tr>\n<tr class=\"woocommerce-product-attributes-item woocommerce-product-attributes-item--attribute_connection\">\n<th class=\"woocommerce-product-attributes-item__label\">Verbindung<\/th>\n<td class=\"woocommerce-product-attributes-item__value\">Ethernet<\/td>\n<\/tr>\n<tr class=\"woocommerce-product-attributes-item woocommerce-product-attributes-item--attribute_voltage-input\">\n<th class=\"woocommerce-product-attributes-item__label\">Spannungseingang<\/th>\n<td class=\"woocommerce-product-attributes-item__value\">170\u2013300 V Wechselstrom<\/td>\n<\/tr>\n<tr class=\"woocommerce-product-attributes-item woocommerce-product-attributes-item--attribute_operating-temp\">\n<th class=\"woocommerce-product-attributes-item__label\">Betriebstemperatur<\/th>\n<td class=\"woocommerce-product-attributes-item__value\">0~35 \u2103<\/td>\n<\/tr>\n<\/tbody>\n<\/table>\n<\/div>\n<\/div>\n<\/div>\n<h4 class=\"font-satoshi text-xl text-black dark:text-white md:text-xl lg:mb-2 lg:text-heading-5 xl:text-heading-5\">Algorithmen<\/h4>\n<p>Algorithmus: KHeavyHash<\/p>\n<p>Hashrate: 8TH\/s<\/p>\n<p>Consumption: 3200W<\/p>\n<p>Minable coins: Kaspa(KAS)<\/p>\n<h4>Luftgek\u00fchlter Kaspa-Bergmann<\/h4>\n<p>Iceriver released a new Kaspa miner called the KS3 in Sep 2023. It has a hashrate of 8 TH\/s and uses 3200 W of power to mine Kaspa coins.<\/p>\n<p>Die bekannte Marke Iceriver hat ihr Produkt f\u00fcr den KHeavyHash-Algorithmus fein optimiert. Es verf\u00fcgt \u00fcber ein Luftk\u00fchlungssystem, das dabei hilft, die w\u00e4hrend des Krypto-Mining-Prozesses entstehende W\u00e4rme abzuf\u00fchren. Wir empfehlen dieses Kaspa-Mining-Rig f\u00fcr alle, die Kaspa-M\u00fcnzen effizient und profitabel sch\u00fcrfen m\u00f6chten.<\/p>\n<h2>Weitere Informationen<\/h2>\n<ul>\n<li>Wenden Sie sich an uns, um mehr \u00fcber die Einzelheiten der verschiedenen Bestellungen zu erfahren. Dar\u00fcber hinaus kann in einigen L\u00e4ndern auch DDP (PRICE einschlie\u00dflich Versand- und Zollgeb\u00fchren) verf\u00fcgbar sein.<\/li>\n<li>Eine Bestellung oder Vorbestellung kann unter keinen Umst\u00e4nden storniert werden, da sie als endg\u00fcltig gilt, sobald sie von uns best\u00e4tigt wurde.<\/li>\n<\/ul>","protected":false},"excerpt":{"rendered":"<p>Description IceRiver KS3 is designed in Sep 2023. It uses the KHeavyHash algorithm\u00a0and can reach a peak hashrate of 8 TH\/s\u00a0while consuming only\u00a03200W\u00a0of power. Specifications KAS Hashrate 8TH\/S(\u00b110%) Wall Power 3200W\/h(\u00b110%) Specifications 8TH 3200W Dimension(with packaging) 490\u00d7300\u00d7400(mm) Dimension 370\u00d7195\u00d7290(mm) Gross Weight 17.6kg Net Weight 14.7kg Connection ethernet Voltage Input 170-300V AC Operating Temp 0~35 \u2103 [&hellip;]<\/p>","protected":false},"featured_media":2072,"comment_status":"open","ping_status":"closed","template":"","meta":[],"product_brand":[],"product_cat":[36,85],"product_tag":[],"class_list":{"0":"post-2068","1":"product","2":"type-product","3":"status-publish","4":"has-post-thumbnail","6":"product_cat-iceriver","7":"product_cat-iceriver-kaspa-mining","9":"first","10":"outofstock","11":"shipping-taxable","12":"purchasable","13":"product-type-simple"},"_links":{"self":[{"href":"https:\/\/minersking.com\/de\/wp-json\/wp\/v2\/product\/2068","targetHints":{"allow":["GET"]}}],"collection":[{"href":"https:\/\/minersking.com\/de\/wp-json\/wp\/v2\/product"}],"about":[{"href":"https:\/\/minersking.com\/de\/wp-json\/wp\/v2\/types\/product"}],"replies":[{"embeddable":true,"href":"https:\/\/minersking.com\/de\/wp-json\/wp\/v2\/comments?post=2068"}],"wp:featuredmedia":[{"embeddable":true,"href":"https:\/\/minersking.com\/de\/wp-json\/wp\/v2\/media\/2072"}],"wp:attachment":[{"href":"https:\/\/minersking.com\/de\/wp-json\/wp\/v2\/media?parent=2068"}],"wp:term":[{"taxonomy":"product_brand","embeddable":true,"href":"https:\/\/minersking.com\/de\/wp-json\/wp\/v2\/product_brand?post=2068"},{"taxonomy":"product_cat","embeddable":true,"href":"https:\/\/minersking.com\/de\/wp-json\/wp\/v2\/product_cat?post=2068"},{"taxonomy":"product_tag","embeddable":true,"href":"https:\/\/minersking.com\/de\/wp-json\/wp\/v2\/product_tag?post=2068"}],"curies":[{"name":"wp","href":"https:\/\/api.w.org\/{rel}","templated":true}]}}