{"id":2073,"date":"2024-01-01T07:01:57","date_gmt":"2024-01-01T07:01:57","guid":{"rendered":"http:\/\/minersking.com\/?post_type=product&#038;p=2073"},"modified":"2024-08-30T06:27:54","modified_gmt":"2024-08-30T06:27:54","slug":"iceriver-ks3m-6th","status":"publish","type":"product","link":"https:\/\/minersking.com\/de\/produkt\/iceriver-ks3m-6th\/","title":{"rendered":"Iceriver KS3M Kaspa ASIC Miner (6TH\/s)"},"content":{"rendered":"<div class=\"woocommerce-tabs wc-tabs-wrapper\">\n<h2>Beschreibung<\/h2>\n<p><strong>IceRiver KS3M<\/strong> is designed in Sep 2023. It uses the <strong>KHeavyHash-Algorithmus<\/strong>\u00a0and can reach a peak hashrate of<strong> 6 TH\/s<\/strong>\u00a0und verbraucht dabei nur\u00a0<strong>3400W<\/strong>\u00a0der Macht.<\/p>\n<div class=\"table-wrapper\">\n<table width=\"1026\">\n<tbody>\n<tr>\n<td width=\"265\">KAS-Hashrate<\/td>\n<td width=\"265\">6.\/S(\u00b110%)<\/td>\n<\/tr>\n<tr>\n<td width=\"265\">Wandst\u00e4rke<\/td>\n<td width=\"265\">3400W\/h(\u00b110%)<\/td>\n<\/tr>\n<tr>\n<td width=\"265\">Spezifikationen<\/td>\n<td width=\"265\">6. 3400W<\/td>\n<\/tr>\n<tr>\n<td width=\"265\">Dimension (mit Verpackung)<\/td>\n<td width=\"265\">490\u00d7300\u00d7400 (mm)<\/td>\n<\/tr>\n<tr>\n<td width=\"265\">Abmessungen<\/td>\n<td width=\"265\">370\u00d7195\u00d7290 (mm)<\/td>\n<\/tr>\n<tr>\n<td width=\"265\">Bruttogewicht<\/td>\n<td width=\"265\">17,1 kg<\/td>\n<\/tr>\n<tr>\n<td width=\"265\">Nettogewicht<\/td>\n<td width=\"265\">14,4 kg<\/td>\n<\/tr>\n<tr>\n<td width=\"265\">Verbindung<\/td>\n<td width=\"265\">Ethernet<\/td>\n<\/tr>\n<tr>\n<td width=\"265\">Spannungseingang<\/td>\n<td width=\"265\">170\u2013300 V Wechselstrom<\/td>\n<\/tr>\n<tr>\n<td width=\"265\">Working Temp<\/td>\n<td width=\"265\">0~35 \u2103<\/td>\n<\/tr>\n<\/tbody>\n<\/table>\n<\/div>\n<\/div>\n<div>\n<h4 class=\"font-satoshi text-xl text-black dark:text-white md:text-xl lg:mb-2 lg:text-heading-5 xl:text-heading-5\">Algorithmen<\/h4>\n<p>Algorithmus: KHeavyHash<\/p>\n<p>Hashrate: 6TH\/s<\/p>\n<p>Verbrauch: 3400W<\/p>\n<p>Minable coins: Kaspa(KAS)<\/p>\n<h4>Luftgek\u00fchlter Kaspa-Bergmann<\/h4>\n<p>Iceriver released a new Kaspa miner called the KS3M in Sep 2023. It has a hashrate of 6 TH\/s and uses 3400 W of power to mine Kaspa coins.<\/p>\n<p>Die bekannte Marke Iceriver hat ihr Produkt f\u00fcr den KHeavyHash-Algorithmus fein optimiert. Es verf\u00fcgt \u00fcber ein Luftk\u00fchlungssystem, das dabei hilft, die w\u00e4hrend des Krypto-Mining-Prozesses entstehende W\u00e4rme abzuf\u00fchren. Wir empfehlen dieses Kaspa-Mining-Rig f\u00fcr alle, die Kaspa-M\u00fcnzen effizient und profitabel sch\u00fcrfen m\u00f6chten.<\/p>\n<h2>Weitere Informationen<\/h2>\n<ul>\n<li>Wenden Sie sich an uns, um mehr \u00fcber die Einzelheiten der verschiedenen Bestellungen zu erfahren. Dar\u00fcber hinaus kann in einigen L\u00e4ndern auch DDP (PRICE einschlie\u00dflich Versand- und Zollgeb\u00fchren) verf\u00fcgbar sein.<\/li>\n<li>Eine Bestellung oder Vorbestellung kann unter keinen Umst\u00e4nden storniert werden, da sie als endg\u00fcltig gilt, sobald sie von uns best\u00e4tigt wurde.<\/li>\n<\/ul>\n<\/div>","protected":false},"excerpt":{"rendered":"<p>Description IceRiver KS3M is designed in Sep 2023. It uses the KHeavyHash algorithm\u00a0and can reach a peak hashrate of 6 TH\/s\u00a0while consuming only\u00a03400W\u00a0of power. KAS Hashrate 6TH\/S(\u00b110%) Wall Power 3400W\/h(\u00b110%) Specifications 6TH 3400W Dimension(with packaging) 490\u00d7300\u00d7400(mm) Dimension 370\u00d7195\u00d7290(mm) Gross Weight 17.1kg Net Weight 14.4kg Connection ethernet Voltage Input 170-300V AC Working Temp 0~35 \u2103 Algorithms [&hellip;]<\/p>","protected":false},"featured_media":2079,"comment_status":"open","ping_status":"closed","template":"","meta":[],"product_brand":[],"product_cat":[36,85],"product_tag":[],"class_list":{"0":"post-2073","1":"product","2":"type-product","3":"status-publish","4":"has-post-thumbnail","6":"product_cat-iceriver","7":"product_cat-iceriver-kaspa-mining","9":"first","10":"instock","11":"featured","12":"shipping-taxable","13":"purchasable","14":"product-type-simple"},"_links":{"self":[{"href":"https:\/\/minersking.com\/de\/wp-json\/wp\/v2\/product\/2073","targetHints":{"allow":["GET"]}}],"collection":[{"href":"https:\/\/minersking.com\/de\/wp-json\/wp\/v2\/product"}],"about":[{"href":"https:\/\/minersking.com\/de\/wp-json\/wp\/v2\/types\/product"}],"replies":[{"embeddable":true,"href":"https:\/\/minersking.com\/de\/wp-json\/wp\/v2\/comments?post=2073"}],"wp:featuredmedia":[{"embeddable":true,"href":"https:\/\/minersking.com\/de\/wp-json\/wp\/v2\/media\/2079"}],"wp:attachment":[{"href":"https:\/\/minersking.com\/de\/wp-json\/wp\/v2\/media?parent=2073"}],"wp:term":[{"taxonomy":"product_brand","embeddable":true,"href":"https:\/\/minersking.com\/de\/wp-json\/wp\/v2\/product_brand?post=2073"},{"taxonomy":"product_cat","embeddable":true,"href":"https:\/\/minersking.com\/de\/wp-json\/wp\/v2\/product_cat?post=2073"},{"taxonomy":"product_tag","embeddable":true,"href":"https:\/\/minersking.com\/de\/wp-json\/wp\/v2\/product_tag?post=2073"}],"curies":[{"name":"wp","href":"https:\/\/api.w.org\/{rel}","templated":true}]}}