{"id":2085,"date":"2024-01-01T07:06:11","date_gmt":"2024-01-01T07:06:11","guid":{"rendered":"http:\/\/minersking.com\/?post_type=product&#038;p=2085"},"modified":"2024-09-23T10:18:06","modified_gmt":"2024-09-23T10:18:06","slug":"avalon-miner-a1246-93t","status":"publish","type":"product","link":"https:\/\/minersking.com\/de\/produkt\/avalon-miner-a1246-93t\/","title":{"rendered":"Canaan Avalon Miner A1246 Bitcoin Miner(93TH\/s)"},"content":{"rendered":"<h3>Beschreibung<\/h3>\n<p>Introducing the\u00a0<strong>Avalon Miner A1246<\/strong>\u00a0from Canaan, the ultimate solution for cryptocurrency mining. Boasting a powerful computing speed of<strong> 93 Th\/s<\/strong><\/p>\n<div class=\"table-wrapper\">\n<table>\n<tbody>\n<tr>\n<td width=\"564\">Produktblick<\/td>\n<td width=\"828\">Wert<\/td>\n<\/tr>\n<tr>\n<td width=\"564\">Hashrate<\/td>\n<td width=\"828\">93<\/td>\n<\/tr>\n<tr>\n<td width=\"564\">Energieverbrauch<\/td>\n<td width=\"828\">\u00a03420W<\/td>\n<\/tr>\n<tr>\n<td width=\"564\">Energie-Effizienz<\/td>\n<td width=\"828\">\u00a037J\/TH<\/td>\n<\/tr>\n<tr>\n<td width=\"564\">Eingangsspannung<\/td>\n<td width=\"828\">185\u2013285 V Wechselstrom<\/td>\n<\/tr>\n<tr>\n<td width=\"564\">K\u00fchlung<\/td>\n<td width=\"828\">\u00a04 x12038-L\u00dcFTER<\/td>\n<\/tr>\n<tr>\n<td width=\"564\">Betriebstemperatur<\/td>\n<td width=\"828\">-5\u2103~35\u2103<\/td>\n<\/tr>\n<tr>\n<td width=\"564\">L\u00e4rm<\/td>\n<td width=\"828\">75 dB (max.)<\/td>\n<\/tr>\n<tr>\n<td width=\"564\">Nettoabmessungen<\/td>\n<td width=\"828\">331 mm * 195 mm * 292 mm (13 * 8 * 12 Zoll)<\/td>\n<\/tr>\n<tr>\n<td width=\"564\">Nettogewicht<\/td>\n<td width=\"828\">12,8 kg<\/td>\n<\/tr>\n<tr>\n<td width=\"564\">Bruttoabmessungen<\/td>\n<td width=\"828\">\u00a0420 mm * 290 mm * 395 mm (17 * 12 * 16 Zoll)<\/td>\n<\/tr>\n<tr>\n<td width=\"564\">Bruttogewicht<\/td>\n<td width=\"828\">14,1 kg<\/td>\n<\/tr>\n<tr>\n<td width=\"564\">Zubeh\u00f6rteil<\/td>\n<td width=\"828\">Netzteil (ohne Netzkabel)<\/td>\n<\/tr>\n<\/tbody>\n<\/table>\n<\/div>\n<h4 class=\"font-satoshi text-xl text-black dark:text-white md:text-xl lg:mb-2 lg:text-heading-5 xl:text-heading-5\">Algorithmen<\/h4>\n<p>Algorithm: SHA-256<\/p>\n<p>Hashrate: 93 TH\/s<\/p>\n<p>Consumption: 3420W<\/p>\n<p>Minable coins: Bitcoin(BTC)<\/p>\n<h4>Air-Cooling Bitcoin Miner<\/h4>\n<p>Engineered with advanced chip technology and Canaan\u2019s commitment to innovation, the canaan avalon miner A1246 delivers exceptional reliability and maximizes mining profits, even in the \u201cpost-halving\u201d era. Upgrade your mining operations with this cutting-edge solution and stay ahead of the competition.<\/p>\n<h3>Weitere Informationen<\/h3>\n<ul>\n<li>Contact us to learn more about the details on different orders. DDP (PRICE including shipping and customs fees) may also be available in some countries.<\/li>\n<li>Eine Bestellung oder Vorbestellung kann unter keinen Umst\u00e4nden storniert werden, da sie als endg\u00fcltig gilt, sobald sie von uns best\u00e4tigt wurde.<\/li>\n<\/ul>","protected":false},"excerpt":{"rendered":"<p>Description Introducing the\u00a0Avalon Miner A1246\u00a0from Canaan, the ultimate solution for cryptocurrency mining. Boasting a powerful computing speed of 93 Th\/s Product\u00a0Glance Value Hashrate 93 Power Consumption \u00a03420W Power Efficiency \u00a037J\/TH Input Voltage 185-285V AC Cooling \u00a04 x12038 FANs Operating Temperature -5\u2103~35\u2103 Noise 75dB\uff08Max\uff09 Net Dimensions 331mm *195mm* 292mm (13*8*12 inch) Net Weight 12.8kg Gross Dimensions [&hellip;]<\/p>","protected":false},"featured_media":2710,"comment_status":"open","ping_status":"closed","template":"","meta":[],"product_brand":[],"product_cat":[38,60],"product_tag":[],"class_list":{"0":"post-2085","1":"product","2":"type-product","3":"status-publish","4":"has-post-thumbnail","6":"product_cat-avalon","7":"product_cat-avalon-btc-mining","9":"first","10":"outofstock","11":"shipping-taxable","12":"purchasable","13":"product-type-simple"},"_links":{"self":[{"href":"https:\/\/minersking.com\/de\/wp-json\/wp\/v2\/product\/2085","targetHints":{"allow":["GET"]}}],"collection":[{"href":"https:\/\/minersking.com\/de\/wp-json\/wp\/v2\/product"}],"about":[{"href":"https:\/\/minersking.com\/de\/wp-json\/wp\/v2\/types\/product"}],"replies":[{"embeddable":true,"href":"https:\/\/minersking.com\/de\/wp-json\/wp\/v2\/comments?post=2085"}],"wp:featuredmedia":[{"embeddable":true,"href":"https:\/\/minersking.com\/de\/wp-json\/wp\/v2\/media\/2710"}],"wp:attachment":[{"href":"https:\/\/minersking.com\/de\/wp-json\/wp\/v2\/media?parent=2085"}],"wp:term":[{"taxonomy":"product_brand","embeddable":true,"href":"https:\/\/minersking.com\/de\/wp-json\/wp\/v2\/product_brand?post=2085"},{"taxonomy":"product_cat","embeddable":true,"href":"https:\/\/minersking.com\/de\/wp-json\/wp\/v2\/product_cat?post=2085"},{"taxonomy":"product_tag","embeddable":true,"href":"https:\/\/minersking.com\/de\/wp-json\/wp\/v2\/product_tag?post=2085"}],"curies":[{"name":"wp","href":"https:\/\/api.w.org\/{rel}","templated":true}]}}