{"id":2320,"date":"2024-02-29T08:40:43","date_gmt":"2024-02-29T08:40:43","guid":{"rendered":"http:\/\/minersking.com\/?post_type=product&#038;p=2320"},"modified":"2024-09-06T04:59:36","modified_gmt":"2024-09-06T04:59:36","slug":"bitmain-antminer-ks5-kaspa-miner-20t","status":"publish","type":"product","link":"https:\/\/minersking.com\/de\/produkt\/bitmain-antminer-ks5-kaspa-miner-20t\/","title":{"rendered":"Bitmain Antminer KS5 Kaspa Miner (20TH\/s)"},"content":{"rendered":"<p><strong>NOTIZ:<\/strong><\/p>\n<p>1. Wenn der Benutzer das Produkt nicht gem\u00e4\u00df den angegebenen Anweisungen, Spezifikationen und Bedingungen verwendet oder die Funktionseinstellungen ohne vorherige Zustimmung von BITMAIN \u00e4ndert, haftet BITMAIN nicht f\u00fcr daraus resultierende Sch\u00e4den.<\/p>\n<p>(1-1) Der Hashrate-Wert, die Leistung an der Wand und die Leistungseffizienz an der Wand sind typische Werte. Der tats\u00e4chliche Hashrate-Wert schwankt um \u00b13%, und die tats\u00e4chliche Leistung an der Wand und die Leistungseffizienz an der Wand schwanken um \u00b15%.<\/p>\n<p>(2-1) Achtung: Eine falsche Eingangsspannung kann zu Serversch\u00e4den f\u00fchren.<\/p>\n<p>(2-2) \u200b\u200b\u200b\u200bEin 20A-Eingangskabel.<\/p>\n<p>(2-3) Achtung: Es wird dringend empfohlen, dass die Wandleistung des Bergmanns diesen Wert nicht \u00fcberschreitet.<\/p>\n<p>(2-4) Maximale Bedingung: Der L\u00fcfter hat die maximale Drehzahl (Umdrehung pro Minute) nicht erreicht.<\/p>\n<p>(2-5) Wenn der Bergmann in einer H\u00f6he von 900 m bis 2000 m eingesetzt wird, sinkt die h\u00f6chste Betriebstemperatur bei jedem Anstieg um 300 m um 1 \u00b0C.<\/p>\n<div class=\"table-wrapper\">\n<table>\n<tbody>\n<tr class=\"title\">\n<td>Produktblick<\/td>\n<td><\/td>\n<\/tr>\n<tr>\n<td>Modell<\/td>\n<td>KS5<\/td>\n<\/tr>\n<tr>\n<td>Ausf\u00fchrung<\/td>\n<td>KS1-20<\/td>\n<\/tr>\n<tr>\n<td>Sub<\/td>\n<td>Std<\/td>\n<\/tr>\n<tr>\n<td>Algorithmus | Kryptow\u00e4hrung<\/td>\n<td>kHeavyHash | KAS<\/td>\n<\/tr>\n<tr>\n<td>Hashrate, TH\/s<sup>(1-1)<\/sup><\/td>\n<td>20<\/td>\n<\/tr>\n<tr>\n<td>Stromversorgung an der Wand bei 25 \u00b0C, Watt<sup>(1-1)<\/sup><\/td>\n<td>3000<\/td>\n<\/tr>\n<tr>\n<td>Energieeffizienz an der Wand bei 25 \u00b0C, J\/T<sup>(1-1)<\/sup><\/td>\n<td>150<\/td>\n<\/tr>\n<\/tbody>\n<\/table>\n<\/div>\n<div class=\"table-wrapper\">\n<table>\n<tbody>\n<tr class=\"title\">\n<td>Detaillierte Eigenschaften<\/td>\n<td><\/td>\n<\/tr>\n<tr class=\"sub-title\">\n<td>Stromversorgung<\/td>\n<td><\/td>\n<\/tr>\n<tr>\n<td>Stromversorgung AC Eingangsspannungsbereich V<sup>(2-1)<\/sup><\/td>\n<td>220\u2013277 V Wechselstrom<\/td>\n<\/tr>\n<tr>\n<td>Netzteil AC-Eingangsfrequenzbereich, Hz<\/td>\n<td>47~63<\/td>\n<\/tr>\n<tr>\n<td>Stromversorgung AC Eingangsstrom, Ampere<sup>(2-2)<\/sup><\/td>\n<td>20<\/td>\n<\/tr>\n<tr>\n<td>Angepasster AC-Ausgangsleistungsbedarf W<sup>(2-3)<\/sup><\/td>\n<td>4000<\/td>\n<\/tr>\n<tr class=\"sub-title\">\n<td>Hardwarekonfiguration<\/td>\n<td><\/td>\n<\/tr>\n<tr>\n<td>Netzwerkverbindungsmodus<\/td>\n<td>RJ45 Ethernet 10\/100M<\/td>\n<\/tr>\n<tr>\n<td>Minergr\u00f6\u00dfe (L\u00e4nge*Breite*H\u00f6he, ohne Verpackung), mm<\/td>\n<td>430*195.5*290<\/td>\n<\/tr>\n<tr>\n<td>Minergr\u00f6\u00dfe (L\u00e4nge*Breite*H\u00f6he, mit Verpackung), mm<\/td>\n<td>570*316*430<\/td>\n<\/tr>\n<tr>\n<td>Nettogewicht \/ kg<\/td>\n<td>15.8<\/td>\n<\/tr>\n<tr>\n<td>Bruttogewicht, kg<\/td>\n<td>17.7<\/td>\n<\/tr>\n<tr>\n<td>L\u00e4rm, dBA@25\u00b0C<sup>(2-4)<\/sup><\/td>\n<td>76<\/td>\n<\/tr>\n<tr class=\"sub-title\">\n<td>Umgebungsanforderungen<\/td>\n<td><\/td>\n<\/tr>\n<tr>\n<td>Betriebstemperatur, \u00b0C<\/td>\n<td>0~40<\/td>\n<\/tr>\n<tr>\n<td>Lagertemperatur, \u00b0C<\/td>\n<td>-20~70<\/td>\n<\/tr>\n<tr>\n<td>Betriebsfeuchtigkeit (nicht kondensierend), RH<\/td>\n<td>10~90%<\/td>\n<\/tr>\n<tr>\n<td>Einsatzh\u00f6he, m<sup>(2-5)<\/sup><\/td>\n<td>\u22642000<\/td>\n<\/tr>\n<\/tbody>\n<\/table>\n<\/div>\n<p>&nbsp;<\/p>\n<h3>Weitere Informationen<\/h3>\n<p><strong>|<\/strong>\u00a0<strong>Einkaufsrichtlinien<\/strong><\/p>\n<ol>\n<li>Die Versandkosten, Zollgeb\u00fchren und Steuern (falls vorhanden) sind nicht im oben angegebenen Verkaufspreis enthalten. Bitte fragen Sie gerne nach Einzelheiten f\u00fcr eine andere Bestellung.<br \/>\nF\u00fcr einige L\u00e4nder kann auch ein DDP-Service (PREIS einschlie\u00dflich Zoll- und Versandkosten) angeboten werden.<\/li>\n<li>Die gezeigten Bilder dienen nur als Referenz; Ma\u00dfgeblich ist die endg\u00fcltige Auslieferungsversion.<\/li>\n<li>Wir bitten um Ihr Verst\u00e4ndnis, dass eine einmal bei der BITMARS Group aufgegebene Bestellung oder Vorbestellung als endg\u00fcltig gilt und nicht storniert werden kann.<\/li>\n<\/ol>\n<p><strong>| Versanddetails<\/strong><\/p>\n<ol>\n<li>F\u00fcr Bestellungen, f\u00fcr die MinersKing die vollst\u00e4ndige Zahlung erhalten hat, werden Lieferungen nach dem Prinzip \u201eWer zuerst bezahlt wird, mahlt zuerst\u201c geplant.<\/li>\n<li>Bei Vorbestellungen unterliegt der konkrete Liefertermin der Fabrik. Sollte es eine Aktualisierung des Zeitplans geben, wird MinersKing den K\u00e4ufer umfassend informieren.<\/li>\n<li>Klicken Sie hier, um Konformit\u00e4tszertifikate herunterzuladen und zus\u00e4tzliche Informationen zur Zollabfertigung f\u00fcr MinersKing-Produkte zu erhalten.<\/li>\n<\/ol>\n<p><strong>| Garantie<\/strong><\/p>\n<ol>\n<li>Bitte beachten Sie, dass die Garantie f\u00fcr neue Bergleute der Marke 100% 12 Monate\/6 Monate (im Rahmen unterschiedlicher Richtlinien des Werks) ab der Produktion ab Werk betr\u00e4gt.<\/li>\n<li>MinersKing \u00fcbernimmt die Versandkosten f\u00fcr den Versand eines Ersatzger\u00e4ts innerhalb der Garantiezeit.<\/li>\n<li>Wenn der Benutzer das Produkt nicht gem\u00e4\u00df den angegebenen Anweisungen, Spezifikationen und Bedingungen verwendet oder die Funktionseinstellungen des Ger\u00e4ts ohne vorherige Zustimmung von MinersKing \u00e4ndert, haftet MinersKing nicht f\u00fcr daraus resultierende Sch\u00e4den.<\/li>\n<\/ol>","protected":false},"excerpt":{"rendered":"<p>Modell\u00a0<b>Antminer KS5\u00a0<\/b>aus\u00a0<b>Bitmain\u00a0<\/b><strong>Bergbau<\/strong>\u00a0KHeavyHash-Algorithmus<b>\u00a0<\/b>mit einer maximalen Hashrate von\u00a0<strong>20.<\/strong><b>\u00a0<\/b>f\u00fcr einen Stromverbrauch von\u00a0<strong>3000W<\/strong><b>.<\/b><\/p>\n<p>Aufgrund der schnellen Marktver\u00e4nderungen k\u00f6nnen die Minerpreise auch innerhalb eines kurzen Zeitraums mehrfach schwanken. Bitte best\u00e4tigen Sie den Preis mit unserem Vertrieb, bevor Sie die Zahlung vornehmen.<\/p>","protected":false},"featured_media":2712,"comment_status":"open","ping_status":"closed","template":"","meta":[],"product_brand":[],"product_cat":[33,49],"product_tag":[],"class_list":{"0":"post-2320","1":"product","2":"type-product","3":"status-publish","4":"has-post-thumbnail","6":"product_cat-antminer","7":"product_cat-kaspa-mining","9":"first","10":"instock","11":"shipping-taxable","12":"purchasable","13":"product-type-simple"},"_links":{"self":[{"href":"https:\/\/minersking.com\/de\/wp-json\/wp\/v2\/product\/2320","targetHints":{"allow":["GET"]}}],"collection":[{"href":"https:\/\/minersking.com\/de\/wp-json\/wp\/v2\/product"}],"about":[{"href":"https:\/\/minersking.com\/de\/wp-json\/wp\/v2\/types\/product"}],"replies":[{"embeddable":true,"href":"https:\/\/minersking.com\/de\/wp-json\/wp\/v2\/comments?post=2320"}],"wp:featuredmedia":[{"embeddable":true,"href":"https:\/\/minersking.com\/de\/wp-json\/wp\/v2\/media\/2712"}],"wp:attachment":[{"href":"https:\/\/minersking.com\/de\/wp-json\/wp\/v2\/media?parent=2320"}],"wp:term":[{"taxonomy":"product_brand","embeddable":true,"href":"https:\/\/minersking.com\/de\/wp-json\/wp\/v2\/product_brand?post=2320"},{"taxonomy":"product_cat","embeddable":true,"href":"https:\/\/minersking.com\/de\/wp-json\/wp\/v2\/product_cat?post=2320"},{"taxonomy":"product_tag","embeddable":true,"href":"https:\/\/minersking.com\/de\/wp-json\/wp\/v2\/product_tag?post=2320"}],"curies":[{"name":"wp","href":"https:\/\/api.w.org\/{rel}","templated":true}]}}