{"id":2340,"date":"2024-04-07T06:34:19","date_gmt":"2024-04-07T06:34:19","guid":{"rendered":"http:\/\/minersking.com\/?post_type=product&#038;p=2340"},"modified":"2024-08-30T06:20:24","modified_gmt":"2024-08-30T06:20:24","slug":"iceriver-ks5l-kaspa-miner-12th-s","status":"publish","type":"product","link":"https:\/\/minersking.com\/de\/produkt\/iceriver-ks5l-kaspa-miner-12th-s\/","title":{"rendered":"Iceriver KS5L Kaspa ASIC Miner (12Th\/s)"},"content":{"rendered":"<h2>Beschreibung<\/h2>\n<p><strong>IceRiver<\/strong> hat im Juni 2024 den KS5L auf den Markt gebracht, der mit dem <strong>KHeavyHash-Algorithmus<\/strong>. Es kann eine maximale Hashrate von <strong>12 TH\/s<\/strong> und verbraucht dabei nur <strong>3400W<\/strong> der Macht.<\/p>\n<h2>Spezifikationen<\/h2>\n<table class=\"table table-striped\">\n<tbody>\n<tr>\n<th scope=\"row\">Marke<\/th>\n<td>Iceriver<\/td>\n<\/tr>\n<tr>\n<th scope=\"row\">Modell<\/th>\n<td>KS5L<\/td>\n<\/tr>\n<tr>\n<th scope=\"row\">Also called<\/th>\n<td>Iceriver KS5L KAS Bergmann<\/td>\n<\/tr>\n<tr>\n<th scope=\"row\">Launch<\/th>\n<td>April 2024<\/td>\n<\/tr>\n<tr>\n<th scope=\"row\">Nettogewicht<\/th>\n<td>15000g<\/td>\n<\/tr>\n<tr>\n<th scope=\"row\">Bruttogewicht<\/th>\n<td>16500g<\/td>\n<\/tr>\n<tr>\n<th scope=\"row\">Ger\u00e4uschpegel<\/th>\n<td>75db<\/td>\n<\/tr>\n<tr>\n<th scope=\"row\">Size without\u00a0 package<\/th>\n<td>370 x 195 x 290 mm<\/td>\n<\/tr>\n<tr>\n<th scope=\"row\">Gr\u00f6\u00dfe mit<\/th>\n<td>490 x 300 x 400 mm<\/td>\n<\/tr>\n<tr>\n<th scope=\"row\">Spannung<\/th>\n<td>170-300V<\/td>\n<\/tr>\n<tr>\n<th scope=\"row\">Leistung<\/th>\n<td>3400W<\/td>\n<\/tr>\n<tr>\n<th scope=\"row\">Netzwerkanschluss<\/th>\n<td>Ethernet<\/td>\n<\/tr>\n<tr>\n<th scope=\"row\">Temperatur<\/th>\n<td>0 - 35 \u00b0C<\/td>\n<\/tr>\n<\/tbody>\n<\/table>\n<h4 class=\"font-satoshi text-xl text-black dark:text-white md:text-xl lg:mb-2 lg:text-heading-5 xl:text-heading-5\">Algorithmen<\/h4>\n<p>Algorithmus: KHeavyHash<\/p>\n<p>Hashrate: 12Th\/s<\/p>\n<p>Verbrauch: 3400W<\/p>\n<p>Abbaubare M\u00fcnzen: Kaspa<\/p>\n<h4>Luftgek\u00fchlter Kaspa-Bergmann<\/h4>\n<p>Iceriver hat im April 2024 einen neuen Kaspa-Miner namens KS5L ver\u00f6ffentlicht. Er hat eine Hashrate von 12 TH\/s und verbraucht 3400 W Energie zum Mining von Kaspa-M\u00fcnzen. Mit seiner effizienten Leistung und seinem geringen Stromverbrauch geh\u00f6rt der Iceriver KS5L zu den besten Minern f\u00fcr Kaspa-M\u00fcnzen.<\/p>\n<p>Die bekannte Marke Iceriver hat ihr Produkt f\u00fcr den KHeavyHash-Algorithmus fein optimiert. Es verf\u00fcgt \u00fcber ein Luftk\u00fchlungssystem, das dabei hilft, die w\u00e4hrend des Krypto-Mining-Prozesses entstehende W\u00e4rme abzuf\u00fchren. Wir empfehlen dieses Kaspa-Mining-Rig f\u00fcr alle, die Kaspa-M\u00fcnzen effizient und profitabel sch\u00fcrfen m\u00f6chten.<\/p>","protected":false},"excerpt":{"rendered":"<p>Description IceRiver launched the KS5L in June 2024, which uses the KHeavyHash algorithm. It can achieve a maximum hashrate of 12 TH\/s while consuming only 3400W of power. Specifications Brand Iceriver Model KS5L Also called Iceriver KS5L KAS Miner Launch April 2024 Net Weight 15000g Gross Weight 16500g Noise level 75db Size without\u00a0 package 370 [&hellip;]<\/p>","protected":false},"featured_media":2650,"comment_status":"open","ping_status":"closed","template":"","meta":[],"product_brand":[],"product_cat":[81,36],"product_tag":[],"class_list":{"0":"post-2340","1":"product","2":"type-product","3":"status-publish","4":"has-post-thumbnail","6":"product_cat-hot-selling","7":"product_cat-iceriver","9":"first","10":"instock","11":"shipping-taxable","12":"purchasable","13":"product-type-simple"},"_links":{"self":[{"href":"https:\/\/minersking.com\/de\/wp-json\/wp\/v2\/product\/2340","targetHints":{"allow":["GET"]}}],"collection":[{"href":"https:\/\/minersking.com\/de\/wp-json\/wp\/v2\/product"}],"about":[{"href":"https:\/\/minersking.com\/de\/wp-json\/wp\/v2\/types\/product"}],"replies":[{"embeddable":true,"href":"https:\/\/minersking.com\/de\/wp-json\/wp\/v2\/comments?post=2340"}],"wp:featuredmedia":[{"embeddable":true,"href":"https:\/\/minersking.com\/de\/wp-json\/wp\/v2\/media\/2650"}],"wp:attachment":[{"href":"https:\/\/minersking.com\/de\/wp-json\/wp\/v2\/media?parent=2340"}],"wp:term":[{"taxonomy":"product_brand","embeddable":true,"href":"https:\/\/minersking.com\/de\/wp-json\/wp\/v2\/product_brand?post=2340"},{"taxonomy":"product_cat","embeddable":true,"href":"https:\/\/minersking.com\/de\/wp-json\/wp\/v2\/product_cat?post=2340"},{"taxonomy":"product_tag","embeddable":true,"href":"https:\/\/minersking.com\/de\/wp-json\/wp\/v2\/product_tag?post=2340"}],"curies":[{"name":"wp","href":"https:\/\/api.w.org\/{rel}","templated":true}]}}