{"id":2445,"date":"2024-05-21T06:51:14","date_gmt":"2024-05-21T06:51:14","guid":{"rendered":"http:\/\/minersking.com\/?post_type=product&#038;p=2445"},"modified":"2024-08-21T10:40:09","modified_gmt":"2024-08-21T10:40:09","slug":"immersion-cooling-kit-c2","status":"publish","type":"product","link":"https:\/\/minersking.com\/de\/produkt\/immersion-cooling-kit-c2\/","title":{"rendered":"Eintauchk\u00fchlungs-Kit C2"},"content":{"rendered":"<h3>Spezifikationen<\/h3>\n<p><strong>1. C2 Tank<\/strong><\/p>\n<div title=\"\u00d6l #Immersion Cooling Kit C2 12kW Home Office #Mining #Overclocking\">\n<table>\n<tbody>\n<tr>\n<td>\u00c4u\u00dfere Gr\u00f6\u00dfe<\/td>\n<td>455(L)*508(W)*536(H)mm<br \/>\n17.91(L)*20(W)*21.1(H)in<\/td>\n<\/tr>\n<tr>\n<td>Innere Gr\u00f6\u00dfe<\/td>\n<td>398(L)*298(W)*392(H)mm<br \/>\n15.67(L)*11.73(W)*15.43(H)in<\/td>\n<\/tr>\n<tr>\n<td>Nettogewicht<\/td>\n<td>40,6kg\/89,5Ib<\/td>\n<\/tr>\n<tr>\n<td>K\u00fchlmittelmenge<\/td>\n<td>80L<\/td>\n<\/tr>\n<tr>\n<td width=\"284\">Eingangsspannung<\/td>\n<td width=\"284\">Einphasig 200-240V<br \/>\n50\/60Hz<\/td>\n<\/tr>\n<tr>\n<td width=\"284\">Leistung<\/td>\n<td width=\"284\">180W(220V 50Hz)<\/td>\n<\/tr>\n<tr>\n<td>Anzeige<\/td>\n<td>1,32 \"OLED-Bildschirm<\/td>\n<\/tr>\n<tr>\n<td>Einlass-\/Auslass-Temperatur<\/td>\n<td>45\/60\u2103<\/td>\n<\/tr>\n<\/tbody>\n<\/table>\n<\/div>\n<p><strong>2. C2-Trockenk\u00fchler<\/strong><\/p>\n<table>\n<tbody>\n<tr>\n<td width=\"284\">Gr\u00f6\u00dfe<\/td>\n<td width=\"284\">1076(L)*285(W)*531(H)mm<br \/>\n42.36(L)*111.22(W)*20.9(H)in<\/td>\n<\/tr>\n<tr>\n<td>Leistung<\/td>\n<td>5-400W(220V 50Hz)<\/td>\n<\/tr>\n<tr>\n<td>Eingangsspannung<\/td>\n<td>Einphasig 200-240V 50\/60Hz<\/td>\n<\/tr>\n<tr>\n<td>Nettogewicht<\/td>\n<td>43,3kg\/95,5Ib<\/td>\n<\/tr>\n<tr>\n<td width=\"284\">Intelligente Geschwindigkeitseinstellung<\/td>\n<td width=\"284\">Automatische Anpassung der Geschwindigkeit an die Temperatur<\/td>\n<\/tr>\n<tr>\n<td>K\u00fchlleistung<\/td>\n<td>12kW@35\u210312kW@95\u2109<\/td>\n<\/tr>\n<tr>\n<td width=\"284\">L\u00e4rm<\/td>\n<td width=\"284\">68dB(A) 10m<\/td>\n<\/tr>\n<tr>\n<td width=\"284\">EC-Ventilator<\/td>\n<td width=\"284\">2 St\u00fcck<\/td>\n<\/tr>\n<\/tbody>\n<\/table>","protected":false},"excerpt":{"rendered":"<p>Specifications 1. C2 Tank Outer Size 455(L)*508(W)*536(H)mm 17.91(L)*20(W)*21.1(H)in Inner Size 398(L)*298(W)*392(H)mm 15.67(L)*11.73(W)*15.43(H)in Net Weight 40.6kg\/89.5Ib Coolant Volume 80L Input Voltage Single-phase 200-240V 50\/60Hz Power 180W(220V 50Hz) Display 1.32\u201dOLED Screen Inlet\/Outlet Temp 45\/60\u2103 2. C2 Dry Cooler Size 1076(L)*285(W)*531(H)mm 42.36(L)*111.22(W)*20.9(H)in Power 5-400W(220V 50Hz) Input Voltage Single-phase 200-240V 50\/60Hz Net Weight 43.3kg\/95.5Ib Intelligent Speed Tuning Automatically adjust [&hellip;]<\/p>","protected":false},"featured_media":2446,"comment_status":"open","ping_status":"closed","template":"","meta":[],"product_brand":[],"product_cat":[81,73,74],"product_tag":[],"class_list":{"0":"post-2445","1":"product","2":"type-product","3":"status-publish","4":"has-post-thumbnail","6":"product_cat-hot-selling","7":"product_cat-mining-solution","8":"product_cat-c-series-for-home-mining","10":"first","11":"instock","12":"shipping-taxable","13":"purchasable","14":"product-type-simple"},"_links":{"self":[{"href":"https:\/\/minersking.com\/de\/wp-json\/wp\/v2\/product\/2445","targetHints":{"allow":["GET"]}}],"collection":[{"href":"https:\/\/minersking.com\/de\/wp-json\/wp\/v2\/product"}],"about":[{"href":"https:\/\/minersking.com\/de\/wp-json\/wp\/v2\/types\/product"}],"replies":[{"embeddable":true,"href":"https:\/\/minersking.com\/de\/wp-json\/wp\/v2\/comments?post=2445"}],"wp:featuredmedia":[{"embeddable":true,"href":"https:\/\/minersking.com\/de\/wp-json\/wp\/v2\/media\/2446"}],"wp:attachment":[{"href":"https:\/\/minersking.com\/de\/wp-json\/wp\/v2\/media?parent=2445"}],"wp:term":[{"taxonomy":"product_brand","embeddable":true,"href":"https:\/\/minersking.com\/de\/wp-json\/wp\/v2\/product_brand?post=2445"},{"taxonomy":"product_cat","embeddable":true,"href":"https:\/\/minersking.com\/de\/wp-json\/wp\/v2\/product_cat?post=2445"},{"taxonomy":"product_tag","embeddable":true,"href":"https:\/\/minersking.com\/de\/wp-json\/wp\/v2\/product_tag?post=2445"}],"curies":[{"name":"wp","href":"https:\/\/api.w.org\/{rel}","templated":true}]}}