{"id":2465,"date":"2024-05-21T07:24:05","date_gmt":"2024-05-21T07:24:05","guid":{"rendered":"http:\/\/minersking.com\/?post_type=product&#038;p=2465"},"modified":"2024-08-21T10:57:52","modified_gmt":"2024-08-21T10:57:52","slug":"immersion-cooling-suite-m6","status":"publish","type":"product","link":"https:\/\/minersking.com\/de\/produkt\/immersion-cooling-suite-m6\/","title":{"rendered":"Eintauchk\u00fchlung Suite M6"},"content":{"rendered":"<h3><strong>Spezifikationen<\/strong><\/h3>\n<p><strong>1. M20 Tank<\/strong><\/p>\n<table>\n<tbody>\n<tr>\n<td>\u00c4u\u00dfere Gr\u00f6\u00dfe<\/td>\n<td>1982(L)*774(W)*1072(H)mm<\/td>\n<\/tr>\n<tr>\n<td>G.W.<\/td>\n<td>172 kg<\/td>\n<\/tr>\n<tr>\n<td>Eingangsspannung<\/td>\n<td>3-phasig 350-480V 50\/60Hz<\/td>\n<\/tr>\n<tr>\n<td>Volumen des K\u00fchlmittels<\/td>\n<td>700 L<\/td>\n<\/tr>\n<tr>\n<td>Leistung<\/td>\n<td>12kW(Max)<\/td>\n<\/tr>\n<tr>\n<td>L\u00e4rm<\/td>\n<td>45dB(A)<\/td>\n<\/tr>\n<tr>\n<td>Fl\u00fcssigkeit ein\/aus<\/td>\n<td>12\u00b0C<\/td>\n<\/tr>\n<tr>\n<td>Kapazit\u00e4t<\/td>\n<td>20* M56\/M66<\/td>\n<\/tr>\n<\/tbody>\n<\/table>\n<p><strong>2. Trockenk\u00fchler<\/strong><\/p>\n<table>\n<tbody>\n<tr>\n<td>Gr\u00f6\u00dfe<\/td>\n<td>1500(L)*1200(B)*900(H) mm<\/td>\n<\/tr>\n<tr>\n<td>Leistung<\/td>\n<td>10-1800W(220V 50Hz)<\/td>\n<\/tr>\n<tr>\n<td>Eingangsspannung<\/td>\n<td>3-phasig 300-400V 50\/60Hz<\/td>\n<\/tr>\n<tr>\n<td>G.W.<\/td>\n<td>200 kg<\/td>\n<\/tr>\n<tr>\n<td>L\u00e4rm<\/td>\n<td>68dB(A) 10m<\/td>\n<\/tr>\n<tr>\n<td>K\u00fchlleistung<\/td>\n<td>Hochleistungsmodus @35\u00b0C<\/p>\n<p>Normaler Betrieb @40\u00b0C<\/td>\n<\/tr>\n<\/tbody>\n<\/table>","protected":false},"excerpt":{"rendered":"<p>Specifications 1. M20 Tank Outer size 1982(L)*774(W)*1072(H)mm G.W. 172 kg Input voltage 3-phase 350-480V 50\/60Hz Coolant volume 700 L Power 12kW(Max) Noise 45dB(A) Fluid in\/out 12\u00b0C Capacity 20* M56\/M66 2. Dry Cooler Size 1500(L)*1200(W)*900(H) mm Power 10-1800W(220V 50Hz) Input voltage 3-phase 300-400V 50\/60Hz G.W. 200 kg Noise 68dB(A) 10m Cooling capacity High-performance mode @35\u00b0C Normal [&hellip;]<\/p>","protected":false},"featured_media":2466,"comment_status":"open","ping_status":"closed","template":"","meta":[],"product_brand":[],"product_cat":[73,76],"product_tag":[],"class_list":{"0":"post-2465","1":"product","2":"type-product","3":"status-publish","4":"has-post-thumbnail","6":"product_cat-mining-solution","7":"product_cat-m-series-for-whatsminer-m56-m66","9":"first","10":"instock","11":"shipping-taxable","12":"purchasable","13":"product-type-simple"},"_links":{"self":[{"href":"https:\/\/minersking.com\/de\/wp-json\/wp\/v2\/product\/2465","targetHints":{"allow":["GET"]}}],"collection":[{"href":"https:\/\/minersking.com\/de\/wp-json\/wp\/v2\/product"}],"about":[{"href":"https:\/\/minersking.com\/de\/wp-json\/wp\/v2\/types\/product"}],"replies":[{"embeddable":true,"href":"https:\/\/minersking.com\/de\/wp-json\/wp\/v2\/comments?post=2465"}],"wp:featuredmedia":[{"embeddable":true,"href":"https:\/\/minersking.com\/de\/wp-json\/wp\/v2\/media\/2466"}],"wp:attachment":[{"href":"https:\/\/minersking.com\/de\/wp-json\/wp\/v2\/media?parent=2465"}],"wp:term":[{"taxonomy":"product_brand","embeddable":true,"href":"https:\/\/minersking.com\/de\/wp-json\/wp\/v2\/product_brand?post=2465"},{"taxonomy":"product_cat","embeddable":true,"href":"https:\/\/minersking.com\/de\/wp-json\/wp\/v2\/product_cat?post=2465"},{"taxonomy":"product_tag","embeddable":true,"href":"https:\/\/minersking.com\/de\/wp-json\/wp\/v2\/product_tag?post=2465"}],"curies":[{"name":"wp","href":"https:\/\/api.w.org\/{rel}","templated":true}]}}