{"id":2470,"date":"2024-05-21T07:30:33","date_gmt":"2024-05-21T07:30:33","guid":{"rendered":"http:\/\/minersking.com\/?post_type=product&#038;p=2470"},"modified":"2024-08-21T10:58:52","modified_gmt":"2024-08-21T10:58:52","slug":"mc40-immersion-cooling-container","status":"publish","type":"product","link":"https:\/\/minersking.com\/de\/produkt\/mc40-immersion-cooling-container\/","title":{"rendered":"MC40 - Eintauch-K\u00fchlbeh\u00e4lter"},"content":{"rendered":"<h3>Spezifikationen<\/h3>\n<div class=\"wd-negative-gap elementor-element elementor-element-33ba7dd e-flex e-con-boxed e-con e-parent\" data-id=\"33ba7dd\" data-element_type=\"container\" data-settings=\"{&quot;content_width&quot;:&quot;boxed&quot;}\" data-core-v316-plus=\"true\">\n<div class=\"e-con-inner\">\n<div class=\"elementor-element elementor-element-0145574 elementor-widget elementor-widget-wd_text_block\" data-id=\"0145574\" data-element_type=\"widget\" data-widget_type=\"wd_text_block.default\">\n<div class=\"elementor-widget-container\">\n<div class=\"wd-text-block reset-last-child text-left\">\n<table>\n<tbody>\n<tr>\n<td width=\"284\">\u00c4u\u00dfere Gr\u00f6\u00dfe<\/td>\n<td width=\"284\">12192*2438*2896<\/td>\n<\/tr>\n<tr>\n<td>Betriebsgewicht (T)<\/td>\n<td>\u00a023<\/td>\n<\/tr>\n<tr>\n<td width=\"284\">K\u00fchlmittelvolumen (L)<\/td>\n<td width=\"284\">13000<\/td>\n<\/tr>\n<tr>\n<td width=\"284\">K\u00fchlungsmodus<\/td>\n<td width=\"284\">\u00a0Einzelne Schleife<\/td>\n<\/tr>\n<tr>\n<td width=\"284\">Bergmannskapazit\u00e4t<\/td>\n<td width=\"284\">320 M66\/M56<\/td>\n<\/tr>\n<tr>\n<td>Tank Menge<\/td>\n<td>M20 Tank * 16<\/td>\n<\/tr>\n<tr>\n<td>Temperatur in der Umgebung<\/td>\n<td>-25\u00b0C~ 55\u00b0C<\/td>\n<\/tr>\n<tr>\n<td>Eingangsspannung<\/td>\n<td>3-phasig 350-480V 50\/60Hz<\/td>\n<\/tr>\n<tr>\n<td>Maximale Leistungsaufnahme (kW)<\/td>\n<td>2632<\/td>\n<\/tr>\n<tr>\n<td>Ausgangsspannung<\/td>\n<td>3-phasig 350-480V 50\/60Hz<\/td>\n<\/tr>\n<tr>\n<td>Sicherheitszertifizierung<\/td>\n<td>CE\/UL<\/td>\n<\/tr>\n<tr>\n<td>Betriebsleistung(kW)<\/td>\n<td>124<\/td>\n<\/tr>\n<tr>\n<td>Stromverteilerschr\u00e4nke(A)<\/td>\n<td>2000A*2<\/td>\n<\/tr>\n<tr>\n<td>Intelligente PDU<\/td>\n<td>16<\/td>\n<\/tr>\n<tr>\n<td>Intelligenter Z\u00e4hler<\/td>\n<td>\u221a<\/td>\n<\/tr>\n<tr>\n<td>K\u00fchlleistung(kW)<\/td>\n<td>2240<\/td>\n<\/tr>\n<tr>\n<td>Art der K\u00fchlung<\/td>\n<td>Trockenk\u00fchler \/ Geschlossener Wasserk\u00fchlturm<\/td>\n<\/tr>\n<tr>\n<td>Maximale Einlasstemperatur (\u2103)<\/td>\n<td>47<\/td>\n<\/tr>\n<tr>\n<td>Maximale Austrittstemperatur (\u2103)<\/td>\n<td>60<\/td>\n<\/tr>\n<tr>\n<td>Entwurfs-Referenztemperatur (\u2103)<\/td>\n<td>30<\/td>\n<\/tr>\n<tr>\n<td>Container-Zertifizierung<\/td>\n<td>Zertifizierung der chinesischen Klassifizierungsgesellschaft<\/td>\n<\/tr>\n<tr>\n<td>Container-Komponenten<\/td>\n<td>Einschlie\u00dflich LED-Beleuchtungssystem, Bel\u00fcftungssystem, Luftfilter, Ferntemperatursensoren, Fernrauchsensoren, CCTV<\/td>\n<\/tr>\n<tr>\n<td>Fernverwaltung<\/td>\n<td>Unterst\u00fctzung der Fern\u00fcberwachung des Fl\u00fcssigkeitsk\u00fchlsystems (Fl\u00fcssigkeitsstand, Temperatur, Spannung usw.)<\/td>\n<\/tr>\n<tr>\n<td>Lebenszyklus von Dienstleistungen<\/td>\n<td>10 Jahre<\/td>\n<\/tr>\n<\/tbody>\n<\/table>\n<\/div>\n<\/div>\n<\/div>\n<\/div>\n<\/div>","protected":false},"excerpt":{"rendered":"<p>Specifications Outer size 12192*2438*2896 Operating Weight (T) \u00a023 Coolant Volume (L) 13000 Cooling Mode \u00a0Single loop Miner Capacity 320 M66\/M56 Tank Quantity M20 Tank * 16 Ambient Temperature -25\u00b0C~ 55\u00b0C Input Voltage 3-phase 350-480V 50\/60Hz Max Power Load (kW) 2632 Output Voltage 3-phase 350-480V 50\/60Hz Safety Certification CE\/UL Operating Power(kW) 124 Power Distribution Cabinets(A) 2000A*2 [&hellip;]<\/p>","protected":false},"featured_media":2471,"comment_status":"open","ping_status":"closed","template":"","meta":[],"product_brand":[],"product_cat":[73,76],"product_tag":[],"class_list":{"0":"post-2470","1":"product","2":"type-product","3":"status-publish","4":"has-post-thumbnail","6":"product_cat-mining-solution","7":"product_cat-m-series-for-whatsminer-m56-m66","9":"first","10":"instock","11":"shipping-taxable","12":"purchasable","13":"product-type-simple"},"_links":{"self":[{"href":"https:\/\/minersking.com\/de\/wp-json\/wp\/v2\/product\/2470","targetHints":{"allow":["GET"]}}],"collection":[{"href":"https:\/\/minersking.com\/de\/wp-json\/wp\/v2\/product"}],"about":[{"href":"https:\/\/minersking.com\/de\/wp-json\/wp\/v2\/types\/product"}],"replies":[{"embeddable":true,"href":"https:\/\/minersking.com\/de\/wp-json\/wp\/v2\/comments?post=2470"}],"wp:featuredmedia":[{"embeddable":true,"href":"https:\/\/minersking.com\/de\/wp-json\/wp\/v2\/media\/2471"}],"wp:attachment":[{"href":"https:\/\/minersking.com\/de\/wp-json\/wp\/v2\/media?parent=2470"}],"wp:term":[{"taxonomy":"product_brand","embeddable":true,"href":"https:\/\/minersking.com\/de\/wp-json\/wp\/v2\/product_brand?post=2470"},{"taxonomy":"product_cat","embeddable":true,"href":"https:\/\/minersking.com\/de\/wp-json\/wp\/v2\/product_cat?post=2470"},{"taxonomy":"product_tag","embeddable":true,"href":"https:\/\/minersking.com\/de\/wp-json\/wp\/v2\/product_tag?post=2470"}],"curies":[{"name":"wp","href":"https:\/\/api.w.org\/{rel}","templated":true}]}}