{"id":2508,"date":"2024-05-31T04:16:54","date_gmt":"2024-05-31T04:16:54","guid":{"rendered":"http:\/\/minersking.com\/?post_type=product&#038;p=2508"},"modified":"2024-08-23T10:04:08","modified_gmt":"2024-08-23T10:04:08","slug":"bitmain-antminer-s21-pro-234t-btc-miner","status":"publish","type":"product","link":"https:\/\/minersking.com\/de\/produkt\/bitmain-antminer-s21-pro-234t-btc-miner\/","title":{"rendered":"Bitmain Antminer S21 Pro BTC Miner (234TH\/s)"},"content":{"rendered":"<div class=\"woocommerce-tabs wc-tabs-wrapper\" data-type=\"type-1:center\">\n<h2 style=\"text-align: left;\">Beschreibung<\/h2>\n<p style=\"text-align: left;\"><strong>Bitmain Antminer S21 Pro<\/strong> is designed in June 2024. It uses the \u00a0<strong><span class=\"font-semibold text-dark\/70 dark:text-white\/70\">SHA-256<\/span>\u00a0Algorithmus<\/strong>\u00a0and can reach a peak hashrate of<strong> 234 TH\/s<\/strong> while consuming <strong>3510W<\/strong>\u00a0der Macht.<\/p>\n<h2 style=\"text-align: left;\">Spezifikation<\/h2>\n<table width=\"1026\">\n<tbody>\n<tr>\n<td width=\"265\">Hashrate<\/td>\n<td width=\"265\">234TH\/s<\/td>\n<\/tr>\n<tr>\n<td width=\"265\">Leistung<\/td>\n<td width=\"265\">3510W<\/td>\n<\/tr>\n<tr>\n<td width=\"265\">Launch<\/td>\n<td width=\"265\">Juni 2024<\/td>\n<\/tr>\n<tr>\n<td width=\"265\">Size without package<\/td>\n<td width=\"265\">450*219*293 (mm)<\/td>\n<\/tr>\n<tr>\n<td width=\"265\">Size with package<\/td>\n<td width=\"265\">640*360*450 (mm)<\/td>\n<\/tr>\n<tr>\n<td width=\"265\">Bruttogewicht<\/td>\n<td width=\"265\">21.5kg<\/td>\n<\/tr>\n<tr>\n<td width=\"265\">Nettogewicht<\/td>\n<td width=\"265\">18.5kg<\/td>\n<\/tr>\n<tr>\n<td width=\"265\">Netzwerkanschluss<\/td>\n<td width=\"265\">Ethernet<\/td>\n<\/tr>\n<tr>\n<td width=\"265\">Spannungseingang<\/td>\n<td width=\"265\">220~277 V<\/td>\n<\/tr>\n<tr>\n<td width=\"265\">Arbeitstemperatur<\/td>\n<td width=\"265\">-20~45 \u2103<\/td>\n<\/tr>\n<\/tbody>\n<\/table>\n<\/div>\n<div>\n<h4 class=\"font-satoshi text-xl text-black dark:text-white md:text-xl lg:mb-2 lg:text-heading-5 xl:text-heading-5\" style=\"text-align: left;\">Algorithmen<\/h4>\n<p style=\"text-align: left;\">Algorithm: <span class=\"font-semibold text-dark\/70 dark:text-white\/70\">SHA-256<\/span><\/p>\n<p style=\"text-align: left;\">Hashrate: 234TH\/s<\/p>\n<p style=\"text-align: left;\">Consumption: 3510W<\/p>\n<p style=\"text-align: left;\">Minable coins: Bitcoin(BTC)<\/p>\n<h4 style=\"text-align: left;\">Luftgek\u00fchlter Kaspa-Bergmann<\/h4>\n<p>Bitmain, owner of Antminer and one of the leading manufacturers of cryptocurrency mining equipment, introduced their Antminer S21 Pro machine in June 2024. Offering a hashrate of 234 TH\/s with power consumption at 3510W, its SHA-256 algorithm ensures high levels of profitability while air cooling effectively dissipates heat produced while crypto mining.<\/p>\n<p>Anyone looking to mine Bitcoin profitably and efficiently should consider this Bitcoin mining machine. This high-quality Bitmain Antminer S21 Pro mining machine delivers impressive performance. The Bitmain Antminer S21 Pro enables cryptocurrency mining with both reliability and stability. Bitmain\u2019s latest mining rig boasts one of the highest efficiency ratings on the market.<\/p>\n<\/div>\n<div>\n<h2 style=\"text-align: left;\">Weitere Informationen<\/h2>\n<ul>\n<li style=\"text-align: left;\">Wenden Sie sich an uns, um mehr \u00fcber die Einzelheiten der verschiedenen Bestellungen zu erfahren. Dar\u00fcber hinaus kann in einigen L\u00e4ndern auch DDP (PRICE einschlie\u00dflich Versand- und Zollgeb\u00fchren) verf\u00fcgbar sein.<\/li>\n<li style=\"text-align: left;\">Eine Bestellung oder Vorbestellung kann unter keinen Umst\u00e4nden storniert werden, da sie als endg\u00fcltig gilt, sobald sie von uns best\u00e4tigt wurde.<\/li>\n<\/ul>\n<\/div>","protected":false},"excerpt":{"rendered":"<p>Description Bitmain Antminer S21 Pro is designed in June 2024. It uses the \u00a0SHA-256\u00a0algorithm\u00a0and can reach a peak hashrate of 234 TH\/s while consuming 3510W\u00a0of power. Specification Hashrate 234TH\/s Power 3510W Launch June 2024 Size without package 450*219*293 (mm) Size with package 640*360*450 (mm) Gross Weight 21.5kg Net Weight 18.5kg Network Port Ethernet Voltage Input [&hellip;]<\/p>","protected":false},"featured_media":2649,"comment_status":"open","ping_status":"closed","template":"","meta":[],"product_brand":[],"product_cat":[81,33,44],"product_tag":[],"class_list":{"0":"post-2508","1":"product","2":"type-product","3":"status-publish","4":"has-post-thumbnail","6":"product_cat-hot-selling","7":"product_cat-antminer","8":"product_cat-bitcoin-mining","10":"first","11":"instock","12":"shipping-taxable","13":"purchasable","14":"product-type-simple"},"_links":{"self":[{"href":"https:\/\/minersking.com\/de\/wp-json\/wp\/v2\/product\/2508","targetHints":{"allow":["GET"]}}],"collection":[{"href":"https:\/\/minersking.com\/de\/wp-json\/wp\/v2\/product"}],"about":[{"href":"https:\/\/minersking.com\/de\/wp-json\/wp\/v2\/types\/product"}],"replies":[{"embeddable":true,"href":"https:\/\/minersking.com\/de\/wp-json\/wp\/v2\/comments?post=2508"}],"wp:featuredmedia":[{"embeddable":true,"href":"https:\/\/minersking.com\/de\/wp-json\/wp\/v2\/media\/2649"}],"wp:attachment":[{"href":"https:\/\/minersking.com\/de\/wp-json\/wp\/v2\/media?parent=2508"}],"wp:term":[{"taxonomy":"product_brand","embeddable":true,"href":"https:\/\/minersking.com\/de\/wp-json\/wp\/v2\/product_brand?post=2508"},{"taxonomy":"product_cat","embeddable":true,"href":"https:\/\/minersking.com\/de\/wp-json\/wp\/v2\/product_cat?post=2508"},{"taxonomy":"product_tag","embeddable":true,"href":"https:\/\/minersking.com\/de\/wp-json\/wp\/v2\/product_tag?post=2508"}],"curies":[{"name":"wp","href":"https:\/\/api.w.org\/{rel}","templated":true}]}}