{"id":2531,"date":"2024-07-02T08:52:13","date_gmt":"2024-07-02T08:52:13","guid":{"rendered":"https:\/\/minersking.com\/?post_type=product&#038;p=2531"},"modified":"2025-08-11T16:10:30","modified_gmt":"2025-08-11T16:10:30","slug":"iceriver-ks5m-15th-s-3400w-kaspa-miner","status":"publish","type":"product","link":"https:\/\/minersking.com\/de\/produkt\/iceriver-ks5m-15th-s-3400w-kaspa-miner\/","title":{"rendered":"Iceriver KS5M Kaspa ASIC Miner (15TH\/s)"},"content":{"rendered":"<h3>Beschreibung<\/h3>\n<p>Im Juni 2024, <strong>IceRiver<\/strong> hat die KS5M herausgebracht, die mit dem <strong>KHeavyHash-Algorithmus<\/strong>. Sie kann eine maximale Hashrate von<strong> 15 TH\/s<\/strong> und verwendet nur <strong>3400W<\/strong> der Macht.<\/p>\n<h3>Spezifikation<\/h3>\n<table class=\"table table-striped\">\n<tbody>\n<tr>\n<th scope=\"row\">Hersteller<\/th>\n<td>Iceriver<\/td>\n<\/tr>\n<tr>\n<th scope=\"row\">Modell<\/th>\n<td>KS5M<\/td>\n<\/tr>\n<tr>\n<th scope=\"row\">Auch bekannt als<\/th>\n<td>Iceriver KS5M KAS Bergmann<\/td>\n<\/tr>\n<tr>\n<th scope=\"row\">Freigeben<\/th>\n<td>Juni 2024<\/td>\n<\/tr>\n<tr>\n<th scope=\"row\">Gewicht Netto<\/th>\n<td>15000g<\/td>\n<\/tr>\n<tr>\n<th scope=\"row\">Gewicht Brutto<\/th>\n<td>16500g<\/td>\n<\/tr>\n<tr>\n<th scope=\"row\">Ger\u00e4uschpegel<\/th>\n<td>75db<\/td>\n<\/tr>\n<tr>\n<th scope=\"row\">Gr\u00f6\u00dfe ohne<\/th>\n<td>370 x 195 x 290 mm<\/td>\n<\/tr>\n<tr>\n<th scope=\"row\">Gr\u00f6\u00dfe mit<\/th>\n<td>490 x 300 x 400 mm<\/td>\n<\/tr>\n<tr>\n<th scope=\"row\">Spannung<\/th>\n<td>170-300V<\/td>\n<\/tr>\n<tr>\n<th scope=\"row\">Leistung<\/th>\n<td>3400W<\/td>\n<\/tr>\n<tr>\n<th>Hashrate<\/th>\n<td>15T<\/td>\n<\/tr>\n<tr>\n<th scope=\"row\">Schnittstelle<\/th>\n<td>Ethernet<\/td>\n<\/tr>\n<tr>\n<th scope=\"row\">Temperatur<\/th>\n<td>0 - 35 \u00b0C<\/td>\n<\/tr>\n<\/tbody>\n<\/table>\n<h4 class=\"font-satoshi text-xl text-black dark:text-white md:text-xl lg:mb-2 lg:text-heading-5 xl:text-heading-5\">Algorithmen<\/h4>\n<p>Algorithmus: KHeavyHash<\/p>\n<p>Hashrate: 15Th\/s<\/p>\n<p>Verbrauch: 3400W<\/p>\n<p>Abbaubare M\u00fcnzen: Kaspa<\/p>\n<h4>Luftgek\u00fchlter Kaspa-Bergmann<\/h4>\n<p>Der IceRiver KS5M hat eine Hash-Rate von 15 TH\/s und verbraucht 3400 W Strom. Er hat eine h\u00f6here Hash-Rate als der KS5L und ist sehr effizient im Stromverbrauch, was ihn zu einer starken Option f\u00fcr profitables Kryptow\u00e4hrungs-Mining macht. Au\u00dferdem ist er einer der besten ASIC-Miner f\u00fcr das Mining von Kaspa im Jahr 2024 f\u00fcr h\u00f6here Ertr\u00e4ge.<\/p>\n<p>Die bekannte Marke Iceriver hat ihr Produkt f\u00fcr den KHeavyHash-Algorithmus fein optimiert. Es verf\u00fcgt \u00fcber ein Luftk\u00fchlungssystem, das dabei hilft, die w\u00e4hrend des Krypto-Mining-Prozesses entstehende W\u00e4rme abzuf\u00fchren. Wir empfehlen dieses Kaspa-Mining-Rig f\u00fcr alle, die Kaspa-M\u00fcnzen effizient und profitabel sch\u00fcrfen m\u00f6chten.<\/p>","protected":false},"excerpt":{"rendered":"<p>Description In June 2024, IceRiver released the KS5M, which uses the KHeavyHash algorithm. It can reach a maximum hashrate of 15 TH\/s and only uses 3400W of power. Specification Manufacturer Iceriver Model KS5M Also known as Iceriver KS5M KAS Miner Release June 2024 Weight Net 15000g Weight Gross 16500g Noise level 75db Size w\/o 370 [&hellip;]<\/p>","protected":false},"featured_media":2647,"comment_status":"open","ping_status":"closed","template":"","meta":[],"product_brand":[],"product_cat":[81,36,85],"product_tag":[],"class_list":{"0":"post-2531","1":"product","2":"type-product","3":"status-publish","4":"has-post-thumbnail","6":"product_cat-hot-selling","7":"product_cat-iceriver","8":"product_cat-iceriver-kaspa-mining","10":"first","11":"instock","12":"shipping-taxable","13":"purchasable","14":"product-type-simple"},"_links":{"self":[{"href":"https:\/\/minersking.com\/de\/wp-json\/wp\/v2\/product\/2531","targetHints":{"allow":["GET"]}}],"collection":[{"href":"https:\/\/minersking.com\/de\/wp-json\/wp\/v2\/product"}],"about":[{"href":"https:\/\/minersking.com\/de\/wp-json\/wp\/v2\/types\/product"}],"replies":[{"embeddable":true,"href":"https:\/\/minersking.com\/de\/wp-json\/wp\/v2\/comments?post=2531"}],"wp:featuredmedia":[{"embeddable":true,"href":"https:\/\/minersking.com\/de\/wp-json\/wp\/v2\/media\/2647"}],"wp:attachment":[{"href":"https:\/\/minersking.com\/de\/wp-json\/wp\/v2\/media?parent=2531"}],"wp:term":[{"taxonomy":"product_brand","embeddable":true,"href":"https:\/\/minersking.com\/de\/wp-json\/wp\/v2\/product_brand?post=2531"},{"taxonomy":"product_cat","embeddable":true,"href":"https:\/\/minersking.com\/de\/wp-json\/wp\/v2\/product_cat?post=2531"},{"taxonomy":"product_tag","embeddable":true,"href":"https:\/\/minersking.com\/de\/wp-json\/wp\/v2\/product_tag?post=2531"}],"curies":[{"name":"wp","href":"https:\/\/api.w.org\/{rel}","templated":true}]}}