{"id":2533,"date":"2024-07-02T08:59:52","date_gmt":"2024-07-02T08:59:52","guid":{"rendered":"https:\/\/minersking.com\/?post_type=product&#038;p=2533"},"modified":"2024-08-06T04:00:56","modified_gmt":"2024-08-06T04:00:56","slug":"bombax-miner-ez100-c-3200m-570w-etc-miner-asic-crypto-mining-machine","status":"publish","type":"product","link":"https:\/\/minersking.com\/de\/produkt\/bombax-miner-ez100-c-3200m-570w-etc-miner-asic-crypto-mining-machine\/","title":{"rendered":"BOMBAX MINER EZ100-C 3600M 570W ETC Miner Asic Krypto Mining Maschine"},"content":{"rendered":"<p>Der BOMBAX MINER EZ100-C unterst\u00fctzt sowohl ETCHash- als auch ETHash-Algorithmen und bietet Kompatibilit\u00e4t mit verschiedenen M\u00fcnzen wie ETC, ZIL, CAU, BTN, XPB, DOGETHER, OCTA und LRS.<\/p>\n<p>Mit einer robusten Hashrate von 3200 MH\/s \u00b1 5% bietet dieses System eine herausragende Leistung bei gleichbleibender Energieeffizienz und einem Stromverbrauch von nur 570W \u00b1 5% bei 25 \u2103.<\/p>\n<p>Sein Wirkungsgrad von 0,18 J\/MH \u00b1 5% @ 25 \u2103 gew\u00e4hrleistet eine optimale Energienutzung und maximiert die Rentabilit\u00e4t f\u00fcr Bergleute.<\/p>\n<h3>Spezifikationen<\/h3>\n<table class=\"table table-striped\">\n<tbody>\n<tr>\n<th scope=\"row\">Hersteller<\/th>\n<td>Bombax Bergmann<\/td>\n<\/tr>\n<tr>\n<th scope=\"row\">Modell<\/th>\n<td>EZ100-C<\/td>\n<\/tr>\n<tr>\n<th scope=\"row\">Auch bekannt als<\/th>\n<td>Bombax Bergmann EZ100-C ETC Bergmann<\/td>\n<\/tr>\n<tr>\n<th scope=\"row\">Freigeben<\/th>\n<td>Mai 2024<\/td>\n<\/tr>\n<tr>\n<th scope=\"row\">Produkttyp<\/th>\n<td>Leises Modell im 3U-Geh\u00e4use<\/td>\n<\/tr>\n<tr>\n<th scope=\"row\">Ger\u00e4uschpegel<\/th>\n<td>40db<\/td>\n<\/tr>\n<tr>\n<th scope=\"row\">Leistung<\/th>\n<td>570W<\/td>\n<\/tr>\n<tr>\n<th scope=\"row\">Schnittstelle<\/th>\n<td>Ethernet<\/td>\n<\/tr>\n<\/tbody>\n<\/table>","protected":false},"excerpt":{"rendered":"<p>Modell\u00a0<strong>EZ100-C<\/strong><b>\u00a0\u00a0<\/b>aus\u00a0<strong>BOMBAX MINER<\/strong><b>\u00a0<\/b>Bergbau\u00a0<strong>ETCHash<\/strong><b>\u00a0Algorithmus\u00a0<\/b>mit einer maximalen Hashrate von\u00a0<b>3200MH\/s\u00a0<\/b>f\u00fcr einen Stromverbrauch von\u00a0<b>570W.<\/b><\/p>","protected":false},"featured_media":2534,"comment_status":"open","ping_status":"closed","template":"","meta":[],"product_brand":[],"product_cat":[81,79,90],"product_tag":[],"class_list":{"0":"post-2533","1":"product","2":"type-product","3":"status-publish","4":"has-post-thumbnail","6":"product_cat-hot-selling","7":"product_cat-bombax","8":"product_cat-bombax-etc-mining","10":"first","11":"instock","12":"shipping-taxable","13":"purchasable","14":"product-type-simple"},"_links":{"self":[{"href":"https:\/\/minersking.com\/de\/wp-json\/wp\/v2\/product\/2533","targetHints":{"allow":["GET"]}}],"collection":[{"href":"https:\/\/minersking.com\/de\/wp-json\/wp\/v2\/product"}],"about":[{"href":"https:\/\/minersking.com\/de\/wp-json\/wp\/v2\/types\/product"}],"replies":[{"embeddable":true,"href":"https:\/\/minersking.com\/de\/wp-json\/wp\/v2\/comments?post=2533"}],"wp:featuredmedia":[{"embeddable":true,"href":"https:\/\/minersking.com\/de\/wp-json\/wp\/v2\/media\/2534"}],"wp:attachment":[{"href":"https:\/\/minersking.com\/de\/wp-json\/wp\/v2\/media?parent=2533"}],"wp:term":[{"taxonomy":"product_brand","embeddable":true,"href":"https:\/\/minersking.com\/de\/wp-json\/wp\/v2\/product_brand?post=2533"},{"taxonomy":"product_cat","embeddable":true,"href":"https:\/\/minersking.com\/de\/wp-json\/wp\/v2\/product_cat?post=2533"},{"taxonomy":"product_tag","embeddable":true,"href":"https:\/\/minersking.com\/de\/wp-json\/wp\/v2\/product_tag?post=2533"}],"curies":[{"name":"wp","href":"https:\/\/api.w.org\/{rel}","templated":true}]}}