{"id":2535,"date":"2024-07-02T09:07:58","date_gmt":"2024-07-02T09:07:58","guid":{"rendered":"https:\/\/minersking.com\/?post_type=product&#038;p=2535"},"modified":"2024-08-30T10:22:46","modified_gmt":"2024-08-30T10:22:46","slug":"bombax-ez100-12500m","status":"publish","type":"product","link":"https:\/\/minersking.com\/de\/produkt\/bombax-ez100-12500m\/","title":{"rendered":"Bombax EZ100 Ethereum Miner(12500MH\/s)"},"content":{"rendered":"<h2>Beschreibung<\/h2>\n<p>Der BOMBAX EZ100 ist ein f\u00fcr das Mining von ETC (Ethereum Classic) optimiertes Mining-Ger\u00e4t mit hoher Mining-Leistung und relativ geringem Stromverbrauch.<\/p>\n<p>Hashrate: 12500M-13000M, was zeigt, dass das Ger\u00e4t eine hohe Rechengeschwindigkeit bei der Verarbeitung von ETC-Hash-Berechnungen hat.<\/p>\n<p>Leistungsaufnahme: 2200W-2300W, ein wichtiger Indikator zur Messung des Stromverbrauchs w\u00e4hrend des Bergbauprozesses. Ein geringerer Stromverbrauch bedeutet, dass w\u00e4hrend des Bergbauprozesses mehr Stromkosten eingespart werden k\u00f6nnen.<\/p>\n<p>Wirkungsgrad: 0,2\u00b15%. Dieser Parameter spiegelt die Stabilit\u00e4t der Leistungsumwandlungseffizienz wider. Ein hoher Wirkungsgrad kann Energieverluste verringern und die Gesamteffizienz des Bergbaus verbessern.<\/p>\n<p>Kurzer ROI: Das bedeutet, dass die effiziente Rechenleistung der Ger\u00e4te den Nutzern helfen kann, ihre Investitionskosten in kurzer Zeit wieder hereinzuholen.<\/p>\n<p>Ob f\u00fcr den pers\u00f6nlichen Gebrauch oder als Teil eines gr\u00f6\u00dferen Betriebs, die BomBax EZ100 bietet eine zuverl\u00e4ssige L\u00f6sung zur Maximierung der Kryptow\u00e4hrungsertr\u00e4ge bei gleichzeitiger Minimierung der Energiekosten.<\/p>\n<h3>Spezifikationen:<\/h3>\n<table border=\"0\" width=\"161\" cellspacing=\"0\" cellpadding=\"0\">\n<tbody>\n<tr>\n<td width=\"86\" height=\"17\"><strong>SPEZIFIKATION<\/strong><\/td>\n<td width=\"75\">DETAILS<\/td>\n<\/tr>\n<tr>\n<td height=\"17\"><strong>Bergmann-Modell<\/strong><\/td>\n<td>BomBax EZ100<\/td>\n<\/tr>\n<tr>\n<td height=\"17\"><strong>Hash-Rate<\/strong><\/td>\n<td>12500 MH\/s<\/td>\n<\/tr>\n<tr>\n<td height=\"17\"><strong>Algorithmus<\/strong><\/td>\n<td>Etchash<\/td>\n<\/tr>\n<tr>\n<td height=\"17\"><strong>Unterst\u00fctzte M\u00fcnzen<\/strong><\/td>\n<td>Ethereum Classic (ETC), Ethereum Fog (ETF), Zilliqa (ZIL), EthereumPoW (ETHW)<\/td>\n<\/tr>\n<tr>\n<td height=\"17\"><strong>Energieverbrauch<\/strong><\/td>\n<td>2500 Watt<\/td>\n<\/tr>\n<tr>\n<td height=\"17\"><strong>Energie-Effizienz<\/strong><\/td>\n<td>~0,2 J\/MH<\/td>\n<\/tr>\n<\/tbody>\n<\/table>","protected":false},"excerpt":{"rendered":"<p>Description BOMBAX EZ100 is a mining device optimized for ETC (Ethereum Classic) mining, with high mining performance and relatively low power consumption. Hashrate: 12500M-13000M, which shows that the device has a high computing speed when processing ETC hash calculations. Power consumption: 2200W-2300W, which is an important indicator to measure the power consumption during the mining [&hellip;]<\/p>","protected":false},"featured_media":2536,"comment_status":"open","ping_status":"closed","template":"","meta":[],"product_brand":[],"product_cat":[79,90],"product_tag":[],"class_list":{"0":"post-2535","1":"product","2":"type-product","3":"status-publish","4":"has-post-thumbnail","6":"product_cat-bombax","7":"product_cat-bombax-etc-mining","9":"first","10":"outofstock","11":"shipping-taxable","12":"purchasable","13":"product-type-simple"},"_links":{"self":[{"href":"https:\/\/minersking.com\/de\/wp-json\/wp\/v2\/product\/2535","targetHints":{"allow":["GET"]}}],"collection":[{"href":"https:\/\/minersking.com\/de\/wp-json\/wp\/v2\/product"}],"about":[{"href":"https:\/\/minersking.com\/de\/wp-json\/wp\/v2\/types\/product"}],"replies":[{"embeddable":true,"href":"https:\/\/minersking.com\/de\/wp-json\/wp\/v2\/comments?post=2535"}],"wp:featuredmedia":[{"embeddable":true,"href":"https:\/\/minersking.com\/de\/wp-json\/wp\/v2\/media\/2536"}],"wp:attachment":[{"href":"https:\/\/minersking.com\/de\/wp-json\/wp\/v2\/media?parent=2535"}],"wp:term":[{"taxonomy":"product_brand","embeddable":true,"href":"https:\/\/minersking.com\/de\/wp-json\/wp\/v2\/product_brand?post=2535"},{"taxonomy":"product_cat","embeddable":true,"href":"https:\/\/minersking.com\/de\/wp-json\/wp\/v2\/product_cat?post=2535"},{"taxonomy":"product_tag","embeddable":true,"href":"https:\/\/minersking.com\/de\/wp-json\/wp\/v2\/product_tag?post=2535"}],"curies":[{"name":"wp","href":"https:\/\/api.w.org\/{rel}","templated":true}]}}