{"id":2686,"date":"2024-08-06T03:44:53","date_gmt":"2024-08-06T03:44:53","guid":{"rendered":"https:\/\/minersking.com\/?post_type=product&#038;p=2686"},"modified":"2024-08-30T07:26:54","modified_gmt":"2024-08-30T07:26:54","slug":"iceriver-al0-alephium-mining-hardware","status":"publish","type":"product","link":"https:\/\/minersking.com\/de\/produkt\/iceriver-al0-alephium-mining-hardware\/","title":{"rendered":"Iceriver AL0 Alephium Mining Hardware (400GH\/s)"},"content":{"rendered":"<h2>Beschreibung<\/h2>\n<p><strong>Iceriver AL0<\/strong> is released in August 2024, which uses the <strong>Blake3-Algorithmus<\/strong>. With a hash rate of <strong>400 GH\/s<\/strong> und einem Stromverbrauch von <strong>100W<\/strong>, the AL0 has become one of the top choices for home miners.<\/p>\n<h2>Spezifikation<\/h2>\n<table>\n<tbody>\n<tr>\n<td width=\"496\">Gr\u00f6\u00dfe<\/td>\n<td width=\"706\">200 mm * 194 mm * 74 mm<\/td>\n<\/tr>\n<tr>\n<td width=\"496\">Algorithmus<\/td>\n<td width=\"706\">Blake3<\/td>\n<\/tr>\n<tr>\n<td width=\"496\">Gewicht<\/td>\n<td width=\"706\">2,5 kg<\/td>\n<\/tr>\n<tr>\n<td width=\"496\">Netzwerkanschluss<\/td>\n<td width=\"706\">Ethernet<\/td>\n<\/tr>\n<tr>\n<td width=\"496\">Eingangsspannung<\/td>\n<td width=\"706\">100\u2013240 V<\/td>\n<\/tr>\n<tr>\n<td width=\"496\">Arbeitstemperatur<\/td>\n<td width=\"706\">0~35 \u2103<\/td>\n<\/tr>\n<\/tbody>\n<\/table>\n<h4 class=\"font-satoshi text-xl text-black dark:text-white md:text-xl lg:mb-2 lg:text-heading-5 xl:text-heading-5\">Algorithmen<\/h4>\n<p>Algorithmus: Blake3<\/p>\n<p>Hashrate: 400GH\/s<\/p>\n<p>Consumption: 100W<\/p>\n<p>Abbaubare M\u00fcnzen: Alephium(ALPH)<\/p>\n<h3><strong>Alephium Miner f\u00fcr den Heimbergbau<\/strong><\/h3>\n<p>Iceriver hat ein brandneues Home-Mining-Ger\u00e4t, den AL0, f\u00fcr das Mining von Alephium (ALPH) vorgestellt. Mit einer Hash-Rate von 400 GH\/s und einem Stromverbrauch von 100 W ist der AL0 zu einer der ersten Wahl f\u00fcr Home Miner geworden. Die beeindruckende Rechenleistung und der niedrige Energieverbrauch des AL0 machen es zu einer attraktiven Option f\u00fcr Personen, die am Mining der Kryptow\u00e4hrung Alephium interessiert sind.<\/p>\n<h2>Weitere Informationen<\/h2>\n<ul>\n<li>Contact us to learn more about the details on different orders. DDP (PRICE including shipping and customs fees) may also be available in some countries.<\/li>\n<li>Eine Bestellung oder Vorbestellung kann unter keinen Umst\u00e4nden storniert werden, da sie als endg\u00fcltig gilt, sobald sie von uns best\u00e4tigt wurde.<\/li>\n<\/ul>","protected":false},"excerpt":{"rendered":"<p>Description Iceriver AL0 is released in August 2024, which uses the Blake3 algorithm. With a hash rate of 400 GH\/s and a power consumption of 100W, the AL0 has become one of the top choices for home miners. Specification Size 200mm*194mm*74mm Algorithm Blake3 Weight 2.5kg Network Port Ethernet Imput Voltage 100-240V Working Temperature 0~35 \u2103 [&hellip;]<\/p>","protected":false},"featured_media":2687,"comment_status":"open","ping_status":"closed","template":"","meta":[],"product_brand":[],"product_cat":[36,84],"product_tag":[],"class_list":{"0":"post-2686","1":"product","2":"type-product","3":"status-publish","4":"has-post-thumbnail","6":"product_cat-iceriver","7":"product_cat-iceriver-alph-mining","9":"first","10":"instock","11":"sale","12":"shipping-taxable","13":"purchasable","14":"product-type-simple"},"_links":{"self":[{"href":"https:\/\/minersking.com\/de\/wp-json\/wp\/v2\/product\/2686","targetHints":{"allow":["GET"]}}],"collection":[{"href":"https:\/\/minersking.com\/de\/wp-json\/wp\/v2\/product"}],"about":[{"href":"https:\/\/minersking.com\/de\/wp-json\/wp\/v2\/types\/product"}],"replies":[{"embeddable":true,"href":"https:\/\/minersking.com\/de\/wp-json\/wp\/v2\/comments?post=2686"}],"wp:featuredmedia":[{"embeddable":true,"href":"https:\/\/minersking.com\/de\/wp-json\/wp\/v2\/media\/2687"}],"wp:attachment":[{"href":"https:\/\/minersking.com\/de\/wp-json\/wp\/v2\/media?parent=2686"}],"wp:term":[{"taxonomy":"product_brand","embeddable":true,"href":"https:\/\/minersking.com\/de\/wp-json\/wp\/v2\/product_brand?post=2686"},{"taxonomy":"product_cat","embeddable":true,"href":"https:\/\/minersking.com\/de\/wp-json\/wp\/v2\/product_cat?post=2686"},{"taxonomy":"product_tag","embeddable":true,"href":"https:\/\/minersking.com\/de\/wp-json\/wp\/v2\/product_tag?post=2686"}],"curies":[{"name":"wp","href":"https:\/\/api.w.org\/{rel}","templated":true}]}}