{"id":2692,"date":"2024-08-06T06:33:41","date_gmt":"2024-08-06T06:33:41","guid":{"rendered":"https:\/\/minersking.com\/?post_type=product&#038;p=2692"},"modified":"2024-08-30T07:13:00","modified_gmt":"2024-08-30T07:13:00","slug":"goldshell-al-box-ii-alephium-mining-hardware","status":"publish","type":"product","link":"https:\/\/minersking.com\/de\/produkt\/goldshell-al-box-ii-alephium-mining-hardware\/","title":{"rendered":"Goldshell AL BOX II Alephium Mining Hardware (720GH\/s)"},"content":{"rendered":"<h2>Beschreibung<\/h2>\n<p>Der <strong>Goldshell AL BOX II<\/strong> is an upgrade over its predecessor, providing twice the hash rate (<strong>720 GH\/s<\/strong>), verdoppelt das Ertragspotenzial f\u00fcr den Alephiumabbau und bietet eine \u00fcberragende Effizienz - ideal f\u00fcr den Heimabbau! Mit nur <strong>360W<\/strong> Stromverbrauch maximiert die Goldshell AL-BOX die Rentabilit\u00e4t und h\u00e4lt die Betriebskosten niedrig<\/p>\n<h2>Spezifikation<\/h2>\n<table>\n<tbody>\n<tr>\n<td width=\"496\">Gr\u00f6\u00dfe<\/td>\n<td width=\"706\">198mm*150mm*96mm<\/td>\n<\/tr>\n<tr>\n<td width=\"496\">Algorithmus<\/td>\n<td width=\"706\">Blake3<\/td>\n<\/tr>\n<tr>\n<td width=\"496\">Gewicht<\/td>\n<td width=\"706\">2,2 kg<\/td>\n<\/tr>\n<tr>\n<td width=\"496\">Netzwerkanschluss<\/td>\n<td width=\"706\">Ethernet<\/td>\n<\/tr>\n<tr>\n<td width=\"496\">Eingangsspannung<\/td>\n<td width=\"706\">100\u2013240 V<\/td>\n<\/tr>\n<tr>\n<td width=\"496\">Arbeitstemperatur<\/td>\n<td width=\"706\">0~35 \u2103<\/td>\n<\/tr>\n<\/tbody>\n<\/table>\n<h4 class=\"font-satoshi text-xl text-black dark:text-white md:text-xl lg:mb-2 lg:text-heading-5 xl:text-heading-5\">Algorithmen<\/h4>\n<p>Algorithmus: Blake3<\/p>\n<p>Hashrate: 720GH\/s<\/p>\n<p>Verbrauch: 360W<\/p>\n<p>Abbaubare M\u00fcnzen: Alephium(ALPH)<\/p>\n<h3><strong>Alephium Miner f\u00fcr den Heimbergbau<\/strong><\/h3>\n<p>Goldshell hat seinen verbesserten Miner f\u00fcr das Mining von Alephium (ALPH) vorgestellt. Mit einer Hash-Rate von 720 GH\/s und einer Leistungsaufnahme von 360 W. Die AL-BOX II ist eine solide Wahl f\u00fcr Heimsch\u00fcrfer. Der niedrige Stromverbrauch und die beeindruckende Rechenleistung machen die AL-BOX II zu einer attraktiven Option f\u00fcr alle, die sich f\u00fcr das Mining von Alephium interessieren.<\/p>\n<h2>Weitere Informationen<\/h2>\n<ul>\n<li>Wenden Sie sich an uns, um mehr \u00fcber die Einzelheiten der verschiedenen Bestellungen zu erfahren. Dar\u00fcber hinaus kann in einigen L\u00e4ndern auch DDP (PRICE einschlie\u00dflich Versand- und Zollgeb\u00fchren) verf\u00fcgbar sein.<\/li>\n<li>Eine Bestellung oder Vorbestellung kann unter keinen Umst\u00e4nden storniert werden, da sie als endg\u00fcltig gilt, sobald sie von uns best\u00e4tigt wurde.<\/li>\n<\/ul>","protected":false},"excerpt":{"rendered":"<p>Description The Goldshell AL BOX II is an upgrade over its predecessor, providing twice the hash rate (720 GH\/s), doubling the earnings potential for Alephium mining, and offering superior efficiency\u2014ideal for home mining! With only 360W power consumption, the Goldshell AL-BOX maximizes profitability while keeping operating costs low Specification Size 198mm*150mm*96mm Algorithm Blake3 Weight 2.2kg [&hellip;]<\/p>","protected":false},"featured_media":2693,"comment_status":"open","ping_status":"closed","template":"","meta":[],"product_brand":[],"product_cat":[91,92],"product_tag":[],"class_list":{"0":"post-2692","1":"product","2":"type-product","3":"status-publish","4":"has-post-thumbnail","6":"product_cat-goldshell","7":"product_cat-alph-mining","9":"first","10":"instock","11":"shipping-taxable","12":"purchasable","13":"product-type-simple"},"_links":{"self":[{"href":"https:\/\/minersking.com\/de\/wp-json\/wp\/v2\/product\/2692","targetHints":{"allow":["GET"]}}],"collection":[{"href":"https:\/\/minersking.com\/de\/wp-json\/wp\/v2\/product"}],"about":[{"href":"https:\/\/minersking.com\/de\/wp-json\/wp\/v2\/types\/product"}],"replies":[{"embeddable":true,"href":"https:\/\/minersking.com\/de\/wp-json\/wp\/v2\/comments?post=2692"}],"wp:featuredmedia":[{"embeddable":true,"href":"https:\/\/minersking.com\/de\/wp-json\/wp\/v2\/media\/2693"}],"wp:attachment":[{"href":"https:\/\/minersking.com\/de\/wp-json\/wp\/v2\/media?parent=2692"}],"wp:term":[{"taxonomy":"product_brand","embeddable":true,"href":"https:\/\/minersking.com\/de\/wp-json\/wp\/v2\/product_brand?post=2692"},{"taxonomy":"product_cat","embeddable":true,"href":"https:\/\/minersking.com\/de\/wp-json\/wp\/v2\/product_cat?post=2692"},{"taxonomy":"product_tag","embeddable":true,"href":"https:\/\/minersking.com\/de\/wp-json\/wp\/v2\/product_tag?post=2692"}],"curies":[{"name":"wp","href":"https:\/\/api.w.org\/{rel}","templated":true}]}}