{"id":2726,"date":"2024-08-07T03:01:01","date_gmt":"2024-08-07T03:01:01","guid":{"rendered":"https:\/\/minersking.com\/?post_type=product&#038;p=2726"},"modified":"2024-08-27T08:37:22","modified_gmt":"2024-08-27T08:37:22","slug":"bitmain-antminer-s21-xp-270t-bitcoin-miner-btc-crypto-mining-machine","status":"publish","type":"product","link":"https:\/\/minersking.com\/de\/produkt\/bitmain-antminer-s21-xp-270t-bitcoin-miner-btc-crypto-mining-machine\/","title":{"rendered":"Bitmain Antminer S21 XP Bitcoin Miner (270TH\/s)"},"content":{"rendered":"<h2>Beschreibung<\/h2>\n<p>Der Antminer S21 XP von Bitmain ist ein hochmoderner luftgek\u00fchlter Bitcoin-Miner, der auf maximale Effizienz ausgelegt ist. Er nutzt den SHA-256-Algorithmus und liefert eine beeindruckende Hashrate von 270 Th\/s bei einem Stromverbrauch von nur 3650 W.<\/p>\n<div class=\"woocommerce-tabs wc-tabs-wrapper\" data-type=\"type-1:center\">\n<div class=\"table-wrapper\">\n<table width=\"1026\">\n<tbody>\n<tr>\n<td width=\"265\">Hashrate<\/td>\n<td width=\"265\">270TH\/s<\/td>\n<\/tr>\n<tr>\n<td width=\"265\">Leistung<\/td>\n<td width=\"265\">3650W\/h<\/td>\n<\/tr>\n<tr>\n<td width=\"265\">Power efficiency<\/td>\n<td width=\"265\">13.5J\/TH<\/td>\n<\/tr>\n<tr>\n<td width=\"265\">Dimension (mit Verpackung)<\/td>\n<td width=\"265\">640*360*450 (mm)<\/td>\n<\/tr>\n<tr>\n<td width=\"265\">Abmessungen<\/td>\n<td width=\"265\">449*219*293 (mm)<\/td>\n<\/tr>\n<tr>\n<td width=\"265\">Bruttogewicht<\/td>\n<td width=\"265\">21.5 kg<\/td>\n<\/tr>\n<tr>\n<td width=\"265\">Nettogewicht<\/td>\n<td width=\"265\">18.7 kg<\/td>\n<\/tr>\n<tr>\n<td width=\"265\">Verbindungsport<\/td>\n<td width=\"265\">Ethernet<\/td>\n<\/tr>\n<tr>\n<td width=\"265\">Spannungseingang<\/td>\n<td width=\"265\">170\u2013300 V Wechselstrom<\/td>\n<\/tr>\n<tr>\n<td width=\"265\">Working Temp<\/td>\n<td width=\"265\">-20~45 \u2103<\/td>\n<\/tr>\n<\/tbody>\n<\/table>\n<\/div>\n<\/div>\n<div>\n<h4 class=\"font-satoshi text-xl text-black dark:text-white md:text-xl lg:mb-2 lg:text-heading-5 xl:text-heading-5\">Algorithmen<\/h4>\n<p>Algorithm: SHA-256<\/p>\n<p>Hashrate: \u00a0270TH\/s<\/p>\n<p>Consumption: 3650W<\/p>\n<p>Minable coins: Bitcoin(BTC)<\/p>\n<h4>Luftgek\u00fchlter Kaspa-Bergmann<\/h4>\n<p>Bitmain will release the Antminer S21 XP in Sep 2024. It has a hashrate of 270 TH\/s and uses 3650 W of power to mine Bitcoin coins.<\/p>\n<p>Der S21 XP ist das ideale Upgrade f\u00fcr ernsthafte Kryptow\u00e4hrungs-Miner, die ihren Betrieb optimieren wollen. Erleben Sie unvergleichliche Leistung und bleiben Sie der Konkurrenz voraus mit der neuesten Mining-Innovation von Bitmain.<\/p>\n<h2>Weitere Informationen<\/h2>\n<ul>\n<li>Wenden Sie sich an uns, um mehr \u00fcber die Einzelheiten der verschiedenen Bestellungen zu erfahren. Dar\u00fcber hinaus kann in einigen L\u00e4ndern auch DDP (PRICE einschlie\u00dflich Versand- und Zollgeb\u00fchren) verf\u00fcgbar sein.<\/li>\n<li>Eine Bestellung oder Vorbestellung kann unter keinen Umst\u00e4nden storniert werden, da sie als endg\u00fcltig gilt, sobald sie von uns best\u00e4tigt wurde.<\/li>\n<\/ul>\n<\/div>","protected":false},"excerpt":{"rendered":"<p>Description Bitmain&#8217;s Antminer S21 XP is a state-of-the-art air-cooled Bitcoin miner designed for maximum efficiency. Utilizing the SHA-256 algorithm, it delivers an impressive 270 Th\/s hashrate at just 3650W power consumption. Hashrate 270TH\/s Power 3650W\/h Power efficiency 13.5J\/TH Dimension(with packaging) 640*360*450 (mm) Dimension 449*219*293 (mm) Gross Weight 21.5 kg Net Weight 18.7 kg Connection Port [&hellip;]<\/p>","protected":false},"featured_media":2727,"comment_status":"open","ping_status":"closed","template":"","meta":[],"product_brand":[],"product_cat":[33,44],"product_tag":[],"class_list":{"0":"post-2726","1":"product","2":"type-product","3":"status-publish","4":"has-post-thumbnail","6":"product_cat-antminer","7":"product_cat-bitcoin-mining","9":"first","10":"instock","11":"shipping-taxable","12":"purchasable","13":"product-type-simple"},"_links":{"self":[{"href":"https:\/\/minersking.com\/de\/wp-json\/wp\/v2\/product\/2726","targetHints":{"allow":["GET"]}}],"collection":[{"href":"https:\/\/minersking.com\/de\/wp-json\/wp\/v2\/product"}],"about":[{"href":"https:\/\/minersking.com\/de\/wp-json\/wp\/v2\/types\/product"}],"replies":[{"embeddable":true,"href":"https:\/\/minersking.com\/de\/wp-json\/wp\/v2\/comments?post=2726"}],"wp:featuredmedia":[{"embeddable":true,"href":"https:\/\/minersking.com\/de\/wp-json\/wp\/v2\/media\/2727"}],"wp:attachment":[{"href":"https:\/\/minersking.com\/de\/wp-json\/wp\/v2\/media?parent=2726"}],"wp:term":[{"taxonomy":"product_brand","embeddable":true,"href":"https:\/\/minersking.com\/de\/wp-json\/wp\/v2\/product_brand?post=2726"},{"taxonomy":"product_cat","embeddable":true,"href":"https:\/\/minersking.com\/de\/wp-json\/wp\/v2\/product_cat?post=2726"},{"taxonomy":"product_tag","embeddable":true,"href":"https:\/\/minersking.com\/de\/wp-json\/wp\/v2\/product_tag?post=2726"}],"curies":[{"name":"wp","href":"https:\/\/api.w.org\/{rel}","templated":true}]}}