{"id":2728,"date":"2024-08-07T03:04:07","date_gmt":"2024-08-07T03:04:07","guid":{"rendered":"https:\/\/minersking.com\/?post_type=product&#038;p=2728"},"modified":"2024-08-31T02:51:00","modified_gmt":"2024-08-31T02:51:00","slug":"bitmain-antminer-s21-xp-hydro-btc-miner","status":"publish","type":"product","link":"https:\/\/minersking.com\/de\/produkt\/bitmain-antminer-s21-xp-hydro-btc-miner\/","title":{"rendered":"Bitmain Antminer S21 XP Hydro Bitcoin Miner (473TH\/s)"},"content":{"rendered":"<h2>Beschreibung<\/h2>\n<p><strong>Bitmain<\/strong> will launch its new Bitcoin miner, the Antminer S21 XP Hydro, in Oct 2024. It achieves a new high hashrate of<strong> 473 TH\/s<\/strong> and has a power consumption of <strong>5670 watts<\/strong>, using the <strong>SHA-256-Algorithmus<\/strong><\/p>\n<h2>Spezifikation<\/h2>\n<table class=\"table table-striped\" style=\"height: 418px;\" width=\"367\">\n<tbody>\n<tr>\n<th scope=\"row\">Marke<\/th>\n<td>Bitmain<\/td>\n<\/tr>\n<tr>\n<th scope=\"row\">SKU<\/th>\n<td>Antminer S21 XP Hydro<\/td>\n<\/tr>\n<tr>\n<th scope=\"row\">Also called<\/th>\n<td>Antminer S21 XP Hydro<\/td>\n<\/tr>\n<tr>\n<th scope=\"row\">Launch<\/th>\n<td>Oct 2024<\/td>\n<\/tr>\n<tr>\n<th scope=\"row\">Nettogewicht<\/th>\n<td>13.8 kg<\/td>\n<\/tr>\n<tr>\n<th scope=\"row\">Bruttogewicht<\/th>\n<td>15.7 kg<\/td>\n<\/tr>\n<tr>\n<th scope=\"row\">L\u00e4rm<\/th>\n<td>50 dB<\/td>\n<\/tr>\n<tr>\n<th scope=\"row\">Size w\/o \u00a0package<\/th>\n<td>339*173*207mm<\/td>\n<\/tr>\n<tr>\n<th scope=\"row\">Size with package<\/th>\n<td>570*316*430mm<\/td>\n<\/tr>\n<tr>\n<th scope=\"row\">Spannung<\/th>\n<td>380-415V<\/td>\n<\/tr>\n<tr>\n<th scope=\"row\">Leistung<\/th>\n<td>5670W<\/td>\n<\/tr>\n<tr>\n<th>Hashrate<\/th>\n<td>473 TH<\/td>\n<\/tr>\n<tr>\n<th scope=\"row\">Netzwerkanschluss<\/th>\n<td>Ethernet<\/td>\n<\/tr>\n<tr>\n<th scope=\"row\">Temperatur<\/th>\n<td>5 \u2013 45 \u00b0C<\/td>\n<\/tr>\n<\/tbody>\n<\/table>\n<h4 class=\"font-satoshi text-xl text-black dark:text-white md:text-xl lg:mb-2 lg:text-heading-5 xl:text-heading-5\">Algorithmen<\/h4>\n<p>Algorithm: SHA-256<\/p>\n<p>Hashrate: 473 Th\/s<\/p>\n<p>Consumption: 5670W<\/p>\n<p>Minable coins: Bitcoin<\/p>\n<h4>Hydro Cooling Bitcoin Miner<\/h4>\n<p>The S21 XP Hydro has a hashrate of 473 TH\/s and consumes 5670W of power. By using an efficient liquid cooling system, this mining rig can effectively dissipate heat and mine Bitcoin, ensuring the miner operates well under normal temperature conditions<\/p>\n<h2>Weitere Informationen<\/h2>\n<ul>\n<li>Contact us to learn more about the details on different orders. DDP (PRICE including shipping and customs fees) may also be available in some countries.<\/li>\n<li>Eine Bestellung oder Vorbestellung kann unter keinen Umst\u00e4nden storniert werden, da sie als endg\u00fcltig gilt, sobald sie von uns best\u00e4tigt wurde.<\/li>\n<\/ul>","protected":false},"excerpt":{"rendered":"<p>Description Bitmain will launch its new Bitcoin miner, the Antminer S21 XP Hydro, in Oct 2024. It achieves a new high hashrate of 473 TH\/s and has a power consumption of 5670 watts, using the SHA-256 algorithm Specification Brand Bitmain SKU Antminer S21 XP Hydro Also called Antminer S21 XP Hydro Launch Oct 2024 Net [&hellip;]<\/p>","protected":false},"featured_media":2729,"comment_status":"open","ping_status":"closed","template":"","meta":[],"product_brand":[],"product_cat":[33,44],"product_tag":[],"class_list":{"0":"post-2728","1":"product","2":"type-product","3":"status-publish","4":"has-post-thumbnail","6":"product_cat-antminer","7":"product_cat-bitcoin-mining","9":"first","10":"instock","11":"shipping-taxable","12":"purchasable","13":"product-type-simple"},"_links":{"self":[{"href":"https:\/\/minersking.com\/de\/wp-json\/wp\/v2\/product\/2728","targetHints":{"allow":["GET"]}}],"collection":[{"href":"https:\/\/minersking.com\/de\/wp-json\/wp\/v2\/product"}],"about":[{"href":"https:\/\/minersking.com\/de\/wp-json\/wp\/v2\/types\/product"}],"replies":[{"embeddable":true,"href":"https:\/\/minersking.com\/de\/wp-json\/wp\/v2\/comments?post=2728"}],"wp:featuredmedia":[{"embeddable":true,"href":"https:\/\/minersking.com\/de\/wp-json\/wp\/v2\/media\/2729"}],"wp:attachment":[{"href":"https:\/\/minersking.com\/de\/wp-json\/wp\/v2\/media?parent=2728"}],"wp:term":[{"taxonomy":"product_brand","embeddable":true,"href":"https:\/\/minersking.com\/de\/wp-json\/wp\/v2\/product_brand?post=2728"},{"taxonomy":"product_cat","embeddable":true,"href":"https:\/\/minersking.com\/de\/wp-json\/wp\/v2\/product_cat?post=2728"},{"taxonomy":"product_tag","embeddable":true,"href":"https:\/\/minersking.com\/de\/wp-json\/wp\/v2\/product_tag?post=2728"}],"curies":[{"name":"wp","href":"https:\/\/api.w.org\/{rel}","templated":true}]}}