{"id":3065,"date":"2024-09-23T05:41:55","date_gmt":"2024-09-23T05:41:55","guid":{"rendered":"https:\/\/minersking.com\/?post_type=product&#038;p=3065"},"modified":"2024-09-23T10:28:22","modified_gmt":"2024-09-23T10:28:22","slug":"goldshell-al-box-ii-plus-alephium-mining-hardware-1th-s","status":"publish","type":"product","link":"https:\/\/minersking.com\/de\/produkt\/goldshell-al-box-ii-plus-alephium-mining-hardware-1th-s\/","title":{"rendered":"Goldshell AL BOX II Plus Alephium Mining Hardware (1TH\/s)"},"content":{"rendered":"<h2>Beschreibung<\/h2>\n<p>Der\u00a0<strong>Goldshell AL BOX II Plus<\/strong>\u00a0is an upgrade over its predecessor, providing twice the hash rate (<strong>1 TH\/s<\/strong>), verdoppelt das Ertragspotenzial f\u00fcr den Alephiumabbau und bietet eine \u00fcberragende Effizienz - ideal f\u00fcr den Heimabbau! Mit nur\u00a0<strong>480W<\/strong>\u00a0Stromverbrauch maximiert die Goldshell AL-BOX die Rentabilit\u00e4t und h\u00e4lt die Betriebskosten niedrig<\/p>\n<h2>Spezifikation<\/h2>\n<table>\n<tbody>\n<tr>\n<td width=\"496\">Gr\u00f6\u00dfe<\/td>\n<td width=\"706\">198 x 150 x 96mm<\/td>\n<\/tr>\n<tr>\n<td width=\"496\">Algorithmus<\/td>\n<td width=\"706\">Blake3<\/td>\n<\/tr>\n<tr>\n<td width=\"496\">Gewicht<\/td>\n<td width=\"706\">2200g<\/td>\n<\/tr>\n<tr>\n<td width=\"496\">Netzwerkanschluss<\/td>\n<td width=\"706\">Ethernet<\/td>\n<\/tr>\n<tr>\n<td width=\"496\">Eingangsspannung<\/td>\n<td width=\"706\">100\u2013240 V<\/td>\n<\/tr>\n<tr>\n<td width=\"496\">Arbeitstemperatur<\/td>\n<td width=\"706\">5~35 \u2103<\/td>\n<\/tr>\n<\/tbody>\n<\/table>\n<h4 class=\"font-satoshi text-xl text-black dark:text-white md:text-xl lg:mb-2 lg:text-heading-5 xl:text-heading-5\">Algorithmen<\/h4>\n<p>Algorithmus: Blake3<\/p>\n<p>Hashrate:\u00a0 1TH\/s<\/p>\n<p>Consumption: 480W<\/p>\n<p>Abbaubare M\u00fcnzen: Alephium(ALPH)<\/p>\n<p>&nbsp;<\/p>\n<h3><strong>Alephium Miner f\u00fcr den Heimbergbau<\/strong><\/h3>\n<p>Goldshell has launched its upgraded miner for mining Alephium (ALPH). With a hash rate of 1 TH\/s and a power consumption of 480W. The AL-BOX II is a solid choice for home miners. Its low power consumption and impressive computing power make the AL-BOX II Plus an attractive option for those interested in mining Alephium<\/p>\n<h2>Weitere Informationen<\/h2>\n<ul>\n<li>Wenden Sie sich an uns, um mehr \u00fcber die Einzelheiten der verschiedenen Bestellungen zu erfahren. Dar\u00fcber hinaus kann in einigen L\u00e4ndern auch DDP (PRICE einschlie\u00dflich Versand- und Zollgeb\u00fchren) verf\u00fcgbar sein.<\/li>\n<li>Eine Bestellung oder Vorbestellung kann unter keinen Umst\u00e4nden storniert werden, da sie als endg\u00fcltig gilt, sobald sie von uns best\u00e4tigt wurde.<\/li>\n<\/ul>","protected":false},"excerpt":{"rendered":"<p>Der\u00a0<strong>Goldshell AL BOX II Plus<\/strong>\u00a0is an upgrade over its predecessor, providing twice the hash rate (<strong>1 TH\/s<\/strong>), verdoppelt das Ertragspotenzial f\u00fcr den Alephiumabbau und bietet eine \u00fcberragende Effizienz - ideal f\u00fcr den Heimabbau! Mit nur\u00a0<strong>480W<\/strong>\u00a0Stromverbrauch maximiert die Goldshell AL-BOX die Rentabilit\u00e4t und h\u00e4lt die Betriebskosten niedrig<\/p>\n<p>&nbsp;<\/p>","protected":false},"featured_media":3066,"comment_status":"open","ping_status":"closed","template":"","meta":[],"product_brand":[],"product_cat":[91,92],"product_tag":[],"class_list":{"0":"post-3065","1":"product","2":"type-product","3":"status-publish","4":"has-post-thumbnail","6":"product_cat-goldshell","7":"product_cat-alph-mining","9":"first","10":"instock","11":"shipping-taxable","12":"purchasable","13":"product-type-simple"},"_links":{"self":[{"href":"https:\/\/minersking.com\/de\/wp-json\/wp\/v2\/product\/3065","targetHints":{"allow":["GET"]}}],"collection":[{"href":"https:\/\/minersking.com\/de\/wp-json\/wp\/v2\/product"}],"about":[{"href":"https:\/\/minersking.com\/de\/wp-json\/wp\/v2\/types\/product"}],"replies":[{"embeddable":true,"href":"https:\/\/minersking.com\/de\/wp-json\/wp\/v2\/comments?post=3065"}],"wp:featuredmedia":[{"embeddable":true,"href":"https:\/\/minersking.com\/de\/wp-json\/wp\/v2\/media\/3066"}],"wp:attachment":[{"href":"https:\/\/minersking.com\/de\/wp-json\/wp\/v2\/media?parent=3065"}],"wp:term":[{"taxonomy":"product_brand","embeddable":true,"href":"https:\/\/minersking.com\/de\/wp-json\/wp\/v2\/product_brand?post=3065"},{"taxonomy":"product_cat","embeddable":true,"href":"https:\/\/minersking.com\/de\/wp-json\/wp\/v2\/product_cat?post=3065"},{"taxonomy":"product_tag","embeddable":true,"href":"https:\/\/minersking.com\/de\/wp-json\/wp\/v2\/product_tag?post=3065"}],"curies":[{"name":"wp","href":"https:\/\/api.w.org\/{rel}","templated":true}]}}