{"id":3114,"date":"2024-11-25T06:02:33","date_gmt":"2024-11-25T06:02:33","guid":{"rendered":"https:\/\/minersking.com\/?post_type=product&#038;p=3114"},"modified":"2025-05-11T20:27:44","modified_gmt":"2025-05-11T20:27:44","slug":"bitdeer-sealminer-a2-bitcoin-miner-asic-mining-hardware-for-btc-bch-bsv","status":"publish","type":"product","link":"https:\/\/minersking.com\/de\/produkt\/bitdeer-sealminer-a2-bitcoin-miner-asic-mining-hardware-for-btc-bch-bsv\/","title":{"rendered":"Bitdeer SealMiner A2Hyd Bitcoin Miner ASIC Mining Hardware for BTC BCH BSV"},"content":{"rendered":"<p><strong><span class=\"font-semibold text-dark\/70 dark:text-white\/70\">Bitdeer\u00a0SealMiner A2 Hyd<\/span><\/strong>\u00a0is an ASIC miner designed for<strong>\u00a0<\/strong><span class=\"font-semibold text-dark\/70 dark:text-white\/70\"><strong>SHA-256<\/strong> Algorithmus<\/span>,\u00a0specifically targeting\u00a0<strong><span class=\"font-semibold text-dark\/70 dark:text-white\/70\">BTC (Bitcoin)<\/span><\/strong> . It operates hashrate of <strong><span class=\"font-semibold text-dark\/70 dark:text-white\/70\">446Th\/s<\/span><\/strong>\u00a0while consuming\u00a0<span class=\"font-semibold text-dark\/70 dark:text-white\/70\"><strong>7360W<\/strong>\u00a0<\/span>of power, resulting in an energy efficiency of\u00a0<strong><span class=\"font-semibold text-dark\/70 dark:text-white\/70\">16.5j\/Th<\/span>.<\/strong><\/p>\n<p>&nbsp;<\/p>\n<p>&nbsp;<\/p>\n<h2><strong>Spezifikationen<\/strong><\/h2>\n<table>\n<tbody>\n<tr>\n<td width=\"143\"><strong><b>Hersteller<\/b><\/strong><\/td>\n<td width=\"293\">Bitdeer<\/td>\n<\/tr>\n<tr>\n<td width=\"143\"><strong><b>Modell<\/b><\/strong><\/td>\n<td width=\"293\">A2Hyd<\/td>\n<\/tr>\n<tr>\n<td width=\"143\"><strong><b>A<\/b><\/strong><strong><b>lgorithm<\/b><\/strong><\/td>\n<td width=\"293\">SHA-256<\/td>\n<\/tr>\n<tr>\n<td width=\"143\"><strong><b>Coins<\/b><\/strong><\/td>\n<td width=\"293\">BTC BCH BSV<\/td>\n<\/tr>\n<tr>\n<td width=\"143\"><strong><b>Hashrate<\/b><\/strong><\/td>\n<td width=\"293\">446Th\/s<\/td>\n<\/tr>\n<tr>\n<td width=\"143\"><strong><b>Leistung<\/b><\/strong><\/td>\n<td width=\"293\">7360W<\/td>\n<\/tr>\n<tr>\n<td width=\"143\"><strong><b>Temperatur<\/b><\/strong><\/td>\n<td width=\"293\">0-45<\/td>\n<\/tr>\n<tr>\n<td width=\"143\"><strong><b>Schnittstelle<\/b><\/strong><\/td>\n<td width=\"293\">Ethernet<\/td>\n<\/tr>\n<tr>\n<td width=\"143\"><\/td>\n<td width=\"293\"><\/td>\n<\/tr>\n<\/tbody>\n<\/table>\n<p>&nbsp;<\/p>\n<p>&nbsp;<\/p>\n<h2><strong>Versandpolitik<\/strong><\/h2>\n<p>Bei Bestellungen, die auf Lager sind, werden die Artikel innerhalb von 3 Werktagen nach Zahlungseingang versandt.<\/p>\n<p>&nbsp;<\/p>\n<p>For pre-order (future-stock) orders, the items will be shipped within 3 working days once they have arrived at the company\u2019s warehouse. Regarding the release date, the company will always provide customers with an estimated time frame, but the actual delivery date will depend on the manufacturer\u2019s schedule.<\/p>\n<p>&nbsp;<\/p>\n<p>Die Versandkosten f\u00fcr jede Bestellung richten sich nach dem Gewicht des Ger\u00e4temodells, dem Inhalt der Bestellung und dem Zielland\/der Zielregion. Kunden sollten sich an das Unternehmen wenden, um detaillierte Informationen zu den Geb\u00fchren zu erhalten.<\/p>\n<p>&nbsp;<\/p>\n<p>&nbsp;<\/p>\n<h2><strong>Kautionspolitik<\/strong><\/h2>\n<p>F\u00fcr einige Sonderbestellungen unterst\u00fctzen wir die Kunden, die Anzahlung zuerst zu zahlen, um die Bestellung zu sichern (50%). Nach Erhalt der Lieferanzeige muss der Kunde den Restbetrag innerhalb von 3 Werktagen bezahlen. Wenn es besondere Umst\u00e4nde gibt, muss der Kunde uns im Voraus f\u00fcr die Verhandlung informieren.<\/p>\n<p>&nbsp;<\/p>\n<p>Wenn die endg\u00fcltige Zahlung nicht innerhalb von 1 Woche nach der Benachrichtigung erfolgt, wird dem Kunden eine zus\u00e4tzliche Lagergeb\u00fchr von $20 pro Einheit berechnet. Wenn die Zahlung nicht innerhalb von 2 Wochen eingegangen ist, wird der Auftrag storniert, und die Kaution wird nicht aufgrund der Gr\u00fcnde des Kunden zur\u00fcckerstattet werden.<\/p>\n<p>&nbsp;<\/p>\n<p>&nbsp;<\/p>\n<h2><strong>Betrugsbek\u00e4mpfung<\/strong><\/h2>\n<p>Please be aware and cautious to avoid being scammed.<\/p>\n<p>&nbsp;<\/p>\n<p><strong><b>Offizielle Adresse der Brieftasche:<\/b><\/strong><\/p>\n<p>TRC20: TAc7***********************6rby<\/p>\n<p>ERC20: 0x90***********************7bffe<\/p>\n<p>&nbsp;<\/p>\n<p><strong><b>Disclaimer:<\/b><\/strong>\u00a0Currently, there are many scammers impersonating MinersKing members to conduct fraud. Please look for our company\u2019s official contact information and the sales staff contact information on the Contact page. When you are unable to confirm whether the other party is a MinersKing member, please contact us through the official website to verify and confirm. MinersKing will not bear any responsibility for transactions with non-MinersKing member accounts without contacting the official.<\/p>\n<p>&nbsp;<\/p>\n<p>&nbsp;<\/p>\n<h2><strong>\u00dcber MinersKing<\/strong><\/h2>\n<p>MinersKing wurde 2011 gegr\u00fcndet und ist ein f\u00fchrender chinesischer Bergbaumaschinenlieferant mit einem hochqualifizierten Team und umfassender Branchenexpertise. Wir legen gro\u00dfen Wert auf die Bereitstellung au\u00dfergew\u00f6hnlicher Produkte und Dienstleistungen f\u00fcr die Elektronik- und Bergbaubranche.<\/p>\n<p>&nbsp;<\/p>\n<p>Through partnerships with industry leaders like Bitmain, MicroBT, Canaan, and more, we offer a diverse range of superior products tailored to meet our clients\u2019 specific requirements. Our comprehensive services, including testing, maintenance, and repair, ensure a seamless purchasing experience.<\/p>\n<p>&nbsp;<\/p>\n<p>Bei MinersKing sind wir unersch\u00fctterlich unseren Grundwerten verpflichtet, kosteng\u00fcnstige Produkte bereitzustellen und ma\u00dfgeschneiderte Dienstleistungen von h\u00f6chster Qualit\u00e4t zu liefern.<\/p>\n<p>&nbsp;<\/p>\n<p>MinersKing has set up its own warehouses and conducts bulk purchases from factories to offer customers the most competitive prices. With rapid business expansion, apart from multiple warehouses\u00a0and offices\u00a0in mainland China, MinersKing has also established warehouses\u00a0and offices\u00a0in Hong Kong, and Moscow to enhance convenience and reduce logistics costs for customers. Furthermore, MinersKing plans to establish additional warehouses globally to better cater to customer needs.<\/p>","protected":false},"excerpt":{"rendered":"<p><strong>Bitdeer SealMiner A2Hyd<\/strong> is an ASIC miner designed for <strong>SHA-256<\/strong> algorithm. It operates maximum hashrate of 446Th\/s and consuming 7360W of power, and the energy efficiency of A2 is 16.5j\/Th.<\/p>\n<p>&nbsp;<\/p>\n<p>&nbsp;<\/p>","protected":false},"featured_media":3117,"comment_status":"open","ping_status":"closed","template":"","meta":[],"product_brand":[],"product_cat":[81,97],"product_tag":[],"class_list":{"0":"post-3114","1":"product","2":"type-product","3":"status-publish","4":"has-post-thumbnail","6":"product_cat-hot-selling","7":"product_cat-sealminer","9":"first","10":"instock","11":"shipping-taxable","12":"purchasable","13":"product-type-simple"},"_links":{"self":[{"href":"https:\/\/minersking.com\/de\/wp-json\/wp\/v2\/product\/3114","targetHints":{"allow":["GET"]}}],"collection":[{"href":"https:\/\/minersking.com\/de\/wp-json\/wp\/v2\/product"}],"about":[{"href":"https:\/\/minersking.com\/de\/wp-json\/wp\/v2\/types\/product"}],"replies":[{"embeddable":true,"href":"https:\/\/minersking.com\/de\/wp-json\/wp\/v2\/comments?post=3114"}],"wp:featuredmedia":[{"embeddable":true,"href":"https:\/\/minersking.com\/de\/wp-json\/wp\/v2\/media\/3117"}],"wp:attachment":[{"href":"https:\/\/minersking.com\/de\/wp-json\/wp\/v2\/media?parent=3114"}],"wp:term":[{"taxonomy":"product_brand","embeddable":true,"href":"https:\/\/minersking.com\/de\/wp-json\/wp\/v2\/product_brand?post=3114"},{"taxonomy":"product_cat","embeddable":true,"href":"https:\/\/minersking.com\/de\/wp-json\/wp\/v2\/product_cat?post=3114"},{"taxonomy":"product_tag","embeddable":true,"href":"https:\/\/minersking.com\/de\/wp-json\/wp\/v2\/product_tag?post=3114"}],"curies":[{"name":"wp","href":"https:\/\/api.w.org\/{rel}","templated":true}]}}