{"id":2561,"date":"2024-07-23T16:12:29","date_gmt":"2024-07-23T16:12:29","guid":{"rendered":"https:\/\/minersking.com\/?page_id=2561"},"modified":"2025-01-21T07:20:01","modified_gmt":"2025-01-21T07:20:01","slug":"fraud-prevention","status":"publish","type":"page","link":"https:\/\/minersking.com\/es\/fraud-prevention\/","title":{"rendered":"Prevenci\u00f3n del fraude"},"content":{"rendered":"<div data-elementor-type=\"wp-page\" data-elementor-id=\"2561\" class=\"elementor elementor-2561\" data-elementor-post-type=\"page\">\n\t\t\t\t<div class=\"elementor-element elementor-element-f7bfdd0 e-flex e-con-boxed e-con e-parent\" data-id=\"f7bfdd0\" data-element_type=\"container\" data-settings=\"{&quot;ekit_has_onepagescroll_dot&quot;:&quot;yes&quot;}\">\n\t\t\t\t\t<div class=\"e-con-inner\">\n\t\t\t\t<div class=\"elementor-element elementor-element-894e119 htmega-title-align-center elementor-widget elementor-widget-section-title-addons\" data-id=\"894e119\" data-element_type=\"widget\" data-settings=\"{&quot;ekit_we_effect_on&quot;:&quot;none&quot;}\" data-widget_type=\"section-title-addons.default\">\n\t\t\t\t<div class=\"elementor-widget-container\">\n\t\t\t\t\t            <div class=\"htmega-894e119 htmega-section-title htmega-subtitle-position- title-style-two  image-bottom\">\n                <h2 class=\"section-title-txt\">Prevenci\u00f3n del fraude<\/h2><div class=\"htmega-title-sperator-sec\"><span class=\"htmega-title-sperator\">&nbsp;<\/span><\/div>            <\/div>\n\n            \n        \t\t\t\t<\/div>\n\t\t\t\t<\/div>\n\t\t<div class=\"elementor-element elementor-element-5361a4f e-con-full e-flex e-con e-child\" data-id=\"5361a4f\" data-element_type=\"container\" data-settings=\"{&quot;ekit_has_onepagescroll_dot&quot;:&quot;yes&quot;}\">\n\t\t<div class=\"elementor-element elementor-element-8d9b4b9 e-con-full e-flex e-con e-child\" data-id=\"8d9b4b9\" data-element_type=\"container\" data-settings=\"{&quot;ekit_has_onepagescroll_dot&quot;:&quot;yes&quot;}\">\n\t\t\t\t<div class=\"elementor-element elementor-element-3f5b8bc elementor-widget elementor-widget-image\" data-id=\"3f5b8bc\" data-element_type=\"widget\" data-settings=\"{&quot;ekit_we_effect_on&quot;:&quot;none&quot;}\" data-widget_type=\"image.default\">\n\t\t\t\t<div class=\"elementor-widget-container\">\n\t\t\t\t\t\t\t\t\t\t\t\t\t\t\t<img decoding=\"async\" width=\"396\" height=\"360\" src=\"https:\/\/minersking.com\/wp-content\/uploads\/2024\/09\/sara-kurfess-8Klz66m11hU-unsplash-396x360.jpg\" class=\"attachment-htmega_size_396x360 size-htmega_size_396x360 wp-image-3053\" alt=\"Social media\" \/>\t\t\t\t\t\t\t\t\t\t\t\t\t\t\t<\/div>\n\t\t\t\t<\/div>\n\t\t\t\t<\/div>\n\t\t<div class=\"elementor-element elementor-element-711c258 e-con-full e-flex e-con e-child\" data-id=\"711c258\" data-element_type=\"container\" data-settings=\"{&quot;ekit_has_onepagescroll_dot&quot;:&quot;yes&quot;}\">\n\t\t\t\t<div class=\"elementor-element elementor-element-60d7245 elementor-widget elementor-widget-text-editor\" data-id=\"60d7245\" data-element_type=\"widget\" data-settings=\"{&quot;ekit_we_effect_on&quot;:&quot;none&quot;}\" data-widget_type=\"text-editor.default\">\n\t\t\t\t<div class=\"elementor-widget-container\">\n\t\t\t\t\t\t\t\t\t<p>Compruebe las cuentas oficiales en las redes sociales y la direcci\u00f3n del monedero de pago de MinersKing, para evitar ser estafado.<\/p>\t\t\t\t\t\t\t\t<\/div>\n\t\t\t\t<\/div>\n\t\t\t\t<div class=\"elementor-element elementor-element-ee45f5f elementor-align-justify elementor-widget elementor-widget-button\" data-id=\"ee45f5f\" data-element_type=\"widget\" data-settings=\"{&quot;ekit_we_effect_on&quot;:&quot;none&quot;}\" data-widget_type=\"button.default\">\n\t\t\t\t<div class=\"elementor-widget-container\">\n\t\t\t\t\t\t\t\t\t<div class=\"elementor-button-wrapper\">\n\t\t\t\t\t<a class=\"elementor-button elementor-button-link elementor-size-sm\" href=\"https:\/\/minersking.com\/es\/fraud-prevention\/\">\n\t\t\t\t\t\t<span class=\"elementor-button-content-wrapper\">\n\t\t\t\t\t\t\t\t\t<span class=\"elementor-button-text\">Aprende m\u00e1s<\/span>\n\t\t\t\t\t<\/span>\n\t\t\t\t\t<\/a>\n\t\t\t\t<\/div>\n\t\t\t\t\t\t\t\t<\/div>\n\t\t\t\t<\/div>\n\t\t\t\t<\/div>\n\t\t\t\t<\/div>\n\t\t\t\t<div class=\"elementor-element elementor-element-ee064f3 elementor-widget elementor-widget-text-editor\" data-id=\"ee064f3\" data-element_type=\"widget\" data-settings=\"{&quot;ekit_we_effect_on&quot;:&quot;none&quot;}\" data-widget_type=\"text-editor.default\">\n\t\t\t\t<div class=\"elementor-widget-container\">\n\t\t\t\t\t\t\t\t\t<div><p>En esta p\u00e1gina, vamos a enumerar la direcci\u00f3n del monedero oficial y las cuentas de varias plataformas, as\u00ed como las cuentas falsas conocidas a continuaci\u00f3n. Por favor, sea consciente y cauteloso para evitar ser estafado.<\/p><div>\u00a0<\/div><h5>Direcci\u00f3n oficial de la cartera:<\/h5><div>TRC20: TCSB***********************CzHH<br \/>ERC20: 0x1A************************4bcb<\/div><div>\u00a0<\/div><div><div><h5><strong>Lista de cuentas oficiales:<\/strong><\/h5><div>Twitter:<a href=\"https:\/\/twitter.com\/MinersKing2023\" target=\"_blank\" rel=\"noopener\">https:\/\/twitter.com\/MinersKing2023 <\/a><\/div><div>FaceBook:<a href=\"https:\/\/www.facebook.com\/profile.php?id=100093011867034\" target=\"_blank\" rel=\"noopener\">https:\/\/www.facebook.com\/profile.php?id=100093011867034<\/a><\/div><div><div><div>LinkedIn:<a href=\"https:\/\/www.linkedin.com\/company\/minersking2023\" target=\"_blank\" rel=\"noopener\">https:\/\/www.linkedin.com\/company\/minersking2023<\/a><\/div><div><div><div>WhatsApp:<a href=\"https:\/\/api.whatsapp.com\/send\/?phone=8617796357499&amp;text&amp;type=phone_number&amp;app_absent=0\" target=\"_blank\" rel=\"noopener\">https:\/\/api.whatsapp.com\/send\/?phone=8617796357499&amp;text&amp;type=phone_number&amp;app_absent=0<\/a><\/div><div><div><div>Telegrama:<a href=\"https:\/\/t.me\/minerskingchina\">https:\/\/t.me\/minerskingchina<\/a><\/div><div>\u00a0<\/div><div><div><h5>Lista de cuentas falsas:<\/h5><div><div><div>WhatsApp falso: +852 57485294<\/div><div>\u00a0 \u00a0 \u00a0 \u00a0 \u00a0 \u00a0 \u00a0 \u00a0 \u00a0 \u00a0 \u00a0 \u00a0 \u00a0 \u00a0 \u00a0 \u00a0+852 94663209<\/div><div><div><div>Facebook falso:<a href=\"https:\/\/www.facebook.com\/profile.php?id=61550934025435\" target=\"_blank\" rel=\"noopener\">https:\/\/www.facebook.com\/profile.php?id=61550934025435<\/a><\/div><\/div><\/div><\/div><\/div><\/div><\/div><\/div><\/div><\/div><\/div><\/div><\/div><\/div><\/div><\/div><div>\u00a0<\/div><div><div><div>Descargo de responsabilidad: Actualmente, hay muchos estafadores que se hacen pasar por miembros de MinersKing para realizar fraudes. Por favor, busque la informaci\u00f3n de contacto oficial de nuestra empresa y la informaci\u00f3n de contacto del personal de ventas en la p\u00e1gina de Contacto. Cuando no pueda confirmar si la otra parte es miembro de MinersKing, p\u00f3ngase en contacto con nosotros a trav\u00e9s de la p\u00e1gina oficial para verificarlo y confirmarlo. MinersKing no asumir\u00e1 ninguna responsabilidad por transacciones con cuentas que no sean de miembros de MinersKing sin ponerse en contacto con el funcionario.<\/div><div><h3><img decoding=\"async\" src=\"https:\/\/minersking.com\/wp-content\/uploads\/2024\/07\/phishing-news.jpg\" alt=\"\" width=\"1090\" height=\"595\" \/><b><\/b><\/h3><\/div><\/div><\/div>\t\t\t\t\t\t\t\t<\/div>\n\t\t\t\t<\/div>\n\t\t\t\t\t<\/div>\n\t\t\t\t<\/div>\n\t\t\t\t<\/div>","protected":false},"excerpt":{"rendered":"<p>Fraud Prevention &nbsp; Check the official social media accounts and payment wallet address of MinersKing, to avoid being scammed Learn More On this page, we will list the official wallet address and accounts of various platforms as well as the known fake accounts below. Please be aware and cautious to avoid being scammed. \u00a0 Official [&hellip;]<\/p>","protected":false},"author":2,"featured_media":0,"parent":0,"menu_order":0,"comment_status":"closed","ping_status":"closed","template":"elementor_header_footer","meta":{"footnotes":""},"class_list":["post-2561","page","type-page","status-publish","hentry"],"blocksy_meta":[],"_links":{"self":[{"href":"https:\/\/minersking.com\/es\/wp-json\/wp\/v2\/pages\/2561","targetHints":{"allow":["GET"]}}],"collection":[{"href":"https:\/\/minersking.com\/es\/wp-json\/wp\/v2\/pages"}],"about":[{"href":"https:\/\/minersking.com\/es\/wp-json\/wp\/v2\/types\/page"}],"author":[{"embeddable":true,"href":"https:\/\/minersking.com\/es\/wp-json\/wp\/v2\/users\/2"}],"replies":[{"embeddable":true,"href":"https:\/\/minersking.com\/es\/wp-json\/wp\/v2\/comments?post=2561"}],"version-history":[{"count":49,"href":"https:\/\/minersking.com\/es\/wp-json\/wp\/v2\/pages\/2561\/revisions"}],"predecessor-version":[{"id":3155,"href":"https:\/\/minersking.com\/es\/wp-json\/wp\/v2\/pages\/2561\/revisions\/3155"}],"wp:attachment":[{"href":"https:\/\/minersking.com\/es\/wp-json\/wp\/v2\/media?parent=2561"}],"curies":[{"name":"wp","href":"https:\/\/api.w.org\/{rel}","templated":true}]}}