{"id":2614,"date":"2024-07-30T10:17:07","date_gmt":"2024-07-30T10:17:07","guid":{"rendered":"https:\/\/minersking.com\/?page_id=2614"},"modified":"2024-07-30T10:27:47","modified_gmt":"2024-07-30T10:27:47","slug":"shipping-policy","status":"publish","type":"page","link":"https:\/\/minersking.com\/es\/shipping-policy\/","title":{"rendered":"Pol\u00edtica de env\u00edos"},"content":{"rendered":"<div data-elementor-type=\"wp-page\" data-elementor-id=\"2614\" class=\"elementor elementor-2614\" data-elementor-post-type=\"page\">\n\t\t\t\t<div class=\"elementor-element elementor-element-3eaecaf2 e-flex e-con-boxed e-con e-parent\" data-id=\"3eaecaf2\" data-element_type=\"container\" data-settings=\"{&quot;ekit_has_onepagescroll_dot&quot;:&quot;yes&quot;}\">\n\t\t\t\t\t<div class=\"e-con-inner\">\n\t\t\t\t<div class=\"elementor-element elementor-element-9661dc6 htmega-title-align-center elementor-widget elementor-widget-section-title-addons\" data-id=\"9661dc6\" data-element_type=\"widget\" data-settings=\"{&quot;ekit_we_effect_on&quot;:&quot;none&quot;}\" data-widget_type=\"section-title-addons.default\">\n\t\t\t\t<div class=\"elementor-widget-container\">\n\t\t\t\t\t            <div class=\"htmega-9661dc6 htmega-section-title htmega-subtitle-position- title-style-two  image-bottom\">\n                <h2 class=\"section-title-txt\">Pol\u00edtica de env\u00edos<\/h2><div class=\"htmega-title-sperator-sec\"><span class=\"htmega-title-sperator\">&nbsp;<\/span><\/div>            <\/div>\n\n            \n        \t\t\t\t<\/div>\n\t\t\t\t<\/div>\n\t\t\t\t<div class=\"elementor-element elementor-element-10d30572 elementor-widget elementor-widget-text-editor\" data-id=\"10d30572\" data-element_type=\"widget\" data-settings=\"{&quot;ekit_we_effect_on&quot;:&quot;none&quot;}\" data-widget_type=\"text-editor.default\">\n\t\t\t\t<div class=\"elementor-widget-container\">\n\t\t\t\t\t\t\t\t\t<h4><strong><b>Pol\u00edtica de dep\u00f3sitos<\/b><\/strong><\/h4><p>Para algunos pedidos especiales, ayudamos a los clientes a pagar primero el dep\u00f3sito para bloquear el pedido (50%). Tras recibir la notificaci\u00f3n de entrega, el cliente debe pagar el saldo restante en un plazo de 3 d\u00edas laborables. Si hay circunstancias especiales, el cliente debe informarnos con antelaci\u00f3n para negociar.<\/p><p>Si el pago final no se realiza en el plazo de 1 semana tras la notificaci\u00f3n, el cliente incurrir\u00e1 en un cargo adicional de $20 por unidad de almacenamiento. Si el pago no se recibe dentro de 2 semanas, el pedido ser\u00e1 cancelado, y el dep\u00f3sito no ser\u00e1 reembolsado debido a las razones del cliente.<\/p><p>\u00a0<\/p><h4><strong><b>Pol\u00edtica de env\u00edos<\/b><\/strong><\/h4><p>Para los pedidos en stock, los art\u00edculos se enviar\u00e1n en un plazo de 3 d\u00edas laborables una vez procesado el pago.<\/p><p>En el caso de los pedidos anticipados (existencias futuras), los art\u00edculos se enviar\u00e1n en un plazo de 3 d\u00edas laborables desde su llegada al almac\u00e9n de la empresa. En cuanto a la fecha de lanzamiento, la empresa siempre facilitar\u00e1 a los clientes un plazo estimado, pero la fecha de entrega real depender\u00e1 del calendario del fabricante.<\/p><p>La tarifa de env\u00edo de cada pedido viene determinada por el peso del modelo de m\u00e1quina, el contenido del pedido y el pa\u00eds\/regi\u00f3n de destino. Los clientes deben consultar a la empresa para obtener informaci\u00f3n detallada sobre las tarifas.<\/p>\t\t\t\t\t\t\t\t<\/div>\n\t\t\t\t<\/div>\n\t\t\t\t\t<\/div>\n\t\t\t\t<\/div>\n\t\t\t\t<\/div>","protected":false},"excerpt":{"rendered":"<p>Shipping Policy &nbsp; Deposit Policy For some special orders, we support the customers to pay the deposit first to lock the order (50%). Upon receiving the delivery notification, the customer must pay the remaining balance within 3 business days. If there are special circumstances, the customer must inform us in advance for negotiation. If the [&hellip;]<\/p>","protected":false},"author":2,"featured_media":0,"parent":0,"menu_order":0,"comment_status":"closed","ping_status":"closed","template":"elementor_header_footer","meta":{"footnotes":""},"class_list":["post-2614","page","type-page","status-publish","hentry"],"blocksy_meta":[],"_links":{"self":[{"href":"https:\/\/minersking.com\/es\/wp-json\/wp\/v2\/pages\/2614","targetHints":{"allow":["GET"]}}],"collection":[{"href":"https:\/\/minersking.com\/es\/wp-json\/wp\/v2\/pages"}],"about":[{"href":"https:\/\/minersking.com\/es\/wp-json\/wp\/v2\/types\/page"}],"author":[{"embeddable":true,"href":"https:\/\/minersking.com\/es\/wp-json\/wp\/v2\/users\/2"}],"replies":[{"embeddable":true,"href":"https:\/\/minersking.com\/es\/wp-json\/wp\/v2\/comments?post=2614"}],"version-history":[{"count":7,"href":"https:\/\/minersking.com\/es\/wp-json\/wp\/v2\/pages\/2614\/revisions"}],"predecessor-version":[{"id":2626,"href":"https:\/\/minersking.com\/es\/wp-json\/wp\/v2\/pages\/2614\/revisions\/2626"}],"wp:attachment":[{"href":"https:\/\/minersking.com\/es\/wp-json\/wp\/v2\/media?parent=2614"}],"curies":[{"name":"wp","href":"https:\/\/api.w.org\/{rel}","templated":true}]}}