{"id":2627,"date":"2024-07-30T10:36:41","date_gmt":"2024-07-30T10:36:41","guid":{"rendered":"https:\/\/minersking.com\/?page_id=2627"},"modified":"2024-07-30T10:36:42","modified_gmt":"2024-07-30T10:36:42","slug":"service-policy","status":"publish","type":"page","link":"https:\/\/minersking.com\/es\/service-policy\/","title":{"rendered":"Pol\u00edtica de servicios"},"content":{"rendered":"<div data-elementor-type=\"wp-page\" data-elementor-id=\"2627\" class=\"elementor elementor-2627\" data-elementor-post-type=\"page\">\n\t\t\t\t<div class=\"elementor-element elementor-element-3eaecaf2 e-flex e-con-boxed e-con e-parent\" data-id=\"3eaecaf2\" data-element_type=\"container\" data-settings=\"{&quot;ekit_has_onepagescroll_dot&quot;:&quot;yes&quot;}\">\n\t\t\t\t\t<div class=\"e-con-inner\">\n\t\t\t\t<div class=\"elementor-element elementor-element-9661dc6 htmega-title-align-center elementor-widget elementor-widget-section-title-addons\" data-id=\"9661dc6\" data-element_type=\"widget\" data-settings=\"{&quot;ekit_we_effect_on&quot;:&quot;none&quot;}\" data-widget_type=\"section-title-addons.default\">\n\t\t\t\t<div class=\"elementor-widget-container\">\n\t\t\t\t\t            <div class=\"htmega-9661dc6 htmega-section-title htmega-subtitle-position- title-style-two  image-bottom\">\n                <h2 class=\"section-title-txt\">Pol\u00edtica de privacidad<\/h2><div class=\"htmega-title-sperator-sec\"><span class=\"htmega-title-sperator\">&nbsp;<\/span><\/div>            <\/div>\n\n            \n        \t\t\t\t<\/div>\n\t\t\t\t<\/div>\n\t\t\t\t<div class=\"elementor-element elementor-element-10d30572 elementor-widget elementor-widget-text-editor\" data-id=\"10d30572\" data-element_type=\"widget\" data-settings=\"{&quot;ekit_we_effect_on&quot;:&quot;none&quot;}\" data-widget_type=\"text-editor.default\">\n\t\t\t\t<div class=\"elementor-widget-container\">\n\t\t\t\t\t\t\t\t\t<h4><strong><b>Servicio preventa<\/b><\/strong><\/h4><p>Proporcionaremos toda la informaci\u00f3n que necesiten los clientes. Incluyendo la informaci\u00f3n sobre nuestra empresa, especificaci\u00f3n sobre los productos, detalles de pago e importe, plazo de entrega previsto, etc.<\/p><h4>\u00a0<\/h4><h4><strong><b>Servicio postventa<\/b><\/strong><\/h4><p>Una vez efectuado el pago, haremos un seguimiento de la informaci\u00f3n log\u00edstica con el cliente. Tenga en cuenta que todos los productos a estrenar no han sido abiertos por nosotros. Los productos se env\u00edan directamente desde la f\u00e1brica de la marca a nuestro almac\u00e9n, y los entregaremos al cliente sin ninguna manipulaci\u00f3n.<\/p><p>Si surge alg\u00fan problema de calidad durante el periodo de garant\u00eda, facilitaremos al cliente la informaci\u00f3n de contacto posventa oficial de la marca para ayudarle en el proceso de reparaci\u00f3n. Si el cliente se encuentra con alg\u00fan problema t\u00e9cnico, nos encargaremos de que un t\u00e9cnico le preste asistencia a distancia.<\/p>\t\t\t\t\t\t\t\t<\/div>\n\t\t\t\t<\/div>\n\t\t\t\t\t<\/div>\n\t\t\t\t<\/div>\n\t\t\t\t<\/div>","protected":false},"excerpt":{"rendered":"<p>Privacy Policy &nbsp; Pre-sales service We will provide all the information that customers need. Including the information about our company, specification about the products, details of payment and amount, expected delivery time period, etc. \u00a0 After-sales service After the payment is completed, we will follow up with the customer on the logistics information. Please note [&hellip;]<\/p>","protected":false},"author":2,"featured_media":0,"parent":0,"menu_order":0,"comment_status":"closed","ping_status":"closed","template":"elementor_header_footer","meta":{"footnotes":""},"class_list":["post-2627","page","type-page","status-publish","hentry"],"blocksy_meta":[],"_links":{"self":[{"href":"https:\/\/minersking.com\/es\/wp-json\/wp\/v2\/pages\/2627","targetHints":{"allow":["GET"]}}],"collection":[{"href":"https:\/\/minersking.com\/es\/wp-json\/wp\/v2\/pages"}],"about":[{"href":"https:\/\/minersking.com\/es\/wp-json\/wp\/v2\/types\/page"}],"author":[{"embeddable":true,"href":"https:\/\/minersking.com\/es\/wp-json\/wp\/v2\/users\/2"}],"replies":[{"embeddable":true,"href":"https:\/\/minersking.com\/es\/wp-json\/wp\/v2\/comments?post=2627"}],"version-history":[{"count":1,"href":"https:\/\/minersking.com\/es\/wp-json\/wp\/v2\/pages\/2627\/revisions"}],"predecessor-version":[{"id":2629,"href":"https:\/\/minersking.com\/es\/wp-json\/wp\/v2\/pages\/2627\/revisions\/2629"}],"wp:attachment":[{"href":"https:\/\/minersking.com\/es\/wp-json\/wp\/v2\/media?parent=2627"}],"curies":[{"name":"wp","href":"https:\/\/api.w.org\/{rel}","templated":true}]}}