{"id":3,"date":"2023-11-28T09:16:41","date_gmt":"2023-11-28T09:16:41","guid":{"rendered":"http:\/\/minersking.com\/?page_id=3"},"modified":"2024-07-31T02:56:25","modified_gmt":"2024-07-31T02:56:25","slug":"privacy","status":"publish","type":"page","link":"https:\/\/minersking.com\/es\/privacy\/","title":{"rendered":"Privacidad"},"content":{"rendered":"<div data-elementor-type=\"wp-page\" data-elementor-id=\"3\" class=\"elementor elementor-3\" data-elementor-post-type=\"page\">\n\t\t\t\t<div class=\"elementor-element elementor-element-3eaecaf2 e-flex e-con-boxed e-con e-parent\" data-id=\"3eaecaf2\" data-element_type=\"container\" data-settings=\"{&quot;ekit_has_onepagescroll_dot&quot;:&quot;yes&quot;}\">\n\t\t\t\t\t<div class=\"e-con-inner\">\n\t\t\t\t<div class=\"elementor-element elementor-element-9661dc6 htmega-title-align-center elementor-widget elementor-widget-section-title-addons\" data-id=\"9661dc6\" data-element_type=\"widget\" data-settings=\"{&quot;ekit_we_effect_on&quot;:&quot;none&quot;}\" data-widget_type=\"section-title-addons.default\">\n\t\t\t\t<div class=\"elementor-widget-container\">\n\t\t\t\t\t            <div class=\"htmega-9661dc6 htmega-section-title htmega-subtitle-position- title-style-two  image-bottom\">\n                <h2 class=\"section-title-txt\">Privacidad<\/h2><div class=\"htmega-title-sperator-sec\"><span class=\"htmega-title-sperator\">&nbsp;<\/span><\/div>            <\/div>\n\n            \n        \t\t\t\t<\/div>\n\t\t\t\t<\/div>\n\t\t\t\t<div class=\"elementor-element elementor-element-10d30572 elementor-widget elementor-widget-text-editor\" data-id=\"10d30572\" data-element_type=\"widget\" data-settings=\"{&quot;ekit_we_effect_on&quot;:&quot;none&quot;}\" data-widget_type=\"text-editor.default\">\n\t\t\t\t<div class=\"elementor-widget-container\">\n\t\t\t\t\t\t\t\t\t<h1><strong>Pol\u00edtica de privacidad<\/strong><\/h1><p>El sitio web oficial de MinersKing (en lo sucesivo, \"este sitio web\") concede gran importancia a los derechos de privacidad y a la protecci\u00f3n de la informaci\u00f3n personal de los usuarios. Esta pol\u00edtica de privacidad pretende informarle sobre c\u00f3mo este sitio web recopila, utiliza y gestiona su informaci\u00f3n personal. Le rogamos que lea atentamente lo que sigue y, si tiene alguna pregunta sobre esta pol\u00edtica, no dude en ponerse en contacto con nosotros en cualquier momento.<\/p><h5>Tipos de datos personales recogidos<\/h5><p>Este sitio web puede recoger los siguientes tipos de informaci\u00f3n personal:<\/p><ul><li>Informaci\u00f3n personal b\u00e1sica como nombre, informaci\u00f3n de contacto y direcci\u00f3n de correo electr\u00f3nico facilitada al registrar una cuenta;<\/li><li>Informaci\u00f3n de uso, como historial de navegaci\u00f3n, registros de b\u00fasqueda e informaci\u00f3n de pedidos generada durante el uso de los servicios de este sitio web;<\/li><li>Informaci\u00f3n personal autorizada para ser proporcionada por este sitio web a trav\u00e9s de cuentas de redes sociales.<\/li><\/ul><h5>M\u00e9todos de recogida de informaci\u00f3n<\/h5><p>Las formas en que este sitio web recopila informaci\u00f3n personal incluyen, entre otras:<\/p><ul><li>Informaci\u00f3n que usted proporciona activamente al registrar una cuenta o utilizar los servicios de este sitio web;<\/li><li>Informaci\u00f3n sobre el comportamiento de navegaci\u00f3n del usuario recopilada por este sitio web a trav\u00e9s de cookies y otras tecnolog\u00edas;<\/li><li>Informaci\u00f3n obtenida por este sitio web de plataformas de terceros con su autorizaci\u00f3n.<\/li><\/ul><h5>Fines del uso de la informaci\u00f3n<\/h5><p>Este sitio web recopila la informaci\u00f3n personal antes mencionada principalmente para los siguientes fines:<\/p><ul><li>Prestaci\u00f3n de servicios web y optimizaci\u00f3n de la experiencia del usuario;<\/li><li>Env\u00edo de anuncios de sitios web, informaci\u00f3n de marketing, etc;<\/li><li>Realizaci\u00f3n de transacciones y prestaci\u00f3n de servicios posventa;<\/li><li>Realizaci\u00f3n de an\u00e1lisis de perfiles de usuarios y recomendaciones personalizadas;<\/li><li>Mantenimiento de la seguridad del sitio web y operaciones conformes.<\/li><\/ul><h5>Intercambio y divulgaci\u00f3n de informaci\u00f3n<\/h5><p>Este sitio web no revelar\u00e1 ni facilitar\u00e1 ilegalmente sus datos personales a terceros, salvo en los siguientes casos:<\/p><ul><li>Compartir informaci\u00f3n personal limitada con socios para prestar servicios;<\/li><li>Cumplimiento de requisitos legales y reglamentarios, o en respuesta a solicitudes leg\u00edtimas de organismos gubernamentales;<\/li><li>Proteger los derechos e intereses leg\u00edtimos de este sitio web y de sus usuarios, y prevenir actividades fraudulentas y otras actividades ilegales.<\/li><\/ul><h5>Medidas de seguridad de la informaci\u00f3n<\/h5><p>Este sitio web adopta las siguientes medidas para proteger la seguridad de su informaci\u00f3n personal:<\/p><ul><li>Uso de tecnolog\u00edas de cifrado est\u00e1ndar del sector para proteger la informaci\u00f3n confidencial;<\/li><li>Restringir el acceso de los empleados a la informaci\u00f3n personal y realizar auditor\u00edas de seguridad peri\u00f3dicas;<\/li><li>Establecimiento de un mecanismo completo de respuesta a incidentes para gestionar a tiempo los incidentes de seguridad de la informaci\u00f3n.<\/li><\/ul><h5>Derechos de los usuarios<\/h5><p>Usted tiene los siguientes derechos:<\/p><ul><li>Acceder a su informaci\u00f3n personal, rectificarla o eliminarla;<\/li><li>Retirar el consentimiento que haya dado previamente;<\/li><li>Presentar quejas o denunciar las actividades de tratamiento de informaci\u00f3n personal de este sitio web.<\/li><\/ul><p>Si necesita ejercer los derechos mencionados, p\u00f3ngase en contacto con nosotros a trav\u00e9s de los siguientes canales:<\/p><p>Correo electr\u00f3nico:\u00a0<a href=\"mailto:marketing@minersking.com\">marketing@minersking.com<\/a><\/p>\t\t\t\t\t\t\t\t<\/div>\n\t\t\t\t<\/div>\n\t\t\t\t\t<\/div>\n\t\t\t\t<\/div>\n\t\t\t\t<\/div>","protected":false},"excerpt":{"rendered":"<p>Privacy &nbsp; Privacy &amp; Policy MinersKing official website (hereinafter referred to as &#8220;this website&#8221;) attaches great importance to the privacy rights and personal information protection of users. This privacy policy is intended to inform you about how this website collects, uses, and manages your personal information. Please read the following carefully, and if you have [&hellip;]<\/p>","protected":false},"author":3,"featured_media":0,"parent":0,"menu_order":0,"comment_status":"closed","ping_status":"closed","template":"elementor_header_footer","meta":{"footnotes":""},"class_list":["post-3","page","type-page","status-publish","hentry"],"blocksy_meta":[],"_links":{"self":[{"href":"https:\/\/minersking.com\/es\/wp-json\/wp\/v2\/pages\/3","targetHints":{"allow":["GET"]}}],"collection":[{"href":"https:\/\/minersking.com\/es\/wp-json\/wp\/v2\/pages"}],"about":[{"href":"https:\/\/minersking.com\/es\/wp-json\/wp\/v2\/types\/page"}],"author":[{"embeddable":true,"href":"https:\/\/minersking.com\/es\/wp-json\/wp\/v2\/users\/3"}],"replies":[{"embeddable":true,"href":"https:\/\/minersking.com\/es\/wp-json\/wp\/v2\/comments?post=3"}],"version-history":[{"count":33,"href":"https:\/\/minersking.com\/es\/wp-json\/wp\/v2\/pages\/3\/revisions"}],"predecessor-version":[{"id":2640,"href":"https:\/\/minersking.com\/es\/wp-json\/wp\/v2\/pages\/3\/revisions\/2640"}],"wp:attachment":[{"href":"https:\/\/minersking.com\/es\/wp-json\/wp\/v2\/media?parent=3"}],"curies":[{"name":"wp","href":"https:\/\/api.w.org\/{rel}","templated":true}]}}