{"id":1952,"date":"2024-01-01T05:55:49","date_gmt":"2024-01-01T05:55:49","guid":{"rendered":"http:\/\/minersking.com\/?post_type=product&#038;p=1952"},"modified":"2024-12-09T06:24:29","modified_gmt":"2024-12-09T06:24:29","slug":"bitmain-antminer-s19k-pro-110t-120t","status":"publish","type":"product","link":"https:\/\/minersking.com\/es\/producto\/bitmain-antminer-s19k-pro-110t-120t\/","title":{"rendered":"BITMAIN Antminer S19K Pro Bitcoin ASIC Miner Mining Hardware"},"content":{"rendered":"<div class=\"table-wrapper\">\n<table>\n<tbody>\n<tr class=\"title\">\n<td>Vistazo al producto<\/td>\n<td><\/td>\n<\/tr>\n<tr>\n<td>Modelo<\/td>\n<td>S19k Pro<\/td>\n<\/tr>\n<tr>\n<td>Algoritmo | Criptomoneda<\/td>\n<td>SHA256 | BTC\/BCH\/BSV<\/td>\n<\/tr>\n<tr>\n<td>Tasa de hash, TH\/s<\/td>\n<td>115 \/ 120<\/td>\n<\/tr>\n<tr>\n<td>Alimentaci\u00f3n en la pared a 25 \u00b0C, vatios<\/td>\n<td>2760 \u00b15%<\/td>\n<\/tr>\n<tr>\n<td>Eficiencia energ\u00e9tica en pared @25\u00b0C, J\/TH<\/td>\n<td>23 \u00b15%<\/td>\n<\/tr>\n<\/tbody>\n<\/table>\n<\/div>\n<div class=\"table-wrapper\">\n<table>\n<tbody>\n<tr class=\"title\">\n<td>Caracter\u00edsticas detalladas<\/td>\n<td><\/td>\n<\/tr>\n<tr class=\"sub-title\">\n<td>Fuente de alimentaci\u00f3n<\/td>\n<td><\/td>\n<\/tr>\n<tr>\n<td>Fuente de alimentaci\u00f3n AC Tensi\u00f3n de entrada, Volt<sup>(1-1)<\/sup><\/td>\n<td>200~240<\/td>\n<\/tr>\n<tr>\n<td>Fuente de alimentaci\u00f3n Entrada de CA Rango de frecuencia, Hz<\/td>\n<td>47~63<\/td>\n<\/tr>\n<tr>\n<td>Fuente de alimentaci\u00f3n Corriente de entrada de CA, amperios<sup>(1-2)<\/sup><\/td>\n<td>20<sup>(1-3)<\/sup><\/td>\n<\/tr>\n<tr class=\"sub-title\">\n<td>Configuraci\u00f3n de hardware<\/td>\n<td><\/td>\n<\/tr>\n<tr>\n<td>Modo de conexi\u00f3n de red<\/td>\n<td>Ethernet RJ45 10\/100M<\/td>\n<\/tr>\n<tr>\n<td>Tama\u00f1o del minador (longitud*anchura*altura, sin embalaje),mm(2-1)<\/td>\n<td>400*195*290<\/td>\n<\/tr>\n<tr>\n<td>Tama\u00f1o del minero (largo*ancho*alto, con paquete), mm<\/td>\n<td>570*316*430<\/td>\n<\/tr>\n<tr>\n<td>Peso neto \/ kg<sup>(2-2)<\/sup><\/td>\n<td>12.85<\/td>\n<\/tr>\n<tr>\n<td>Peso bruto (kg<\/td>\n<td>14.5<\/td>\n<\/tr>\n<tr class=\"sub-title\">\n<td>Requisitos ambientales<\/td>\n<td><\/td>\n<\/tr>\n<tr>\n<td>Temperatura de funcionamiento,\u00b0C<\/td>\n<td>0~40<\/td>\n<\/tr>\n<tr>\n<td>Temperatura de almacenamiento,\u00b0C<\/td>\n<td>-20~70<\/td>\n<\/tr>\n<tr>\n<td>Humedad de funcionamiento (sin condensaci\u00f3n), RH<\/td>\n<td>10~90%<\/td>\n<\/tr>\n<tr>\n<td>Altitud de operaci\u00f3n, m<sup>(3-1)<\/sup><\/td>\n<td>\u22642000<\/td>\n<\/tr>\n<\/tbody>\n<\/table>\n<\/div>\n<h2><strong>Pol\u00edtica de env\u00edos<\/strong><\/h2>\n<p>Para los pedidos en stock, los art\u00edculos se enviar\u00e1n en un plazo de 3 d\u00edas laborables una vez procesado el pago.<\/p>\n<p>&nbsp;<\/p>\n<p>For pre-order (future-stock) orders, the items will be shipped within 3 working days once they have arrived at the company\u2019s warehouse. Regarding the release date, the company will always provide customers with an estimated time frame, but the actual delivery date will depend on the manufacturer\u2019s schedule.<\/p>\n<p>&nbsp;<\/p>\n<p>La tarifa de env\u00edo de cada pedido viene determinada por el peso del modelo de m\u00e1quina, el contenido del pedido y el pa\u00eds\/regi\u00f3n de destino. Los clientes deben consultar a la empresa para obtener informaci\u00f3n detallada sobre las tarifas.<\/p>\n<p>&nbsp;<\/p>\n<p>&nbsp;<\/p>\n<h2><strong>Pol\u00edtica de dep\u00f3sitos<\/strong><\/h2>\n<p>Para algunos pedidos especiales, ayudamos a los clientes a pagar primero el dep\u00f3sito para bloquear el pedido (50%). Tras recibir la notificaci\u00f3n de entrega, el cliente debe pagar el saldo restante en un plazo de 3 d\u00edas laborables. Si hay circunstancias especiales, el cliente debe informarnos con antelaci\u00f3n para negociar.<\/p>\n<p>&nbsp;<\/p>\n<p>Si el pago final no se realiza en el plazo de 1 semana tras la notificaci\u00f3n, el cliente incurrir\u00e1 en un cargo adicional de $20 por unidad de almacenamiento. Si el pago no se recibe dentro de 2 semanas, el pedido ser\u00e1 cancelado, y el dep\u00f3sito no ser\u00e1 reembolsado debido a las razones del cliente.<\/p>\n<p>&nbsp;<\/p>\n<p>&nbsp;<\/p>\n<h2><strong>Prevenci\u00f3n del fraude<\/strong><\/h2>\n<p>Please be aware and cautious to avoid being scammed.<\/p>\n<p>&nbsp;<\/p>\n<p>&nbsp;<\/p>\n<p><strong><b>Disclaimer:<\/b><\/strong>\u00a0Currently, there are many scammers impersonating MinersKing members to conduct fraud. Please look for our company\u2019s official contact information and the sales staff contact information on the Contact page. When you are unable to confirm whether the other party is a MinersKing member, please contact us through the official website to verify and confirm. MinersKing will not bear any responsibility for transactions with non-MinersKing member accounts without contacting the official.<\/p>\n<p>&nbsp;<\/p>\n<p>&nbsp;<\/p>\n<h2><strong>Acerca de MinersKing<\/strong><\/h2>\n<p>Fundada en 2011, MinersKing es un destacado proveedor chino de m\u00e1quinas mineras con un equipo altamente calificado y una amplia experiencia en la industria. Priorizamos la entrega de productos y servicios excepcionales a los sectores de la electr\u00f3nica y la miner\u00eda.<\/p>\n<p>&nbsp;<\/p>\n<p>Through partnerships with industry leaders like Bitmain, MicroBT, Canaan, and more, we offer a diverse range of superior products tailored to meet our clients\u2019 specific requirements. Our comprehensive services, including testing, maintenance, and repair, ensure a seamless purchasing experience.<\/p>\n<p>&nbsp;<\/p>\n<p>En MinersKing, somos inquebrantables en nuestro compromiso con nuestros valores fundamentales de brindar productos rentables y brindar servicios personalizados de la m\u00e1xima calidad.<\/p>\n<p>&nbsp;<\/p>\n<p>MinersKing has set up its own warehouses and conducts bulk purchases from factories to offer customers the most competitive prices. With rapid business expansion, apart from multiple warehouses\u00a0and offices\u00a0in mainland China, MinersKing has also established warehouses\u00a0and offices\u00a0in Hong Kong, and Moscow to enhance convenience and reduce logistics costs for customers. Furthermore, MinersKing plans to establish additional warehouses globally to better cater to customer needs.<\/p>","protected":false},"excerpt":{"rendered":"<p>Modelo\u00a0<strong>S19K Pro<\/strong>\u00a0de\u00a0<strong>BITMAIN<\/strong><b>\u00a0<\/b>miner\u00eda\u00a0<strong>SHA-256<\/strong>\u00a0<b>algoritmo\u00a0<\/b>con un hashrate m\u00e1ximo de\u00a0<strong>115T<\/strong><b>\/s\u00a0<\/b>a\u00a0<strong>120T<\/strong><b>\/s<\/b><b>\u00a0<\/b>para un consumo de energ\u00eda de\u00a0<strong><span class=\"tag\">2760W<\/span><\/strong><b>.<\/b><\/p>","protected":false},"featured_media":2662,"comment_status":"open","ping_status":"closed","template":"","meta":[],"product_brand":[],"product_cat":[81,33,44],"product_tag":[],"class_list":{"0":"post-1952","1":"product","2":"type-product","3":"status-publish","4":"has-post-thumbnail","6":"product_cat-hot-selling","7":"product_cat-antminer","8":"product_cat-bitcoin-mining","10":"first","11":"instock","12":"shipping-taxable","13":"purchasable","14":"product-type-simple"},"_links":{"self":[{"href":"https:\/\/minersking.com\/es\/wp-json\/wp\/v2\/product\/1952","targetHints":{"allow":["GET"]}}],"collection":[{"href":"https:\/\/minersking.com\/es\/wp-json\/wp\/v2\/product"}],"about":[{"href":"https:\/\/minersking.com\/es\/wp-json\/wp\/v2\/types\/product"}],"replies":[{"embeddable":true,"href":"https:\/\/minersking.com\/es\/wp-json\/wp\/v2\/comments?post=1952"}],"wp:featuredmedia":[{"embeddable":true,"href":"https:\/\/minersking.com\/es\/wp-json\/wp\/v2\/media\/2662"}],"wp:attachment":[{"href":"https:\/\/minersking.com\/es\/wp-json\/wp\/v2\/media?parent=1952"}],"wp:term":[{"taxonomy":"product_brand","embeddable":true,"href":"https:\/\/minersking.com\/es\/wp-json\/wp\/v2\/product_brand?post=1952"},{"taxonomy":"product_cat","embeddable":true,"href":"https:\/\/minersking.com\/es\/wp-json\/wp\/v2\/product_cat?post=1952"},{"taxonomy":"product_tag","embeddable":true,"href":"https:\/\/minersking.com\/es\/wp-json\/wp\/v2\/product_tag?post=1952"}],"curies":[{"name":"wp","href":"https:\/\/api.w.org\/{rel}","templated":true}]}}