{"id":1987,"date":"2024-01-01T06:16:21","date_gmt":"2024-01-01T06:16:21","guid":{"rendered":"http:\/\/minersking.com\/?post_type=product&#038;p=1987"},"modified":"2024-08-26T06:03:15","modified_gmt":"2024-08-26T06:03:15","slug":"bitmain-antminer-s21-200t","status":"publish","type":"product","link":"https:\/\/minersking.com\/es\/producto\/bitmain-antminer-s21-200t\/","title":{"rendered":"Bitmain Antminer S21 BTC Miner(200TH\/s)"},"content":{"rendered":"<div class=\"table-wrapper\">\n<h3>Descripci\u00f3n<\/h3>\n<p>En enero de 2024, <strong>Bitmain<\/strong> ha lanzado el antminer S21. Como minero de Bitcoin, utiliza el <strong>Algoritmo SHA-256<\/strong> y puede alcanzar un hashrate m\u00e1ximo de <strong>200 TH\/s<\/strong> con un consumo de energ\u00eda de <strong>3150 W<\/strong> para la miner\u00eda eficiente de Bitcoin<\/p>\n<table width=\"1026\">\n<tbody>\n<tr>\n<td width=\"265\">Tasa de hash<\/td>\n<td width=\"265\">200TH\/S(\u00b110%)<\/td>\n<\/tr>\n<tr>\n<td width=\"265\">Alimentaci\u00f3n de pared<\/td>\n<td width=\"265\">3150W\/h(\u00b110%)<\/td>\n<\/tr>\n<tr>\n<td width=\"265\">Fuente de alimentaci\u00f3n<\/td>\n<td width=\"265\">Con PSU<\/td>\n<\/tr>\n<tr>\n<td width=\"265\">Dimensi\u00f3n<\/td>\n<td width=\"265\">400*195,5*290(mm)<\/td>\n<\/tr>\n<tr>\n<td width=\"265\">Dimensi\u00f3n (con embalaje)<\/td>\n<td width=\"265\">\u00a0570*316*430(mm)<\/td>\n<\/tr>\n<tr>\n<td width=\"265\">Peso bruto<\/td>\n<td width=\"265\">16.0kg<\/td>\n<\/tr>\n<tr>\n<td width=\"265\">Peso neto<\/td>\n<td width=\"265\">14,2 kg<\/td>\n<\/tr>\n<tr>\n<td width=\"265\">Puerto de conexi\u00f3n<\/td>\n<td width=\"265\">Ethernet<\/td>\n<\/tr>\n<tr>\n<td width=\"265\">Entrada de voltaje<\/td>\n<td width=\"265\">200~240V<\/td>\n<\/tr>\n<tr>\n<td width=\"265\">Temperatura de trabajo<\/td>\n<td width=\"265\">0~40 \u2103<\/td>\n<\/tr>\n<\/tbody>\n<\/table>\n<h4 class=\"font-satoshi text-xl text-black dark:text-white md:text-xl lg:mb-2 lg:text-heading-5 xl:text-heading-5\">Algoritmos<\/h4>\n<p>Algoritmo: SHA-256<\/p>\n<p>Hashrate: 200 TH\/s<\/p>\n<p>Consumo: 3150W<\/p>\n<p>Monedas minables: Bitcoin<\/p>\n<h4>Minero de Bitcoin refrigerado por aire<\/h4>\n<p>El minero antminer S21 es un potente ASIC dise\u00f1ado para el minado de Bitcoin en Ene 2024. Es uno de los mejores mineros de Bitcoin, con un hashrate de 200 TH\/s y un consumo de 3150W, destacando por ser una m\u00e1quina de alto rendimiento y eficiencia<\/p>\n<h3>Informaci\u00f3n adicional<\/h3>\n<ul>\n<li>P\u00f3ngase en contacto con nosotros para conocer los detalles de los distintos pedidos. El DDP (PRECIO con gastos de env\u00edo y aduana incluidos) tambi\u00e9n puede estar disponible en algunos pa\u00edses.<\/li>\n<li>Un pedido o pre-pedido no puede ser cancelado bajo ninguna circunstancia, ya que se considera definitivo una vez que ha sido confirmado con nosotros.<\/li>\n<\/ul>\n<\/div>","protected":false},"excerpt":{"rendered":"<p>Description In Jan 2024, Bitmain released the antminer S21. As a Bitcoin miner, it uses the SHA-256\u00a0algorithm and can reach a maximum hashrate of 200 TH\/s with a power consumption of 3150 W for efficient Bitcoin mining Hashrate 200TH\/S(\u00b110%) Wall Power 3150W\/h(\u00b110%) Power Supply With PSU Dimension 400*195.5*290(mm) Dimension(with packaging) \u00a0570*316*430(mm) Gross Weight 16.0kg Net [&hellip;]<\/p>","protected":false},"featured_media":2656,"comment_status":"open","ping_status":"closed","template":"","meta":[],"product_brand":[],"product_cat":[81,33,44],"product_tag":[],"class_list":{"0":"post-1987","1":"product","2":"type-product","3":"status-publish","4":"has-post-thumbnail","6":"product_cat-hot-selling","7":"product_cat-antminer","8":"product_cat-bitcoin-mining","10":"first","11":"instock","12":"featured","13":"shipping-taxable","14":"purchasable","15":"product-type-simple"},"_links":{"self":[{"href":"https:\/\/minersking.com\/es\/wp-json\/wp\/v2\/product\/1987","targetHints":{"allow":["GET"]}}],"collection":[{"href":"https:\/\/minersking.com\/es\/wp-json\/wp\/v2\/product"}],"about":[{"href":"https:\/\/minersking.com\/es\/wp-json\/wp\/v2\/types\/product"}],"replies":[{"embeddable":true,"href":"https:\/\/minersking.com\/es\/wp-json\/wp\/v2\/comments?post=1987"}],"wp:featuredmedia":[{"embeddable":true,"href":"https:\/\/minersking.com\/es\/wp-json\/wp\/v2\/media\/2656"}],"wp:attachment":[{"href":"https:\/\/minersking.com\/es\/wp-json\/wp\/v2\/media?parent=1987"}],"wp:term":[{"taxonomy":"product_brand","embeddable":true,"href":"https:\/\/minersking.com\/es\/wp-json\/wp\/v2\/product_brand?post=1987"},{"taxonomy":"product_cat","embeddable":true,"href":"https:\/\/minersking.com\/es\/wp-json\/wp\/v2\/product_cat?post=1987"},{"taxonomy":"product_tag","embeddable":true,"href":"https:\/\/minersking.com\/es\/wp-json\/wp\/v2\/product_tag?post=1987"}],"curies":[{"name":"wp","href":"https:\/\/api.w.org\/{rel}","templated":true}]}}