{"id":2001,"date":"2024-01-01T06:22:49","date_gmt":"2024-01-01T06:22:49","guid":{"rendered":"http:\/\/minersking.com\/?post_type=product&#038;p=2001"},"modified":"2024-12-09T06:42:04","modified_gmt":"2024-12-09T06:42:04","slug":"bitmain-antminer-l7-litecoin-dogecoin-miner","status":"publish","type":"product","link":"https:\/\/minersking.com\/es\/producto\/bitmain-antminer-l7-litecoin-dogecoin-miner\/","title":{"rendered":"Bitmain Antminer L7 Miner Minando LTC y DOGE(9.05GH\/s)"},"content":{"rendered":"<div id=\"block1\" class=\"tuple\" data-v-63a32c95=\"\" data-v-1b41da19=\"\">\n<div class=\"info\" data-v-63a32c95=\"\" data-v-1b41da19=\"\">\n<h2 style=\"text-align: left;\">Descripci\u00f3n<\/h2>\n<p style=\"text-align: left;\"><strong>The Bitmain Antminer L7<\/strong>, released in June 2024, is designed to mine using the Scrypt algorithm and achieves a maximum hashrate of 9.05 GH\/s with a power consumption of 3510W<\/p>\n<h2 style=\"text-align: left;\">Especificaci\u00f3n<\/h2>\n<table width=\"1026\">\n<tbody>\n<tr>\n<td width=\"265\">Tasa de hash<\/td>\n<td width=\"265\">9.05GH\/s<\/td>\n<\/tr>\n<tr>\n<td width=\"265\">Fuerza<\/td>\n<td width=\"265\">3260W<\/td>\n<\/tr>\n<tr>\n<td width=\"265\">Lanzamiento<\/td>\n<td width=\"265\">Jan 2022<\/td>\n<\/tr>\n<tr>\n<td width=\"265\">Size without package<\/td>\n<td width=\"265\">370*195.5*290 (mm)<\/td>\n<\/tr>\n<tr>\n<td width=\"265\">Tama\u00f1o con envase<\/td>\n<td width=\"265\">570 x 316 x 430(mm)<\/td>\n<\/tr>\n<tr>\n<td width=\"265\">Peso bruto<\/td>\n<td width=\"265\">15 kilos<\/td>\n<\/tr>\n<tr>\n<td width=\"265\">Peso neto<\/td>\n<td width=\"265\">13.5kg<\/td>\n<\/tr>\n<tr>\n<td width=\"265\">Puerto de red<\/td>\n<td width=\"265\">Ethernet<\/td>\n<\/tr>\n<tr>\n<td width=\"265\">Entrada de voltaje<\/td>\n<td width=\"265\">200~240 V<\/td>\n<\/tr>\n<tr>\n<td width=\"265\">Temperatura de trabajo<\/td>\n<td width=\"265\">-20~45 \u2103<\/td>\n<\/tr>\n<\/tbody>\n<\/table>\n<\/div>\n<h4 class=\"font-satoshi text-xl text-black dark:text-white md:text-xl lg:mb-2 lg:text-heading-5 xl:text-heading-5\" style=\"text-align: left;\">Algoritmos<\/h4>\n<p style=\"text-align: left;\">Algorithm: Scrypt<\/p>\n<p style=\"text-align: left;\">Hashrate: \u00a09.05GH\/s<\/p>\n<p style=\"text-align: left;\">Consumption: \u00a03260W<\/p>\n<p style=\"text-align: left;\">Minable coins: Litecoin and Dogecoin (LTC &amp; DOGE)<\/p>\n<\/div>\n<div>\n<h4 style=\"text-align: left;\">Air-Cooling Miner<\/h4>\n<p>Bitmain, owner of Antminer and one of the leading manufacturers of cryptocurrency mining equipment, introduced their Antminer L7 machine in June 2024. This machine has a hashrate of 9.05 GH\/s while consuming 3510W of power, using the Scrypt algorithm to maximize profitability. Its air cooling system can efficiently manages the heat generated during mining.<\/p>\n<p>For those seeking to mine Litecoin and Dogecoin with both profitability and efficiency, the Antminer L7 is an excellent option. This Bitmain Antminer L7 delivers outstanding performance, providing dependable and stable cryptocurrency mining<\/p>\n<\/div>\n<div>\n<h2 style=\"text-align: left;\">Informaci\u00f3n adicional<\/h2>\n<ul>\n<li style=\"text-align: left;\">P\u00f3ngase en contacto con nosotros para conocer los detalles de los distintos pedidos. Adem\u00e1s, el DDP (PRECIO con gastos de env\u00edo y aduana incluidos) tambi\u00e9n puede estar disponible en algunos pa\u00edses.<\/li>\n<li style=\"text-align: left;\">Un pedido o pre-pedido no puede ser cancelado bajo ninguna circunstancia, ya que se considera definitivo una vez que ha sido confirmado con nosotros.<\/li>\n<\/ul>\n<\/div>","protected":false},"excerpt":{"rendered":"<p>Description The Bitmain Antminer L7, released in June 2024, is designed to mine using the Scrypt algorithm and achieves a maximum hashrate of 9.05 GH\/s with a power consumption of 3510W Specification Hashrate 9.05GH\/s Power 3260W Launch Jan 2022 Size without package 370*195.5*290 (mm) Size with package 570 x 316 x 430(mm) Gross Weight 15kg [&hellip;]<\/p>","protected":false},"featured_media":2654,"comment_status":"open","ping_status":"closed","template":"","meta":[],"product_brand":[],"product_cat":[81,33,46],"product_tag":[],"class_list":{"0":"post-2001","1":"product","2":"type-product","3":"status-publish","4":"has-post-thumbnail","6":"product_cat-hot-selling","7":"product_cat-antminer","8":"product_cat-litecoin-dogecoin","10":"first","11":"instock","12":"shipping-taxable","13":"purchasable","14":"product-type-simple"},"_links":{"self":[{"href":"https:\/\/minersking.com\/es\/wp-json\/wp\/v2\/product\/2001","targetHints":{"allow":["GET"]}}],"collection":[{"href":"https:\/\/minersking.com\/es\/wp-json\/wp\/v2\/product"}],"about":[{"href":"https:\/\/minersking.com\/es\/wp-json\/wp\/v2\/types\/product"}],"replies":[{"embeddable":true,"href":"https:\/\/minersking.com\/es\/wp-json\/wp\/v2\/comments?post=2001"}],"wp:featuredmedia":[{"embeddable":true,"href":"https:\/\/minersking.com\/es\/wp-json\/wp\/v2\/media\/2654"}],"wp:attachment":[{"href":"https:\/\/minersking.com\/es\/wp-json\/wp\/v2\/media?parent=2001"}],"wp:term":[{"taxonomy":"product_brand","embeddable":true,"href":"https:\/\/minersking.com\/es\/wp-json\/wp\/v2\/product_brand?post=2001"},{"taxonomy":"product_cat","embeddable":true,"href":"https:\/\/minersking.com\/es\/wp-json\/wp\/v2\/product_cat?post=2001"},{"taxonomy":"product_tag","embeddable":true,"href":"https:\/\/minersking.com\/es\/wp-json\/wp\/v2\/product_tag?post=2001"}],"curies":[{"name":"wp","href":"https:\/\/api.w.org\/{rel}","templated":true}]}}