{"id":2016,"date":"2024-01-01T06:31:17","date_gmt":"2024-01-01T06:31:17","guid":{"rendered":"http:\/\/minersking.com\/?post_type=product&#038;p=2016"},"modified":"2024-08-22T09:26:49","modified_gmt":"2024-08-22T09:26:49","slug":"bitmain-antminer-ks3-9-4t-kaspa-kas-miner","status":"publish","type":"product","link":"https:\/\/minersking.com\/es\/producto\/bitmain-antminer-ks3-9-4t-kaspa-kas-miner\/","title":{"rendered":"Minero Bitmain Antminer KS3 Kaspa (9.4TH\/s)"},"content":{"rendered":"<div class=\"woocommerce-tabs wc-tabs-wrapper\" data-type=\"type-1:center\">\n<h2 style=\"text-align: left;\">Descripci\u00f3n<\/h2>\n<p style=\"text-align: left;\"><strong>Bitmain Antminer KS3<\/strong> is designed in Oct 2023. It uses the <strong>Algoritmo KHeavyHash<\/strong>\u00a0y puede alcanzar un hashrate m\u00e1ximo de<strong> 9.4 TH\/s<\/strong> while consuming <strong>3500W<\/strong>\u00a0de poder.<\/p>\n<h2 style=\"text-align: left;\">Especificaci\u00f3n<\/h2>\n<table width=\"1026\">\n<tbody>\n<tr>\n<td width=\"265\">Tasa de hash<\/td>\n<td width=\"265\">9.4TH\/s<\/td>\n<\/tr>\n<tr>\n<td width=\"265\">Fuerza<\/td>\n<td width=\"265\">3500W<\/td>\n<\/tr>\n<tr>\n<td width=\"265\">Lanzamiento<\/td>\n<td width=\"265\">Oct 2023<\/td>\n<\/tr>\n<tr>\n<td width=\"265\">Size without package<\/td>\n<td width=\"265\">430 x 195.5 x 290 (mm)<\/td>\n<\/tr>\n<tr>\n<td width=\"265\">Tama\u00f1o con envase<\/td>\n<td width=\"265\">570 x 316 x 430 (mm)<\/td>\n<\/tr>\n<tr>\n<td width=\"265\">Peso bruto<\/td>\n<td width=\"265\">17,7 kg<\/td>\n<\/tr>\n<tr>\n<td width=\"265\">Peso neto<\/td>\n<td width=\"265\">16.1kg<\/td>\n<\/tr>\n<tr>\n<td width=\"265\">Puerto de red<\/td>\n<td width=\"265\">Ethernet<\/td>\n<\/tr>\n<tr>\n<td width=\"265\">Entrada de voltaje<\/td>\n<td width=\"265\">170-300 VCA<\/td>\n<\/tr>\n<tr>\n<td width=\"265\">Temperatura de trabajo<\/td>\n<td width=\"265\">0~35\u2103<\/td>\n<\/tr>\n<\/tbody>\n<\/table>\n<\/div>\n<div>\n<h4 class=\"font-satoshi text-xl text-black dark:text-white md:text-xl lg:mb-2 lg:text-heading-5 xl:text-heading-5\" style=\"text-align: left;\">Algoritmos<\/h4>\n<p style=\"text-align: left;\">Algoritmo: KHeavyHash<\/p>\n<p style=\"text-align: left;\">Hashrate: 9.4TH\/s<\/p>\n<p style=\"text-align: left;\">Consumption: 3500W<\/p>\n<p style=\"text-align: left;\">Monedas acu\u00f1ables: Kaspa(KAS)<\/p>\n<h4 style=\"text-align: left;\">Refrigeraci\u00f3n por aire Kaspa Miner<\/h4>\n<p>Bitmain is one of the world&#8217;s leading manufacturers of mining machines for digital currencies, operating under their well-known brand ANTMINER. The Antminer KS3 was introduced on March 20, 2023, featuring a 9.4 TH\/s hash rate with 3500W power consumption, utilizing the KHeavyHash algorithm for Kaspa mining. The KS3 is equipped with an air cooling system, which helps dissipate the heat generated during Kaspa mining.<\/p>\n<p>Bitmain&#8217;s KS3 Kaspa miner is an advanced solution designed to be efficient and user-friendly, suitable for both home and professional Kaspa mining. Users can monitor hash rates and other metrics using its dashboard interface. MinersKing also offers customized crypto solutions tailored specifically to your individual requirements.<\/p>\n<h2 style=\"text-align: left;\">Informaci\u00f3n adicional<\/h2>\n<ul>\n<li style=\"text-align: left;\">P\u00f3ngase en contacto con nosotros para conocer los detalles de los distintos pedidos. Adem\u00e1s, el DDP (PRECIO con gastos de env\u00edo y aduana incluidos) tambi\u00e9n puede estar disponible en algunos pa\u00edses.<\/li>\n<li style=\"text-align: left;\">Un pedido o pre-pedido no puede ser cancelado bajo ninguna circunstancia, ya que se considera definitivo una vez que ha sido confirmado con nosotros.<\/li>\n<\/ul>\n<\/div>","protected":false},"excerpt":{"rendered":"<p>Description Bitmain Antminer KS3 is designed in Oct 2023. It uses the KHeavyHash algorithm\u00a0and can reach a peak hashrate of 9.4 TH\/s while consuming 3500W\u00a0of power. Specification Hashrate 9.4TH\/s Power 3500W Launch Oct 2023 Size without package 430 x 195.5 x 290 (mm) Size with package 570 x 316 x 430 (mm) Gross Weight 17.7kg [&hellip;]<\/p>","protected":false},"featured_media":2020,"comment_status":"open","ping_status":"closed","template":"","meta":[],"product_brand":[],"product_cat":[33,49],"product_tag":[],"class_list":{"0":"post-2016","1":"product","2":"type-product","3":"status-publish","4":"has-post-thumbnail","6":"product_cat-antminer","7":"product_cat-kaspa-mining","9":"first","10":"outofstock","11":"shipping-taxable","12":"purchasable","13":"product-type-simple"},"_links":{"self":[{"href":"https:\/\/minersking.com\/es\/wp-json\/wp\/v2\/product\/2016","targetHints":{"allow":["GET"]}}],"collection":[{"href":"https:\/\/minersking.com\/es\/wp-json\/wp\/v2\/product"}],"about":[{"href":"https:\/\/minersking.com\/es\/wp-json\/wp\/v2\/types\/product"}],"replies":[{"embeddable":true,"href":"https:\/\/minersking.com\/es\/wp-json\/wp\/v2\/comments?post=2016"}],"wp:featuredmedia":[{"embeddable":true,"href":"https:\/\/minersking.com\/es\/wp-json\/wp\/v2\/media\/2020"}],"wp:attachment":[{"href":"https:\/\/minersking.com\/es\/wp-json\/wp\/v2\/media?parent=2016"}],"wp:term":[{"taxonomy":"product_brand","embeddable":true,"href":"https:\/\/minersking.com\/es\/wp-json\/wp\/v2\/product_brand?post=2016"},{"taxonomy":"product_cat","embeddable":true,"href":"https:\/\/minersking.com\/es\/wp-json\/wp\/v2\/product_cat?post=2016"},{"taxonomy":"product_tag","embeddable":true,"href":"https:\/\/minersking.com\/es\/wp-json\/wp\/v2\/product_tag?post=2016"}],"curies":[{"name":"wp","href":"https:\/\/api.w.org\/{rel}","templated":true}]}}