{"id":2041,"date":"2024-01-01T06:42:41","date_gmt":"2024-01-01T06:42:41","guid":{"rendered":"http:\/\/minersking.com\/?post_type=product&#038;p=2041"},"modified":"2024-12-09T07:01:49","modified_gmt":"2024-12-09T07:01:49","slug":"microbt-whatsminer-m30s-96-98-100t-3","status":"publish","type":"product","link":"https:\/\/minersking.com\/es\/producto\/microbt-whatsminer-m30s-96-98-100t-3\/","title":{"rendered":"MicroBT Whatsminer M30S+ 96\/98\/100T"},"content":{"rendered":"<p>&nbsp;<\/p>\n<div class=\"table-wrapper\">\n<table class=\"table table-striped\">\n<tbody>\n<tr>\n<th scope=\"row\">Fabricante<\/th>\n<td>MicroBT<\/td>\n<\/tr>\n<tr>\n<th scope=\"row\">Modelo<\/th>\n<td>Whatsminer M30S+<\/td>\n<\/tr>\n<tr>\n<th scope=\"row\">Liberar<\/th>\n<td>octubre 2020<\/td>\n<\/tr>\n<tr>\n<th scope=\"row\">Tama\u00f1o<\/th>\n<td>155x225x425mm<\/td>\n<\/tr>\n<tr>\n<th scope=\"row\">Tama\u00f1o de la viruta<\/th>\n<td>12nm<\/td>\n<\/tr>\n<tr>\n<th scope=\"row\">Nivel de ruido<\/th>\n<td>75dB<\/td>\n<\/tr>\n<tr>\n<th scope=\"row\">Aficionados)<\/th>\n<td>2<\/td>\n<\/tr>\n<tr>\n<th scope=\"row\">Fuerza<\/th>\n<td>3264\/3332\/3400W<\/td>\n<\/tr>\n<tr>\n<th scope=\"row\">Voltaje<\/th>\n<td>12V<\/td>\n<\/tr>\n<tr>\n<th scope=\"row\">Temperatura<\/th>\n<td>5 \u2013 40\u00b0C<\/td>\n<\/tr>\n<tr>\n<th scope=\"row\">Humedad<\/th>\n<td>5 \u2013 90 %<\/td>\n<\/tr>\n<\/tbody>\n<\/table>\n<\/div>\n<p>&nbsp;<\/p>\n<h2><strong>Pol\u00edtica de env\u00edos<\/strong><\/h2>\n<p>Para los pedidos en stock, los art\u00edculos se enviar\u00e1n en un plazo de 3 d\u00edas laborables una vez procesado el pago.<\/p>\n<p>&nbsp;<\/p>\n<p>For pre-order (future-stock) orders, the items will be shipped within 3 working days once they have arrived at the company\u2019s warehouse. Regarding the release date, the company will always provide customers with an estimated time frame, but the actual delivery date will depend on the manufacturer\u2019s schedule.<\/p>\n<p>&nbsp;<\/p>\n<p>La tarifa de env\u00edo de cada pedido viene determinada por el peso del modelo de m\u00e1quina, el contenido del pedido y el pa\u00eds\/regi\u00f3n de destino. Los clientes deben consultar a la empresa para obtener informaci\u00f3n detallada sobre las tarifas.<\/p>\n<p>&nbsp;<\/p>\n<p>&nbsp;<\/p>\n<h2><strong>Pol\u00edtica de dep\u00f3sitos<\/strong><\/h2>\n<p>Para algunos pedidos especiales, ayudamos a los clientes a pagar primero el dep\u00f3sito para bloquear el pedido (50%). Tras recibir la notificaci\u00f3n de entrega, el cliente debe pagar el saldo restante en un plazo de 3 d\u00edas laborables. Si hay circunstancias especiales, el cliente debe informarnos con antelaci\u00f3n para negociar.<\/p>\n<p>&nbsp;<\/p>\n<p>Si el pago final no se realiza en el plazo de 1 semana tras la notificaci\u00f3n, el cliente incurrir\u00e1 en un cargo adicional de $20 por unidad de almacenamiento. Si el pago no se recibe dentro de 2 semanas, el pedido ser\u00e1 cancelado, y el dep\u00f3sito no ser\u00e1 reembolsado debido a las razones del cliente.<\/p>\n<p>&nbsp;<\/p>\n<p>&nbsp;<\/p>\n<h2><strong>Prevenci\u00f3n del fraude<\/strong><\/h2>\n<p>Please be aware and cautious to avoid being scammed.<\/p>\n<p>&nbsp;<\/p>\n<p><strong><b>Direcci\u00f3n oficial de la cartera:<\/b><\/strong><\/p>\n<p>TRC20: TAc7***********************6rby<\/p>\n<p>ERC20: 0x90***********************7bffe<\/p>\n<p>&nbsp;<\/p>\n<p><strong><b>Disclaimer:<\/b><\/strong>\u00a0Currently, there are many scammers impersonating MinersKing members to conduct fraud. Please look for our company\u2019s official contact information and the sales staff contact information on the Contact page. When you are unable to confirm whether the other party is a MinersKing member, please contact us through the official website to verify and confirm. MinersKing will not bear any responsibility for transactions with non-MinersKing member accounts without contacting the official.<\/p>\n<p>&nbsp;<\/p>\n<p>&nbsp;<\/p>\n<h2><strong>Acerca de MinersKing<\/strong><\/h2>\n<p>Fundada en 2011, MinersKing es un destacado proveedor chino de m\u00e1quinas mineras con un equipo altamente calificado y una amplia experiencia en la industria. Priorizamos la entrega de productos y servicios excepcionales a los sectores de la electr\u00f3nica y la miner\u00eda.<\/p>\n<p>&nbsp;<\/p>\n<p>Through partnerships with industry leaders like Bitmain, MicroBT, Canaan, and more, we offer a diverse range of superior products tailored to meet our clients\u2019 specific requirements. Our comprehensive services, including testing, maintenance, and repair, ensure a seamless purchasing experience.<\/p>\n<p>&nbsp;<\/p>\n<p>En MinersKing, somos inquebrantables en nuestro compromiso con nuestros valores fundamentales de brindar productos rentables y brindar servicios personalizados de la m\u00e1xima calidad.<\/p>\n<p>&nbsp;<\/p>\n<p>MinersKing has set up its own warehouses and conducts bulk purchases from factories to offer customers the most competitive prices. With rapid business expansion, apart from multiple warehouses\u00a0and offices\u00a0in mainland China, MinersKing has also established warehouses\u00a0and offices\u00a0in Hong Kong, and Moscow to enhance convenience and reduce logistics costs for customers. Furthermore, MinersKing plans to establish additional warehouses globally to better cater to customer needs.<\/p>","protected":false},"excerpt":{"rendered":"<p>Modelo\u00a0<strong>Whatsminer M30S+<\/strong>\u00a0de\u00a0<strong>MicroBT<\/strong><b>\u00a0<\/b>miner\u00eda\u00a0<strong>SHA-256<\/strong>\u00a0<b>algoritmo\u00a0<\/b>con un hashrate m\u00e1ximo de\u00a0<strong>96T<\/strong><b>\/s\u00a0<\/b>a\u00a0<b><strong>100T<\/strong>\/s\u00a0<\/b>para un consumo de energ\u00eda de\u00a0<strong><span class=\"tag\">3264W\u00a0<\/span><\/strong><span class=\"tag\">a\u00a0<\/span><strong><span class=\"tag\">3400W<\/span><\/strong><b>.<\/b><\/p>","protected":false},"featured_media":2707,"comment_status":"open","ping_status":"closed","template":"","meta":[],"product_brand":[],"product_cat":[35,87],"product_tag":[],"class_list":{"0":"post-2041","1":"product","2":"type-product","3":"status-publish","4":"has-post-thumbnail","6":"product_cat-whatsminer","7":"product_cat-btc-mining","9":"first","10":"instock","11":"shipping-taxable","12":"purchasable","13":"product-type-simple"},"_links":{"self":[{"href":"https:\/\/minersking.com\/es\/wp-json\/wp\/v2\/product\/2041","targetHints":{"allow":["GET"]}}],"collection":[{"href":"https:\/\/minersking.com\/es\/wp-json\/wp\/v2\/product"}],"about":[{"href":"https:\/\/minersking.com\/es\/wp-json\/wp\/v2\/types\/product"}],"replies":[{"embeddable":true,"href":"https:\/\/minersking.com\/es\/wp-json\/wp\/v2\/comments?post=2041"}],"wp:featuredmedia":[{"embeddable":true,"href":"https:\/\/minersking.com\/es\/wp-json\/wp\/v2\/media\/2707"}],"wp:attachment":[{"href":"https:\/\/minersking.com\/es\/wp-json\/wp\/v2\/media?parent=2041"}],"wp:term":[{"taxonomy":"product_brand","embeddable":true,"href":"https:\/\/minersking.com\/es\/wp-json\/wp\/v2\/product_brand?post=2041"},{"taxonomy":"product_cat","embeddable":true,"href":"https:\/\/minersking.com\/es\/wp-json\/wp\/v2\/product_cat?post=2041"},{"taxonomy":"product_tag","embeddable":true,"href":"https:\/\/minersking.com\/es\/wp-json\/wp\/v2\/product_tag?post=2041"}],"curies":[{"name":"wp","href":"https:\/\/api.w.org\/{rel}","templated":true}]}}