{"id":2060,"date":"2024-01-01T06:52:25","date_gmt":"2024-01-01T06:52:25","guid":{"rendered":"http:\/\/minersking.com\/?post_type=product&#038;p=2060"},"modified":"2024-08-30T06:38:02","modified_gmt":"2024-08-30T06:38:02","slug":"iceriver-ks0-100gh-with-psu","status":"publish","type":"product","link":"https:\/\/minersking.com\/es\/producto\/iceriver-ks0-100gh-with-psu\/","title":{"rendered":"Iceriver KS0 Kaspa ASIC Home Miner (100GH\/s)"},"content":{"rendered":"<h3>Descripci\u00f3n<\/h3>\n<p><b>Iceriver KS0<\/b>\u00a0uses <strong>Algoritmo KHeavyHash<\/strong>. Puede alcanzar un hashrate m\u00e1ximo de<strong> 100 GH\/s<\/strong> y s\u00f3lo utiliza <strong>65W<\/strong>\u00a0de poder.<\/p>\n<h3>Especificaciones<\/h3>\n<div class=\"table-wrapper\">\n<table>\n<tbody>\n<tr>\n<td width=\"496\">Tama\u00f1o<\/td>\n<td width=\"706\">200mm*194mm*74mm<\/td>\n<\/tr>\n<tr>\n<td width=\"496\">Especificaciones<\/td>\n<td width=\"706\">100GH\/s 65W<\/td>\n<\/tr>\n<tr>\n<td width=\"496\">Peso<\/td>\n<td width=\"706\">2,5 kilos<\/td>\n<\/tr>\n<tr>\n<td width=\"496\">Puerto de conexi\u00f3n<\/td>\n<td width=\"706\">ethernet<\/td>\n<\/tr>\n<tr>\n<td width=\"496\">Entrada de voltaje<\/td>\n<td width=\"706\">100-240V<\/td>\n<\/tr>\n<tr>\n<td width=\"496\">Temperatura de funcionamiento<\/td>\n<td width=\"706\">0~35 \u2103 (Colocar en un ambiente con buena circulaci\u00f3n de aire)<\/td>\n<\/tr>\n<\/tbody>\n<\/table>\n<\/div>\n<h4 class=\"font-satoshi text-xl text-black dark:text-white md:text-xl lg:mb-2 lg:text-heading-5 xl:text-heading-5\">Algoritmos<\/h4>\n<p>Algoritmo: KHeavyHash<\/p>\n<p>Hashrate: 100GH\/s<\/p>\n<p>Consumption: 65W<\/p>\n<p>Monedas acu\u00f1ables: Kaspa<\/p>\n<h4>Inicio Miner\u00eda Kaspa Miner<\/h4>\n<p>IceRiver designed the KS0 in September 2023. It has a hashrate of 100 GH\/s, a power consumption of 65W, and a compact, accessible appearance. Compared to larger mining rigs, it features lower power consumption, lower noise levels, and a smaller size<\/p>\n<p>Due to its size and performance, it is a good entry point for Kaspa mining at home or in small-scale mining operations without making a heavy initial investment<\/p>\n<h2>Informaci\u00f3n adicional<\/h2>\n<ul>\n<li>P\u00f3ngase en contacto con nosotros para conocer los detalles de los distintos pedidos. El DDP (PRECIO con gastos de env\u00edo y aduana incluidos) tambi\u00e9n puede estar disponible en algunos pa\u00edses.<\/li>\n<li>Un pedido o pre-pedido no puede ser cancelado bajo ninguna circunstancia, ya que se considera definitivo una vez que ha sido confirmado con nosotros.<\/li>\n<\/ul>","protected":false},"excerpt":{"rendered":"<p>Description Iceriver KS0\u00a0uses KHeavyHash algorithm. It can reach a maximum hashrate of 100 GH\/s and only uses 65W\u00a0of power. Specifications Size 200mm*194mm*74mm Specifications 100GH\/s 65W Weight 2.5kg Connection Port ethernet Voltage Input 100-240V Operating Temp 0~35 \u2103 (Place in an environment with good air circulation) Algorithms Algorithm: KHeavyHash Hashrate: 100GH\/s Consumption: 65W Minable coins: Kaspa [&hellip;]<\/p>","protected":false},"featured_media":2061,"comment_status":"open","ping_status":"closed","template":"","meta":[],"product_brand":[],"product_cat":[36,85],"product_tag":[],"class_list":{"0":"post-2060","1":"product","2":"type-product","3":"status-publish","4":"has-post-thumbnail","6":"product_cat-iceriver","7":"product_cat-iceriver-kaspa-mining","9":"first","10":"outofstock","11":"shipping-taxable","12":"purchasable","13":"product-type-simple"},"_links":{"self":[{"href":"https:\/\/minersking.com\/es\/wp-json\/wp\/v2\/product\/2060","targetHints":{"allow":["GET"]}}],"collection":[{"href":"https:\/\/minersking.com\/es\/wp-json\/wp\/v2\/product"}],"about":[{"href":"https:\/\/minersking.com\/es\/wp-json\/wp\/v2\/types\/product"}],"replies":[{"embeddable":true,"href":"https:\/\/minersking.com\/es\/wp-json\/wp\/v2\/comments?post=2060"}],"wp:featuredmedia":[{"embeddable":true,"href":"https:\/\/minersking.com\/es\/wp-json\/wp\/v2\/media\/2061"}],"wp:attachment":[{"href":"https:\/\/minersking.com\/es\/wp-json\/wp\/v2\/media?parent=2060"}],"wp:term":[{"taxonomy":"product_brand","embeddable":true,"href":"https:\/\/minersking.com\/es\/wp-json\/wp\/v2\/product_brand?post=2060"},{"taxonomy":"product_cat","embeddable":true,"href":"https:\/\/minersking.com\/es\/wp-json\/wp\/v2\/product_cat?post=2060"},{"taxonomy":"product_tag","embeddable":true,"href":"https:\/\/minersking.com\/es\/wp-json\/wp\/v2\/product_tag?post=2060"}],"curies":[{"name":"wp","href":"https:\/\/api.w.org\/{rel}","templated":true}]}}