{"id":2062,"date":"2024-01-01T06:54:09","date_gmt":"2024-01-01T06:54:09","guid":{"rendered":"http:\/\/minersking.com\/?post_type=product&#038;p=2062"},"modified":"2024-08-30T06:45:12","modified_gmt":"2024-08-30T06:45:12","slug":"iceriver-ks0-pro-200gh-psu-included","status":"publish","type":"product","link":"https:\/\/minersking.com\/es\/producto\/iceriver-ks0-pro-200gh-psu-included\/","title":{"rendered":"Iceriver KS0 Pro Kaspa ASIC Home Miner (200GH\/s)"},"content":{"rendered":"<h3>Descripci\u00f3n<\/h3>\n<p><strong>IceRiver\u00a0KS0 Pro<\/strong> was launched in Nov 2023 with\u00a0a maximum hashrate of<strong> 200 GH\/s<\/strong> y <strong>100W<\/strong> of power. It\u00a0uses the <strong>Algoritmo KHeavyHash<\/strong>.<\/p>\n<div class=\"table-wrapper\">\n<div class=\"table-wrapper\">\n<table>\n<tbody>\n<tr>\n<td width=\"496\">Tama\u00f1o<\/td>\n<td width=\"706\">200mm*194mm*74mm<\/td>\n<\/tr>\n<tr>\n<td width=\"496\">Eficacia<\/td>\n<td width=\"706\">200GH 100W<\/td>\n<\/tr>\n<tr>\n<td width=\"496\">Peso<\/td>\n<td width=\"706\">2,5 kilos<\/td>\n<\/tr>\n<tr>\n<td width=\"496\">Puerto de red<\/td>\n<td width=\"706\">ethernet<\/td>\n<\/tr>\n<tr>\n<td width=\"496\">Entrada de voltaje<\/td>\n<td width=\"706\">Con fuente de alimentaci\u00f3n: 100-240 VCA<\/p>\n<p>Sin fuente de alimentaci\u00f3n: 19-20 VCC<\/td>\n<\/tr>\n<tr>\n<td width=\"496\">Temperatura de trabajo<\/td>\n<td width=\"706\">0~35\u2103<\/td>\n<\/tr>\n<\/tbody>\n<\/table>\n<\/div>\n<\/div>\n<p>&nbsp;<\/p>\n<h3>Informaci\u00f3n adicional<\/h3>\n<ul>\n<li>P\u00f3ngase en contacto con nosotros para conocer los detalles de los distintos pedidos. El DDP (PRECIO con gastos de env\u00edo y aduana incluidos) tambi\u00e9n puede estar disponible en algunos pa\u00edses.<\/li>\n<li>Un pedido o pre-pedido no puede ser cancelado bajo ninguna circunstancia, ya que se considera definitivo una vez que ha sido confirmado con nosotros.<\/li>\n<\/ul>\n<h4 class=\"font-satoshi text-xl text-black dark:text-white md:text-xl lg:mb-2 lg:text-heading-5 xl:text-heading-5\">Algoritmos<\/h4>\n<p>Algoritmo: KHeavyHash<\/p>\n<p>Hashrate: 200 GH\/s<\/p>\n<p>Consumo: 100W<\/p>\n<p>Monedas acu\u00f1ables: Kaspa<\/p>\n<h4>Inicio Miner\u00eda Kaspa Miner<\/h4>\n<p>IceRiver lanz\u00f3 el KS0 Pro en Nov 2023 con un mayor hashrate y rendimiento de eficiencia como la versi\u00f3n mejorada del KS0. Tiene un dise\u00f1o moderno y f\u00e1cil de usar y tambi\u00e9n tiene un hashrate de 200GH\/s y un consumo de energ\u00eda de 100W.<\/p>","protected":false},"excerpt":{"rendered":"<p>Description IceRiver\u00a0KS0 Pro was launched in Nov 2023 with\u00a0a maximum hashrate of 200 GH\/s and 100W of power. It\u00a0uses the KHeavyHash algorithm. Size 200mm*194mm*74mm Efficiency 200GH 100W Weight 2.5kg Network Port ethernet Voltage Input With PSU: 100-240V AC Without PSU: 19-20V DC Working Temperature 0~35 \u2103 &nbsp; Additional information Contact us to learn more about [&hellip;]<\/p>","protected":false},"featured_media":2063,"comment_status":"open","ping_status":"closed","template":"","meta":[],"product_brand":[],"product_cat":[36,85],"product_tag":[],"class_list":{"0":"post-2062","1":"product","2":"type-product","3":"status-publish","4":"has-post-thumbnail","6":"product_cat-iceriver","7":"product_cat-iceriver-kaspa-mining","9":"first","10":"outofstock","11":"shipping-taxable","12":"purchasable","13":"product-type-simple"},"_links":{"self":[{"href":"https:\/\/minersking.com\/es\/wp-json\/wp\/v2\/product\/2062","targetHints":{"allow":["GET"]}}],"collection":[{"href":"https:\/\/minersking.com\/es\/wp-json\/wp\/v2\/product"}],"about":[{"href":"https:\/\/minersking.com\/es\/wp-json\/wp\/v2\/types\/product"}],"replies":[{"embeddable":true,"href":"https:\/\/minersking.com\/es\/wp-json\/wp\/v2\/comments?post=2062"}],"wp:featuredmedia":[{"embeddable":true,"href":"https:\/\/minersking.com\/es\/wp-json\/wp\/v2\/media\/2063"}],"wp:attachment":[{"href":"https:\/\/minersking.com\/es\/wp-json\/wp\/v2\/media?parent=2062"}],"wp:term":[{"taxonomy":"product_brand","embeddable":true,"href":"https:\/\/minersking.com\/es\/wp-json\/wp\/v2\/product_brand?post=2062"},{"taxonomy":"product_cat","embeddable":true,"href":"https:\/\/minersking.com\/es\/wp-json\/wp\/v2\/product_cat?post=2062"},{"taxonomy":"product_tag","embeddable":true,"href":"https:\/\/minersking.com\/es\/wp-json\/wp\/v2\/product_tag?post=2062"}],"curies":[{"name":"wp","href":"https:\/\/api.w.org\/{rel}","templated":true}]}}