{"id":2064,"date":"2024-01-01T06:55:49","date_gmt":"2024-01-01T06:55:49","guid":{"rendered":"http:\/\/minersking.com\/?post_type=product&#038;p=2064"},"modified":"2024-08-30T06:32:57","modified_gmt":"2024-08-30T06:32:57","slug":"iceriver-ks1-1th","status":"publish","type":"product","link":"https:\/\/minersking.com\/es\/producto\/iceriver-ks1-1th\/","title":{"rendered":"Iceriver KS1 Kaspa ASIC Miner (1TH\/s)"},"content":{"rendered":"<h2>Descripci\u00f3n<\/h2>\n<p>Iceriver Ks1 miners that utilize <strong>KHeavyHash<\/strong> can reach hash rates up to <strong>1TH\/s<\/strong> at minimal power usage of <strong>600W<\/strong>, providing miners with faster mining capability at specified times due to higher hashrate. For optimal hardware durability and mining performance, place Iceriver somewhere well ventilated for best results.<\/p>\n<div class=\"table-wrapper\">\n<table>\n<tbody>\n<tr>\n<td width=\"496\">Tama\u00f1o<\/td>\n<td width=\"706\">370mm*195mm*290mm<\/td>\n<\/tr>\n<tr>\n<td width=\"496\">Algoritmo<\/td>\n<td width=\"706\">Kaspa<\/td>\n<\/tr>\n<tr>\n<td width=\"496\">Peso<\/td>\n<td width=\"706\">12.5kg<\/td>\n<\/tr>\n<tr>\n<td width=\"496\">Puerto de red<\/td>\n<td width=\"706\">S\u00f3lo Ethernet<\/td>\n<\/tr>\n<tr>\n<td width=\"496\">Voltaje de entrada<\/td>\n<td width=\"706\">170-300V<\/td>\n<\/tr>\n<tr>\n<td width=\"496\">Temperatura de trabajo<\/td>\n<td width=\"706\">5~35 \u2103 (Place in an environment with good air circulation)<\/td>\n<\/tr>\n<\/tbody>\n<\/table>\n<p>&nbsp;<\/p>\n<h4 class=\"font-satoshi text-xl text-black dark:text-white md:text-xl lg:mb-2 lg:text-heading-5 xl:text-heading-5\">Algoritmos<\/h4>\n<p>Algoritmo: KHeavyHash<\/p>\n<p>Hashrate: 1TH\/s<\/p>\n<p>Consumption: 600W<\/p>\n<p>Monedas acu\u00f1ables: Kaspa(KAS)<\/p>\n<\/div>\n<h3><strong>Alephium Miner for Home Mining<\/strong><\/h3>\n<div class=\"table-wrapper\">\n<p>Iceriver, an advanced Kaspa miner introduced in September 2023 with an air cooling system, features two high-speed fans that cool the machine instantly and prevent overheating. For these machines, the optimal operating temperature range is between 5\u2103 and 35\u2103<\/p>\n<\/div>\n<h2>Informaci\u00f3n adicional<\/h2>\n<ul>\n<li>P\u00f3ngase en contacto con nosotros para conocer los detalles de los distintos pedidos. El DDP (PRECIO con gastos de env\u00edo y aduana incluidos) tambi\u00e9n puede estar disponible en algunos pa\u00edses.<\/li>\n<li>Un pedido o pre-pedido no puede ser cancelado bajo ninguna circunstancia, ya que se considera definitivo una vez que ha sido confirmado con nosotros.<\/li>\n<\/ul>\n<ul>\n<li style=\"list-style-type: none;\">\n<ul>\n<li style=\"list-style-type: none;\">\n<ul>\n<li style=\"list-style-type: none;\"><\/li>\n<\/ul>\n<\/li>\n<\/ul>\n<\/li>\n<\/ul>","protected":false},"excerpt":{"rendered":"<p>Description Iceriver Ks1 miners that utilize KHeavyHash can reach hash rates up to 1TH\/s at minimal power usage of 600W, providing miners with faster mining capability at specified times due to higher hashrate. For optimal hardware durability and mining performance, place Iceriver somewhere well ventilated for best results. Size 370mm*195mm*290mm Algorithm Kaspa Weight 12.5kg Network [&hellip;]<\/p>","protected":false},"featured_media":2065,"comment_status":"open","ping_status":"closed","template":"","meta":[],"product_brand":[],"product_cat":[36,85],"product_tag":[],"class_list":{"0":"post-2064","1":"product","2":"type-product","3":"status-publish","4":"has-post-thumbnail","6":"product_cat-iceriver","7":"product_cat-iceriver-kaspa-mining","9":"first","10":"outofstock","11":"shipping-taxable","12":"purchasable","13":"product-type-simple"},"_links":{"self":[{"href":"https:\/\/minersking.com\/es\/wp-json\/wp\/v2\/product\/2064","targetHints":{"allow":["GET"]}}],"collection":[{"href":"https:\/\/minersking.com\/es\/wp-json\/wp\/v2\/product"}],"about":[{"href":"https:\/\/minersking.com\/es\/wp-json\/wp\/v2\/types\/product"}],"replies":[{"embeddable":true,"href":"https:\/\/minersking.com\/es\/wp-json\/wp\/v2\/comments?post=2064"}],"wp:featuredmedia":[{"embeddable":true,"href":"https:\/\/minersking.com\/es\/wp-json\/wp\/v2\/media\/2065"}],"wp:attachment":[{"href":"https:\/\/minersking.com\/es\/wp-json\/wp\/v2\/media?parent=2064"}],"wp:term":[{"taxonomy":"product_brand","embeddable":true,"href":"https:\/\/minersking.com\/es\/wp-json\/wp\/v2\/product_brand?post=2064"},{"taxonomy":"product_cat","embeddable":true,"href":"https:\/\/minersking.com\/es\/wp-json\/wp\/v2\/product_cat?post=2064"},{"taxonomy":"product_tag","embeddable":true,"href":"https:\/\/minersking.com\/es\/wp-json\/wp\/v2\/product_tag?post=2064"}],"curies":[{"name":"wp","href":"https:\/\/api.w.org\/{rel}","templated":true}]}}