{"id":2066,"date":"2024-01-01T06:57:28","date_gmt":"2024-01-01T06:57:28","guid":{"rendered":"http:\/\/minersking.com\/?post_type=product&#038;p=2066"},"modified":"2024-08-21T09:11:03","modified_gmt":"2024-08-21T09:11:03","slug":"iceriver-kas-ks2-2th","status":"publish","type":"product","link":"https:\/\/minersking.com\/es\/producto\/iceriver-kas-ks2-2th\/","title":{"rendered":"Iceriver KS2 Kaspa ASIC Miner (2TH\/s)"},"content":{"rendered":"<h3>Descripci\u00f3n<\/h3>\n<p>In September 2023, <strong>r\u00edo de hielo<\/strong> released the KS2. As a Kaspa miner, it uses the <strong>Algoritmo KHeavyHash<\/strong> y puede alcanzar un hashrate m\u00e1ximo de <strong>2 TH\/s<\/strong> con un consumo de energ\u00eda de <strong>1200W<\/strong> for efficient Kaspa mining<\/p>\n<div class=\"table-wrapper\">\n<table>\n<tbody>\n<tr>\n<td width=\"496\">Tama\u00f1o<\/td>\n<td width=\"706\">490mm*300mm*400mm<\/td>\n<\/tr>\n<tr>\n<td width=\"496\">Algoritmo<\/td>\n<td width=\"706\">Kaspa<\/td>\n<\/tr>\n<tr>\n<td width=\"496\">Peso<\/td>\n<td width=\"706\">14,9 kg<\/td>\n<\/tr>\n<tr>\n<td width=\"496\">Puerto de red<\/td>\n<td width=\"706\">Ethernet<\/td>\n<\/tr>\n<tr>\n<td width=\"496\">Voltaje de entrada<\/td>\n<td width=\"706\">170-300V<\/td>\n<\/tr>\n<tr>\n<td width=\"496\">Temperatura de trabajo<\/td>\n<td width=\"706\">0~35\u2103<\/td>\n<\/tr>\n<\/tbody>\n<\/table>\n<\/div>\n<h4 class=\"font-satoshi text-xl text-black dark:text-white md:text-xl lg:mb-2 lg:text-heading-5 xl:text-heading-5\">Algoritmos<\/h4>\n<p>Algoritmo: KHeavyHash<\/p>\n<p>Hashrate: 2 TH\/s<\/p>\n<p>Consumption: 1200W<\/p>\n<p>Monedas acu\u00f1ables: Kaspa<\/p>\n<h4>Refrigeraci\u00f3n por aire Kaspa Miner<\/h4>\n<p>The IceRiver KS2 miner is a powerful ASIC designed for Kaspa mining in September 2023. It is one of the best Kaspa miners, with a hashrate of 15 TH\/s and a power consumption of 3400W, standing out as a high-performance and efficient machine<\/p>\n<h3>Informaci\u00f3n adicional<\/h3>\n<ul>\n<li>P\u00f3ngase en contacto con nosotros para conocer los detalles de los distintos pedidos. El DDP (PRECIO con gastos de env\u00edo y aduana incluidos) tambi\u00e9n puede estar disponible en algunos pa\u00edses.<\/li>\n<li>Un pedido o pre-pedido no puede ser cancelado bajo ninguna circunstancia, ya que se considera definitivo una vez que ha sido confirmado con nosotros.<\/li>\n<\/ul>","protected":false},"excerpt":{"rendered":"<p>Description In September 2023, IceRiver released the KS2. As a Kaspa miner, it uses the KHeavyHash algorithm and can reach a maximum hashrate of 2 TH\/s with a power consumption of 1200W for efficient Kaspa mining Size 490mm*300mm*400mm Algorithm Kaspa Weight 14.9kg Network Port Ethernet Imput Voltage 170-300V Working Temperature 0~35 \u2103 Algorithms Algorithm: KHeavyHash [&hellip;]<\/p>","protected":false},"featured_media":2067,"comment_status":"open","ping_status":"closed","template":"","meta":[],"product_brand":[],"product_cat":[36,85],"product_tag":[],"class_list":{"0":"post-2066","1":"product","2":"type-product","3":"status-publish","4":"has-post-thumbnail","6":"product_cat-iceriver","7":"product_cat-iceriver-kaspa-mining","9":"first","10":"outofstock","11":"shipping-taxable","12":"purchasable","13":"product-type-simple"},"_links":{"self":[{"href":"https:\/\/minersking.com\/es\/wp-json\/wp\/v2\/product\/2066","targetHints":{"allow":["GET"]}}],"collection":[{"href":"https:\/\/minersking.com\/es\/wp-json\/wp\/v2\/product"}],"about":[{"href":"https:\/\/minersking.com\/es\/wp-json\/wp\/v2\/types\/product"}],"replies":[{"embeddable":true,"href":"https:\/\/minersking.com\/es\/wp-json\/wp\/v2\/comments?post=2066"}],"wp:featuredmedia":[{"embeddable":true,"href":"https:\/\/minersking.com\/es\/wp-json\/wp\/v2\/media\/2067"}],"wp:attachment":[{"href":"https:\/\/minersking.com\/es\/wp-json\/wp\/v2\/media?parent=2066"}],"wp:term":[{"taxonomy":"product_brand","embeddable":true,"href":"https:\/\/minersking.com\/es\/wp-json\/wp\/v2\/product_brand?post=2066"},{"taxonomy":"product_cat","embeddable":true,"href":"https:\/\/minersking.com\/es\/wp-json\/wp\/v2\/product_cat?post=2066"},{"taxonomy":"product_tag","embeddable":true,"href":"https:\/\/minersking.com\/es\/wp-json\/wp\/v2\/product_tag?post=2066"}],"curies":[{"name":"wp","href":"https:\/\/api.w.org\/{rel}","templated":true}]}}