{"id":2073,"date":"2024-01-01T07:01:57","date_gmt":"2024-01-01T07:01:57","guid":{"rendered":"http:\/\/minersking.com\/?post_type=product&#038;p=2073"},"modified":"2024-08-30T06:27:54","modified_gmt":"2024-08-30T06:27:54","slug":"iceriver-ks3m-6th","status":"publish","type":"product","link":"https:\/\/minersking.com\/es\/producto\/iceriver-ks3m-6th\/","title":{"rendered":"Iceriver KS3M Kaspa ASIC Miner (6TH\/s)"},"content":{"rendered":"<div class=\"woocommerce-tabs wc-tabs-wrapper\">\n<h2>Descripci\u00f3n<\/h2>\n<p><strong>IceRiver KS3M<\/strong> est\u00e1 dise\u00f1ado en Sep 2023. Utiliza el <strong>Algoritmo KHeavyHash<\/strong>\u00a0y puede alcanzar un hashrate m\u00e1ximo de<strong> 6 TH\/s<\/strong>\u00a0consumiendo s\u00f3lo\u00a0<strong>3400W<\/strong>\u00a0de poder.<\/p>\n<div class=\"table-wrapper\">\n<table width=\"1026\">\n<tbody>\n<tr>\n<td width=\"265\">Hashrate de KAS<\/td>\n<td width=\"265\">6TH\/S(\u00b110%)<\/td>\n<\/tr>\n<tr>\n<td width=\"265\">Alimentaci\u00f3n de pared<\/td>\n<td width=\"265\">3400W\/h(\u00b110%)<\/td>\n<\/tr>\n<tr>\n<td width=\"265\">Especificaciones<\/td>\n<td width=\"265\">6\u00ba 3400W<\/td>\n<\/tr>\n<tr>\n<td width=\"265\">Dimensi\u00f3n (con embalaje)<\/td>\n<td width=\"265\">490\u00d7300\u00d7400(mil\u00edmetro)<\/td>\n<\/tr>\n<tr>\n<td width=\"265\">Dimensi\u00f3n<\/td>\n<td width=\"265\">370\u00d7195\u00d7290(mil\u00edmetro)<\/td>\n<\/tr>\n<tr>\n<td width=\"265\">Peso bruto<\/td>\n<td width=\"265\">17,1 kilos<\/td>\n<\/tr>\n<tr>\n<td width=\"265\">Peso neto<\/td>\n<td width=\"265\">14,4 kilos<\/td>\n<\/tr>\n<tr>\n<td width=\"265\">Conexi\u00f3n<\/td>\n<td width=\"265\">ethernet<\/td>\n<\/tr>\n<tr>\n<td width=\"265\">Entrada de voltaje<\/td>\n<td width=\"265\">170-300 VCA<\/td>\n<\/tr>\n<tr>\n<td width=\"265\">Temperatura de trabajo<\/td>\n<td width=\"265\">0~35\u2103<\/td>\n<\/tr>\n<\/tbody>\n<\/table>\n<\/div>\n<\/div>\n<div>\n<h4 class=\"font-satoshi text-xl text-black dark:text-white md:text-xl lg:mb-2 lg:text-heading-5 xl:text-heading-5\">Algoritmos<\/h4>\n<p>Algoritmo: KHeavyHash<\/p>\n<p>Hashrate: 6TH\/s<\/p>\n<p>Consumo: 3400W<\/p>\n<p>Monedas acu\u00f1ables: Kaspa(KAS)<\/p>\n<h4>Refrigeraci\u00f3n por aire Kaspa Miner<\/h4>\n<p>Iceriver lanz\u00f3 un nuevo minero Kaspa llamado KS3M en Sep 2023. Tiene un hashrate de 6 TH\/s y utiliza 3400 W de potencia para minar monedas Kaspa.<\/p>\n<p>La conocida marca Iceriver ha optimizado finamente su producto para el algoritmo KHeavyHash. Cuenta con un sistema de refrigeraci\u00f3n por aire que ayuda a eliminar el calor producido durante el proceso de miner\u00eda de criptomonedas. Recomendamos encarecidamente este equipo de miner\u00eda Kaspa para cualquiera que busque minar monedas Kaspa de manera eficiente y rentable.<\/p>\n<h2>Informaci\u00f3n adicional<\/h2>\n<ul>\n<li>P\u00f3ngase en contacto con nosotros para conocer los detalles de los distintos pedidos. Adem\u00e1s, el DDP (PRECIO con gastos de env\u00edo y aduana incluidos) tambi\u00e9n puede estar disponible en algunos pa\u00edses.<\/li>\n<li>Un pedido o pre-pedido no puede ser cancelado bajo ninguna circunstancia, ya que se considera definitivo una vez que ha sido confirmado con nosotros.<\/li>\n<\/ul>\n<\/div>","protected":false},"excerpt":{"rendered":"<p>Description IceRiver KS3M is designed in Sep 2023. It uses the KHeavyHash algorithm\u00a0and can reach a peak hashrate of 6 TH\/s\u00a0while consuming only\u00a03400W\u00a0of power. KAS Hashrate 6TH\/S(\u00b110%) Wall Power 3400W\/h(\u00b110%) Specifications 6TH 3400W Dimension(with packaging) 490\u00d7300\u00d7400(mm) Dimension 370\u00d7195\u00d7290(mm) Gross Weight 17.1kg Net Weight 14.4kg Connection ethernet Voltage Input 170-300V AC Working Temp 0~35 \u2103 Algorithms [&hellip;]<\/p>","protected":false},"featured_media":2079,"comment_status":"open","ping_status":"closed","template":"","meta":[],"product_brand":[],"product_cat":[36,85],"product_tag":[],"class_list":{"0":"post-2073","1":"product","2":"type-product","3":"status-publish","4":"has-post-thumbnail","6":"product_cat-iceriver","7":"product_cat-iceriver-kaspa-mining","9":"first","10":"instock","11":"featured","12":"shipping-taxable","13":"purchasable","14":"product-type-simple"},"_links":{"self":[{"href":"https:\/\/minersking.com\/es\/wp-json\/wp\/v2\/product\/2073","targetHints":{"allow":["GET"]}}],"collection":[{"href":"https:\/\/minersking.com\/es\/wp-json\/wp\/v2\/product"}],"about":[{"href":"https:\/\/minersking.com\/es\/wp-json\/wp\/v2\/types\/product"}],"replies":[{"embeddable":true,"href":"https:\/\/minersking.com\/es\/wp-json\/wp\/v2\/comments?post=2073"}],"wp:featuredmedia":[{"embeddable":true,"href":"https:\/\/minersking.com\/es\/wp-json\/wp\/v2\/media\/2079"}],"wp:attachment":[{"href":"https:\/\/minersking.com\/es\/wp-json\/wp\/v2\/media?parent=2073"}],"wp:term":[{"taxonomy":"product_brand","embeddable":true,"href":"https:\/\/minersking.com\/es\/wp-json\/wp\/v2\/product_brand?post=2073"},{"taxonomy":"product_cat","embeddable":true,"href":"https:\/\/minersking.com\/es\/wp-json\/wp\/v2\/product_cat?post=2073"},{"taxonomy":"product_tag","embeddable":true,"href":"https:\/\/minersking.com\/es\/wp-json\/wp\/v2\/product_tag?post=2073"}],"curies":[{"name":"wp","href":"https:\/\/api.w.org\/{rel}","templated":true}]}}