{"id":2171,"date":"2024-01-04T07:57:43","date_gmt":"2024-01-04T07:57:43","guid":{"rendered":"http:\/\/minersking.com\/?post_type=product&#038;p=2171"},"modified":"2024-12-09T06:45:43","modified_gmt":"2024-12-09T06:45:43","slug":"bitmain-antminer-t21-190th-s-233th-s-3610w","status":"publish","type":"product","link":"https:\/\/minersking.com\/es\/producto\/bitmain-antminer-t21-190th-s-233th-s-3610w\/","title":{"rendered":"Bitmain Antminer T21 Bitcoin Miner (190TH\/s)"},"content":{"rendered":"<h2>Descripci\u00f3n<\/h2>\n<div id=\"tab-description\" class=\"woocommerce-Tabs-panel woocommerce-Tabs-panel--description panel entry-content wc-tab\" role=\"tabpanel\" aria-labelledby=\"tab-title-description\">\n<p>The Bitmain Antminer T21, with its remarkable specifications, stands as a high-performance powerhouse in the world of cryptocurrency mining. Equipped with the SHA256 algorithm, it is tailored to mine popular cryptocurrencies like Bitcoin (BTC), Bitcoin Cash (BCH), and Bitcoin SV (BSV). Its impressive hashrate of 190TH\/s ensures efficient and rapid mining operations, making it a valuable asset for cryptocurrency enthusiasts and miners. At an operating temperature range of 0-45\u00b0C, this miner can handle various environmental conditions, and its power efficiency of 19.0J\/TH ensures that it maintains a balanced power consumption while delivering exceptional performance.<\/p>\n<h2>Especificaciones<\/h2>\n<table style=\"height: 184px;\" width=\"1085\">\n<tbody>\n<tr class=\"title\">\n<td><strong>Vistazo al producto<\/strong><\/td>\n<td><\/td>\n<\/tr>\n<tr>\n<td>Modelo<\/td>\n<td>Bitmain Antminer T21<\/td>\n<\/tr>\n<tr>\n<td>Algoritmo | Criptomoneda<\/td>\n<td>SHA256 | BTC\/BCH\/BSV<\/td>\n<\/tr>\n<tr>\n<td>Tasa de hash<\/td>\n<td>190TH\/s \u2013 233TH\/s<\/td>\n<\/tr>\n<tr>\n<td>Encienda la pared a 25\u00b0C<\/td>\n<td>3610W<\/td>\n<\/tr>\n<tr>\n<td>Eficiencia energ\u00e9tica en pared a 25\u00b0C<\/td>\n<td>19.0J\/TH<\/td>\n<\/tr>\n<\/tbody>\n<\/table>\n<table width=\"1084\">\n<tbody>\n<tr class=\"title\">\n<td><strong>Caracter\u00edsticas detalladas<\/strong><\/td>\n<td><\/td>\n<\/tr>\n<tr class=\"sub-title\">\n<td>Fuente de alimentaci\u00f3n<\/td>\n<td><\/td>\n<\/tr>\n<tr>\n<td>Fuente de alimentaci\u00f3n CA Tensi\u00f3n de entrada<\/td>\n<td>380~415V<\/td>\n<\/tr>\n<tr>\n<td>Fuente de alimentaci\u00f3n Entrada de CA Rango de frecuencia<\/td>\n<td>50~60Hz<\/td>\n<\/tr>\n<tr>\n<td>Fuente de alimentaci\u00f3n Corriente de entrada CA<\/td>\n<td>Amperio 12<\/td>\n<\/tr>\n<tr class=\"sub-title\">\n<td><strong>Configuraci\u00f3n de hardware<\/strong><\/td>\n<td><\/td>\n<\/tr>\n<tr>\n<td>Modo de conexi\u00f3n de red<\/td>\n<td>Ethernet RJ45 10\/100M<\/td>\n<\/tr>\n<tr>\n<td>Tama\u00f1o del minero (largo*ancho*alto, sin paquete)<\/td>\n<td>400*195*290mm<\/td>\n<\/tr>\n<tr>\n<td>Tama\u00f1o del minero (largo*ancho*alto, con paquete)<\/td>\n<td>570*316*430mm<\/td>\n<\/tr>\n<tr>\n<td>Peso neto<\/td>\n<td>16,4 kilos<\/td>\n<\/tr>\n<tr>\n<td>Peso bruto<\/td>\n<td>18,1 kilos<\/td>\n<\/tr>\n<tr class=\"sub-title\">\n<td><strong>Requisitos ambientales<\/strong><\/td>\n<td><\/td>\n<\/tr>\n<tr>\n<td>Temperatura de operacion<\/td>\n<td>0~45\u00b0C<\/td>\n<\/tr>\n<tr>\n<td>Temperatura de almacenamiento<\/td>\n<td>-40~85\u00b0C<\/td>\n<\/tr>\n<tr>\n<td>Humedad de funcionamiento (sin condensaci\u00f3n)<\/td>\n<td>10~90%RH<\/td>\n<\/tr>\n<tr>\n<td>Altitud de operaci\u00f3n<\/td>\n<td>\u22642000m<\/td>\n<\/tr>\n<\/tbody>\n<\/table>\n<h2><span style=\"font-size: 16px;\">Algoritmos<\/span><\/h2>\n<\/div>\n<div id=\"tab-description\" class=\"woocommerce-Tabs-panel woocommerce-Tabs-panel--description panel entry-content wc-tab\" role=\"tabpanel\" aria-labelledby=\"tab-title-description\">\n<p>Algoritmo: SHA-256<\/p>\n<p>Hashrate: 190 Th\/s<\/p>\n<p>Consumption: 3610W<\/p>\n<p>Monedas minables: Bitcoin<\/p>\n<h4>Air Cooling Bitcoin Miner<\/h4>\n<p>The Bitmain Antminer T21 miner not only excels in performance but also in its robust hardware configuration. With a power supply that accepts an AC input voltage of 380~415V and an input frequency range of 50~60Hz, it ensures stable and reliable operation. Its networking connection mode via RJ45 Ethernet 10\/100M facilitates easy connectivity, and the miner&#8217;s compact size (400<em>195<\/em>290 mm) con un peso neto de 16,4 kg lo hace adecuado para una variedad de configuraciones de miner\u00eda. Adem\u00e1s, su durabilidad se ve reforzada por una altitud operativa de hasta 2000 m, lo que la convierte en una opci\u00f3n vers\u00e1til para los mineros que buscan una soluci\u00f3n de miner\u00eda de criptomonedas confiable y eficiente.<\/p>\n<h2>Informaci\u00f3n adicional<\/h2>\n<ul>\n<li>P\u00f3ngase en contacto con nosotros para conocer los detalles de los distintos pedidos. El DDP (PRECIO con gastos de env\u00edo y aduana incluidos) tambi\u00e9n puede estar disponible en algunos pa\u00edses.<\/li>\n<li>Un pedido o pre-pedido no puede ser cancelado bajo ninguna circunstancia, ya que se considera definitivo una vez que ha sido confirmado con nosotros.<\/li>\n<\/ul>\n<\/div>","protected":false},"excerpt":{"rendered":"<p>Description The Bitmain Antminer T21, with its remarkable specifications, stands as a high-performance powerhouse in the world of cryptocurrency mining. Equipped with the SHA256 algorithm, it is tailored to mine popular cryptocurrencies like Bitcoin (BTC), Bitcoin Cash (BCH), and Bitcoin SV (BSV). Its impressive hashrate of 190TH\/s ensures efficient and rapid mining operations, making it [&hellip;]<\/p>","protected":false},"featured_media":2652,"comment_status":"open","ping_status":"closed","template":"","meta":[],"product_brand":[],"product_cat":[81,33,44],"product_tag":[],"class_list":{"0":"post-2171","1":"product","2":"type-product","3":"status-publish","4":"has-post-thumbnail","6":"product_cat-hot-selling","7":"product_cat-antminer","8":"product_cat-bitcoin-mining","10":"first","11":"instock","12":"shipping-taxable","13":"purchasable","14":"product-type-simple"},"_links":{"self":[{"href":"https:\/\/minersking.com\/es\/wp-json\/wp\/v2\/product\/2171","targetHints":{"allow":["GET"]}}],"collection":[{"href":"https:\/\/minersking.com\/es\/wp-json\/wp\/v2\/product"}],"about":[{"href":"https:\/\/minersking.com\/es\/wp-json\/wp\/v2\/types\/product"}],"replies":[{"embeddable":true,"href":"https:\/\/minersking.com\/es\/wp-json\/wp\/v2\/comments?post=2171"}],"wp:featuredmedia":[{"embeddable":true,"href":"https:\/\/minersking.com\/es\/wp-json\/wp\/v2\/media\/2652"}],"wp:attachment":[{"href":"https:\/\/minersking.com\/es\/wp-json\/wp\/v2\/media?parent=2171"}],"wp:term":[{"taxonomy":"product_brand","embeddable":true,"href":"https:\/\/minersking.com\/es\/wp-json\/wp\/v2\/product_brand?post=2171"},{"taxonomy":"product_cat","embeddable":true,"href":"https:\/\/minersking.com\/es\/wp-json\/wp\/v2\/product_cat?post=2171"},{"taxonomy":"product_tag","embeddable":true,"href":"https:\/\/minersking.com\/es\/wp-json\/wp\/v2\/product_tag?post=2171"}],"curies":[{"name":"wp","href":"https:\/\/api.w.org\/{rel}","templated":true}]}}