{"id":2320,"date":"2024-02-29T08:40:43","date_gmt":"2024-02-29T08:40:43","guid":{"rendered":"http:\/\/minersking.com\/?post_type=product&#038;p=2320"},"modified":"2024-09-06T04:59:36","modified_gmt":"2024-09-06T04:59:36","slug":"bitmain-antminer-ks5-kaspa-miner-20t","status":"publish","type":"product","link":"https:\/\/minersking.com\/es\/producto\/bitmain-antminer-ks5-kaspa-miner-20t\/","title":{"rendered":"Bitmain Antminer KS5 Kaspa Miner (20TH\/s)"},"content":{"rendered":"<p><strong>NOTA:<\/strong><\/p>\n<p>1. Si el usuario no utiliza el producto de acuerdo con las instrucciones, especificaciones y condiciones proporcionadas, o cambia la configuraci\u00f3n de la funci\u00f3n sin el consentimiento previo de BITMAIN, BITMAIN no ser\u00e1 responsable de ning\u00fan da\u00f1o que surja de ello.<\/p>\n<p>(1-1) El valor de Hashrate, la potencia en la pared y la eficiencia energ\u00e9tica en la pared son valores t\u00edpicos. El valor de Hashrate real fluct\u00faa en \u00b13%, y la potencia real en la pared y la eficiencia energ\u00e9tica en la pared fluct\u00faan en \u00b15%.<\/p>\n<p>(2-1) Precauci\u00f3n: El voltaje de entrada incorrecto puede da\u00f1ar el servidor.<\/p>\n<p>(2-2) \u200b\u200bUn cable de entrada de 20 A.<\/p>\n<p>(2-3) Precauci\u00f3n: Se recomienda encarecidamente que la potencia en la pared del minero no exceda este valor.<\/p>\n<p>(2-4) Condici\u00f3n m\u00e1xima: el ventilador est\u00e1 por debajo de las RPM m\u00e1ximas (rotaci\u00f3n por minuto).<\/p>\n<p>(2-5) Cuando el minero se utiliza a una altitud de 900 ma 2000 m, la temperatura de funcionamiento m\u00e1s alta disminuye en 1 \u00b0C por cada aumento de 300 m.<\/p>\n<div class=\"table-wrapper\">\n<table>\n<tbody>\n<tr class=\"title\">\n<td>Vistazo al producto<\/td>\n<td><\/td>\n<\/tr>\n<tr>\n<td>Modelo<\/td>\n<td>KS5<\/td>\n<\/tr>\n<tr>\n<td>Versi\u00f3n<\/td>\n<td>KS1-20<\/td>\n<\/tr>\n<tr>\n<td>Sub<\/td>\n<td>est\u00e1ndar<\/td>\n<\/tr>\n<tr>\n<td>Algoritmo | Criptomoneda<\/td>\n<td>kHeavyHash | KAS<\/td>\n<\/tr>\n<tr>\n<td>Tasa de hash, TH\/s<sup>(1-1)<\/sup><\/td>\n<td>20<\/td>\n<\/tr>\n<tr>\n<td>Alimentaci\u00f3n en la pared a 25 \u00b0C, vatios<sup>(1-1)<\/sup><\/td>\n<td>3000<\/td>\n<\/tr>\n<tr>\n<td>Eficiencia energ\u00e9tica en pared a 25\u00b0C, J\/T<sup>(1-1)<\/sup><\/td>\n<td>150<\/td>\n<\/tr>\n<\/tbody>\n<\/table>\n<\/div>\n<div class=\"table-wrapper\">\n<table>\n<tbody>\n<tr class=\"title\">\n<td>Caracter\u00edsticas detalladas<\/td>\n<td><\/td>\n<\/tr>\n<tr class=\"sub-title\">\n<td>Fuente de alimentaci\u00f3n<\/td>\n<td><\/td>\n<\/tr>\n<tr>\n<td>Fuente de alimentaci\u00f3n CA Rango de voltaje de entrada V<sup>(2-1)<\/sup><\/td>\n<td>220~277 VCA<\/td>\n<\/tr>\n<tr>\n<td>Fuente de alimentaci\u00f3n Entrada de CA Rango de frecuencia, Hz<\/td>\n<td>47~63<\/td>\n<\/tr>\n<tr>\n<td>Fuente de alimentaci\u00f3n Corriente de entrada de CA, amperios<sup>(2-2)<\/sup><\/td>\n<td>20<\/td>\n<\/tr>\n<tr>\n<td>Requisitos de potencia de salida de CA adaptada W<sup>(2-3)<\/sup><\/td>\n<td>4000<\/td>\n<\/tr>\n<tr class=\"sub-title\">\n<td>Configuraci\u00f3n de hardware<\/td>\n<td><\/td>\n<\/tr>\n<tr>\n<td>Modo de conexi\u00f3n de red<\/td>\n<td>Ethernet RJ45 10\/100M<\/td>\n<\/tr>\n<tr>\n<td>Tama\u00f1o del minero (largo*ancho*alto, sin paquete), mm<\/td>\n<td>430*195.5*290<\/td>\n<\/tr>\n<tr>\n<td>Tama\u00f1o del minero (largo*ancho*alto, con paquete), mm<\/td>\n<td>570*316*430<\/td>\n<\/tr>\n<tr>\n<td>Peso neto \/ kg<\/td>\n<td>15.8<\/td>\n<\/tr>\n<tr>\n<td>Peso bruto (kg<\/td>\n<td>17.7<\/td>\n<\/tr>\n<tr>\n<td>Ruido, dBA@25\u00b0C<sup>(2-4)<\/sup><\/td>\n<td>76<\/td>\n<\/tr>\n<tr class=\"sub-title\">\n<td>Requisitos ambientales<\/td>\n<td><\/td>\n<\/tr>\n<tr>\n<td>Temperatura de funcionamiento,\u00b0C<\/td>\n<td>0~40<\/td>\n<\/tr>\n<tr>\n<td>Temperatura de almacenamiento,\u00b0C<\/td>\n<td>-20~70<\/td>\n<\/tr>\n<tr>\n<td>Humedad de funcionamiento (sin condensaci\u00f3n), RH<\/td>\n<td>10~90%<\/td>\n<\/tr>\n<tr>\n<td>Altitud de operaci\u00f3n, m<sup>(2-5)<\/sup><\/td>\n<td>\u22642000<\/td>\n<\/tr>\n<\/tbody>\n<\/table>\n<\/div>\n<p>&nbsp;<\/p>\n<h3>Informaci\u00f3n adicional<\/h3>\n<p><strong>|<\/strong>\u00a0<strong>Directrices de compra<\/strong><\/p>\n<ol>\n<li>Los costos de env\u00edo, cargos de aduana e impuestos (si los hubiera) no est\u00e1n incluidos en el precio minorista que se muestra arriba. Bienvenido a solicitar detalles para diferentes pedidos.<br \/>\nPara algunos pa\u00edses, tambi\u00e9n se puede proporcionar el servicio DDP (PRECIO que incluye el costo personalizado y los gastos de env\u00edo).<\/li>\n<li>Las im\u00e1genes mostradas son s\u00f3lo como referencia; prevalecer\u00e1 la versi\u00f3n final del env\u00edo.<\/li>\n<li>Le solicitamos amablemente que comprenda que una vez que se ha realizado un pedido o pedido anticipado a BITMARS Group, se considera definitivo y no se puede cancelar.<\/li>\n<\/ol>\n<p><strong>| Detalles de env\u00edo<\/strong><\/p>\n<ol>\n<li>Los env\u00edos se programar\u00e1n seg\u00fan el principio de primer pago para los pedidos en los que MinersKing haya recibido el pago completo.<\/li>\n<li>Para el pedido anticipado, cuya fecha de entrega espec\u00edfica est\u00e1 sujeta a la f\u00e1brica. Si hay alguna actualizaci\u00f3n sobre el cronograma, MinersKing mantendr\u00e1 al comprador completamente informado.<\/li>\n<li>Haga clic aqu\u00ed para descargar Certificados de conformidad y encontrar informaci\u00f3n adicional sobre el despacho de aduanas para los productos MinersKing.<\/li>\n<\/ol>\n<p><strong>| Garant\u00eda<\/strong><\/p>\n<ol>\n<li>Tenga en cuenta que para los mineros 100% nuevos, la garant\u00eda es de 12 meses\/6 meses (hasta una pol\u00edtica diferente a la de f\u00e1brica) desde la producci\u00f3n en f\u00e1brica.<\/li>\n<li>MinersKing cubrir\u00e1 los costos de env\u00edo cuando env\u00ede una unidad de reemplazo dentro del per\u00edodo de garant\u00eda.<\/li>\n<li>Si el usuario no utiliza el producto seg\u00fan las instrucciones, especificaciones y condiciones proporcionadas o cambia la configuraci\u00f3n de funciones de la unidad sin el consentimiento previo de MinersKing, MinersKing no ser\u00e1 responsable de ning\u00fan da\u00f1o que surja de ello.<\/li>\n<\/ol>","protected":false},"excerpt":{"rendered":"<p>Modelo\u00a0<b>Antminero KS5\u00a0<\/b>de\u00a0<b>Bitmain\u00a0<\/b><strong>miner\u00eda<\/strong>\u00a0Algoritmo KHeavyHash<b>\u00a0<\/b>con un hashrate m\u00e1ximo de\u00a0<strong>20<\/strong><b>\u00a0<\/b>para un consumo de energ\u00eda de\u00a0<strong>3000W<\/strong><b>.<\/b><\/p>\n<p>Debido a los r\u00e1pidos cambios del mercado, los precios de los mineros pueden fluctuar varias veces incluso en un per\u00edodo corto. Confirme el precio con nuestras ventas antes de realizar el pago.<\/p>","protected":false},"featured_media":2712,"comment_status":"open","ping_status":"closed","template":"","meta":[],"product_brand":[],"product_cat":[33,49],"product_tag":[],"class_list":{"0":"post-2320","1":"product","2":"type-product","3":"status-publish","4":"has-post-thumbnail","6":"product_cat-antminer","7":"product_cat-kaspa-mining","9":"first","10":"instock","11":"shipping-taxable","12":"purchasable","13":"product-type-simple"},"_links":{"self":[{"href":"https:\/\/minersking.com\/es\/wp-json\/wp\/v2\/product\/2320","targetHints":{"allow":["GET"]}}],"collection":[{"href":"https:\/\/minersking.com\/es\/wp-json\/wp\/v2\/product"}],"about":[{"href":"https:\/\/minersking.com\/es\/wp-json\/wp\/v2\/types\/product"}],"replies":[{"embeddable":true,"href":"https:\/\/minersking.com\/es\/wp-json\/wp\/v2\/comments?post=2320"}],"wp:featuredmedia":[{"embeddable":true,"href":"https:\/\/minersking.com\/es\/wp-json\/wp\/v2\/media\/2712"}],"wp:attachment":[{"href":"https:\/\/minersking.com\/es\/wp-json\/wp\/v2\/media?parent=2320"}],"wp:term":[{"taxonomy":"product_brand","embeddable":true,"href":"https:\/\/minersking.com\/es\/wp-json\/wp\/v2\/product_brand?post=2320"},{"taxonomy":"product_cat","embeddable":true,"href":"https:\/\/minersking.com\/es\/wp-json\/wp\/v2\/product_cat?post=2320"},{"taxonomy":"product_tag","embeddable":true,"href":"https:\/\/minersking.com\/es\/wp-json\/wp\/v2\/product_tag?post=2320"}],"curies":[{"name":"wp","href":"https:\/\/api.w.org\/{rel}","templated":true}]}}