{"id":2325,"date":"2024-02-29T08:45:31","date_gmt":"2024-02-29T08:45:31","guid":{"rendered":"http:\/\/minersking.com\/?post_type=product&#038;p=2325"},"modified":"2026-02-11T11:06:00","modified_gmt":"2026-02-11T11:06:00","slug":"bitmain-antminer-ks5-pro-kas-miner-21th","status":"publish","type":"product","link":"https:\/\/minersking.com\/es\/producto\/bitmain-antminer-ks5-pro-kas-miner-21th\/","title":{"rendered":"Bitmain Antminer KS5 Pro Kaspa Miner (21TH\/s)"},"content":{"rendered":"<div class=\"woocommerce-tabs wc-tabs-wrapper\" data-type=\"type-1:center\">\n<h2 style=\"text-align: left;\">Descripci\u00f3n<\/h2>\n<p style=\"text-align: left;\"><strong>Bitmain Antminer KS5 Pro<\/strong> is designed in Mar 2024. It uses the <strong>Algoritmo KHeavyHash<\/strong>\u00a0y puede alcanzar un hashrate m\u00e1ximo de<strong> 21 TH\/s<\/strong> while consuming <strong>3150W<\/strong>\u00a0de poder.<\/p>\n<h2 style=\"text-align: left;\">Especificaci\u00f3n<\/h2>\n<table width=\"1026\">\n<tbody>\n<tr>\n<td width=\"265\">Tasa de hash<\/td>\n<td width=\"265\">21TH\/s<\/td>\n<\/tr>\n<tr>\n<td width=\"265\">Fuerza<\/td>\n<td width=\"265\">3150W<\/td>\n<\/tr>\n<tr>\n<td width=\"265\">Lanzamiento<\/td>\n<td width=\"265\">Mar 2024<\/td>\n<\/tr>\n<tr>\n<td width=\"265\">Size without package<\/td>\n<td width=\"265\">430 x 195.5 x 290 (mm)<\/td>\n<\/tr>\n<tr>\n<td width=\"265\">Tama\u00f1o con envase<\/td>\n<td width=\"265\">570 x 316 x 430 (mm)<\/td>\n<\/tr>\n<tr>\n<td width=\"265\">Peso bruto<\/td>\n<td width=\"265\">17,7 kg<\/td>\n<\/tr>\n<tr>\n<td width=\"265\">Peso neto<\/td>\n<td width=\"265\">16.1kg<\/td>\n<\/tr>\n<tr>\n<td width=\"265\">Puerto de red<\/td>\n<td width=\"265\">Ethernet<\/td>\n<\/tr>\n<tr>\n<td width=\"265\">Entrada de voltaje<\/td>\n<td width=\"265\">170-300 VCA<\/td>\n<\/tr>\n<tr>\n<td width=\"265\">Temperatura de trabajo<\/td>\n<td width=\"265\">0~35\u2103<\/td>\n<\/tr>\n<\/tbody>\n<\/table>\n<\/div>\n<div>\n<h4 class=\"font-satoshi text-xl text-black dark:text-white md:text-xl lg:mb-2 lg:text-heading-5 xl:text-heading-5\" style=\"text-align: left;\">Algoritmos<\/h4>\n<p style=\"text-align: left;\">Algoritmo: KHeavyHash<\/p>\n<p style=\"text-align: left;\">Hashrate: 21TH\/s<\/p>\n<p style=\"text-align: left;\">Consumo: 3150W<\/p>\n<p style=\"text-align: left;\">Monedas acu\u00f1ables: Kaspa(KAS)<\/p>\n<h4 style=\"text-align: left;\">Refrigeraci\u00f3n por aire Kaspa Miner<\/h4>\n<p>Bitmain, one of the leading manufacturers of digital currency mining servers in the world, owning the brand ANTMINER, introduced the Antminer KS5 Pro on March, 2024. The Antminer KS5 Pro is a powerful machine with a 21 TH\/s hashrate and 3150W power consumption. It offers a good level of profitability when mining Kaspa with the KHeavyHash algorithm. The air cooling system helps dissipate heat generated during crypto mining.<\/p>\n<p><strong>This Kaspa mining rig is highly recommended<\/strong> for anyone who wants to mine Kaspa coin efficiently and profitably. The Bitmain Antminer KS5 Pro is a high-quality mining machine with impressive specifications. It allows users to mine cryptocurrency while maintaining both performance and reliability<\/p>\n<h2 style=\"text-align: left;\">Informaci\u00f3n adicional<\/h2>\n<ul>\n<li style=\"text-align: left;\">P\u00f3ngase en contacto con nosotros para conocer los detalles de los distintos pedidos. Adem\u00e1s, el DDP (PRECIO con gastos de env\u00edo y aduana incluidos) tambi\u00e9n puede estar disponible en algunos pa\u00edses.<\/li>\n<li style=\"text-align: left;\">Un pedido o pre-pedido no puede ser cancelado bajo ninguna circunstancia, ya que se considera definitivo una vez que ha sido confirmado con nosotros.<\/li>\n<\/ul>\n<\/div>","protected":false},"excerpt":{"rendered":"<p>Description Bitmain Antminer KS5 Pro is designed in Mar 2024. It uses the KHeavyHash algorithm\u00a0and can reach a peak hashrate of 21 TH\/s while consuming 3150W\u00a0of power. Specification Hashrate 21TH\/s Power 3150W Launch Mar 2024 Size without package 430 x 195.5 x 290 (mm) Size with package 570 x 316 x 430 (mm) Gross Weight [&hellip;]<\/p>","protected":false},"featured_media":2651,"comment_status":"open","ping_status":"closed","template":"","meta":[],"product_brand":[],"product_cat":[81,33,49],"product_tag":[],"class_list":{"0":"post-2325","1":"product","2":"type-product","3":"status-publish","4":"has-post-thumbnail","6":"product_cat-hot-selling","7":"product_cat-antminer","8":"product_cat-kaspa-mining","10":"first","11":"instock","12":"shipping-taxable","13":"purchasable","14":"product-type-simple"},"_links":{"self":[{"href":"https:\/\/minersking.com\/es\/wp-json\/wp\/v2\/product\/2325","targetHints":{"allow":["GET"]}}],"collection":[{"href":"https:\/\/minersking.com\/es\/wp-json\/wp\/v2\/product"}],"about":[{"href":"https:\/\/minersking.com\/es\/wp-json\/wp\/v2\/types\/product"}],"replies":[{"embeddable":true,"href":"https:\/\/minersking.com\/es\/wp-json\/wp\/v2\/comments?post=2325"}],"wp:featuredmedia":[{"embeddable":true,"href":"https:\/\/minersking.com\/es\/wp-json\/wp\/v2\/media\/2651"}],"wp:attachment":[{"href":"https:\/\/minersking.com\/es\/wp-json\/wp\/v2\/media?parent=2325"}],"wp:term":[{"taxonomy":"product_brand","embeddable":true,"href":"https:\/\/minersking.com\/es\/wp-json\/wp\/v2\/product_brand?post=2325"},{"taxonomy":"product_cat","embeddable":true,"href":"https:\/\/minersking.com\/es\/wp-json\/wp\/v2\/product_cat?post=2325"},{"taxonomy":"product_tag","embeddable":true,"href":"https:\/\/minersking.com\/es\/wp-json\/wp\/v2\/product_tag?post=2325"}],"curies":[{"name":"wp","href":"https:\/\/api.w.org\/{rel}","templated":true}]}}