{"id":2340,"date":"2024-04-07T06:34:19","date_gmt":"2024-04-07T06:34:19","guid":{"rendered":"http:\/\/minersking.com\/?post_type=product&#038;p=2340"},"modified":"2024-08-30T06:20:24","modified_gmt":"2024-08-30T06:20:24","slug":"iceriver-ks5l-kaspa-miner-12th-s","status":"publish","type":"product","link":"https:\/\/minersking.com\/es\/producto\/iceriver-ks5l-kaspa-miner-12th-s\/","title":{"rendered":"Iceriver KS5L Kaspa ASIC Miner (12Th\/s)"},"content":{"rendered":"<h2>Descripci\u00f3n<\/h2>\n<p><strong>r\u00edo de hielo<\/strong> lanz\u00f3 el KS5L en junio de 2024, que utiliza el <strong>Algoritmo KHeavyHash<\/strong>. Puede alcanzar un hashrate m\u00e1ximo de <strong>12 TH\/s<\/strong> consumiendo s\u00f3lo <strong>3400W<\/strong> de poder.<\/p>\n<h2>Especificaciones<\/h2>\n<table class=\"table table-striped\">\n<tbody>\n<tr>\n<th scope=\"row\">Marca<\/th>\n<td>Iceriver<\/td>\n<\/tr>\n<tr>\n<th scope=\"row\">Modelo<\/th>\n<td>KS5L<\/td>\n<\/tr>\n<tr>\n<th scope=\"row\">Tambi\u00e9n llamado<\/th>\n<td>Iceriver KS5L KAS Miner<\/td>\n<\/tr>\n<tr>\n<th scope=\"row\">Lanzamiento<\/th>\n<td>Abril de 2024<\/td>\n<\/tr>\n<tr>\n<th scope=\"row\">Peso neto<\/th>\n<td>15000g<\/td>\n<\/tr>\n<tr>\n<th scope=\"row\">Peso bruto<\/th>\n<td>16500g<\/td>\n<\/tr>\n<tr>\n<th scope=\"row\">Nivel de ruido<\/th>\n<td>75dB<\/td>\n<\/tr>\n<tr>\n<th scope=\"row\">Size without\u00a0 package<\/th>\n<td>370 x 195 x 290 mm<\/td>\n<\/tr>\n<tr>\n<th scope=\"row\">Tama\u00f1o con<\/th>\n<td>490 x 300 x 400 mm<\/td>\n<\/tr>\n<tr>\n<th scope=\"row\">Voltaje<\/th>\n<td>170-300V<\/td>\n<\/tr>\n<tr>\n<th scope=\"row\">Fuerza<\/th>\n<td>3400W<\/td>\n<\/tr>\n<tr>\n<th scope=\"row\">Puerto de red<\/th>\n<td>Ethernet<\/td>\n<\/tr>\n<tr>\n<th scope=\"row\">Temperatura<\/th>\n<td>0 - 35 \u00b0C<\/td>\n<\/tr>\n<\/tbody>\n<\/table>\n<h4 class=\"font-satoshi text-xl text-black dark:text-white md:text-xl lg:mb-2 lg:text-heading-5 xl:text-heading-5\">Algoritmos<\/h4>\n<p>Algoritmo: KHeavyHash<\/p>\n<p>Hashrate: 12Th\/s<\/p>\n<p>Consumo: 3400W<\/p>\n<p>Monedas acu\u00f1ables: Kaspa<\/p>\n<h4>Refrigeraci\u00f3n por aire Kaspa Miner<\/h4>\n<p>Iceriver lanz\u00f3 un nuevo minero Kaspa llamado KS5L en abril de 2024. Tiene un hashrate de 12 TH\/s y utiliza 3400 W de potencia para minar monedas Kaspa. Con su eficiente rendimiento y bajo consumo de energ\u00eda, la rentabilidad del Iceriver KS5L se sit\u00faa entre las mejores para minar monedas Kaspa.<\/p>\n<p>La conocida marca Iceriver ha optimizado finamente su producto para el algoritmo KHeavyHash. Cuenta con un sistema de refrigeraci\u00f3n por aire que ayuda a eliminar el calor producido durante el proceso de miner\u00eda de criptomonedas. Recomendamos encarecidamente este equipo de miner\u00eda Kaspa para cualquiera que busque minar monedas Kaspa de manera eficiente y rentable.<\/p>","protected":false},"excerpt":{"rendered":"<p>Description IceRiver launched the KS5L in June 2024, which uses the KHeavyHash algorithm. It can achieve a maximum hashrate of 12 TH\/s while consuming only 3400W of power. Specifications Brand Iceriver Model KS5L Also called Iceriver KS5L KAS Miner Launch April 2024 Net Weight 15000g Gross Weight 16500g Noise level 75db Size without\u00a0 package 370 [&hellip;]<\/p>","protected":false},"featured_media":2650,"comment_status":"open","ping_status":"closed","template":"","meta":[],"product_brand":[],"product_cat":[81,36],"product_tag":[],"class_list":{"0":"post-2340","1":"product","2":"type-product","3":"status-publish","4":"has-post-thumbnail","6":"product_cat-hot-selling","7":"product_cat-iceriver","9":"first","10":"instock","11":"shipping-taxable","12":"purchasable","13":"product-type-simple"},"_links":{"self":[{"href":"https:\/\/minersking.com\/es\/wp-json\/wp\/v2\/product\/2340","targetHints":{"allow":["GET"]}}],"collection":[{"href":"https:\/\/minersking.com\/es\/wp-json\/wp\/v2\/product"}],"about":[{"href":"https:\/\/minersking.com\/es\/wp-json\/wp\/v2\/types\/product"}],"replies":[{"embeddable":true,"href":"https:\/\/minersking.com\/es\/wp-json\/wp\/v2\/comments?post=2340"}],"wp:featuredmedia":[{"embeddable":true,"href":"https:\/\/minersking.com\/es\/wp-json\/wp\/v2\/media\/2650"}],"wp:attachment":[{"href":"https:\/\/minersking.com\/es\/wp-json\/wp\/v2\/media?parent=2340"}],"wp:term":[{"taxonomy":"product_brand","embeddable":true,"href":"https:\/\/minersking.com\/es\/wp-json\/wp\/v2\/product_brand?post=2340"},{"taxonomy":"product_cat","embeddable":true,"href":"https:\/\/minersking.com\/es\/wp-json\/wp\/v2\/product_cat?post=2340"},{"taxonomy":"product_tag","embeddable":true,"href":"https:\/\/minersking.com\/es\/wp-json\/wp\/v2\/product_tag?post=2340"}],"curies":[{"name":"wp","href":"https:\/\/api.w.org\/{rel}","templated":true}]}}