{"id":2470,"date":"2024-05-21T07:30:33","date_gmt":"2024-05-21T07:30:33","guid":{"rendered":"http:\/\/minersking.com\/?post_type=product&#038;p=2470"},"modified":"2024-08-21T10:58:52","modified_gmt":"2024-08-21T10:58:52","slug":"mc40-immersion-cooling-container","status":"publish","type":"product","link":"https:\/\/minersking.com\/es\/producto\/mc40-immersion-cooling-container\/","title":{"rendered":"MC40 - Recipiente de refrigeraci\u00f3n por inmersi\u00f3n"},"content":{"rendered":"<h3>Especificaciones<\/h3>\n<div class=\"wd-negative-gap elementor-element elementor-element-33ba7dd e-flex e-con-boxed e-con e-parent\" data-id=\"33ba7dd\" data-element_type=\"container\" data-settings=\"{&quot;content_width&quot;:&quot;boxed&quot;}\" data-core-v316-plus=\"true\">\n<div class=\"e-con-inner\">\n<div class=\"elementor-element elementor-element-0145574 elementor-widget elementor-widget-wd_text_block\" data-id=\"0145574\" data-element_type=\"widget\" data-widget_type=\"wd_text_block.default\">\n<div class=\"elementor-widget-container\">\n<div class=\"wd-text-block reset-last-child text-left\">\n<table>\n<tbody>\n<tr>\n<td width=\"284\">Tama\u00f1o exterior<\/td>\n<td width=\"284\">12192*2438*2896<\/td>\n<\/tr>\n<tr>\n<td>Peso operativo (T)<\/td>\n<td>\u00a023<\/td>\n<\/tr>\n<tr>\n<td width=\"284\">Volumen de refrigerante (L)<\/td>\n<td width=\"284\">13000<\/td>\n<\/tr>\n<tr>\n<td width=\"284\">Modo refrigeraci\u00f3n<\/td>\n<td width=\"284\">\u00a0Bucle \u00fanico<\/td>\n<\/tr>\n<tr>\n<td width=\"284\">Capacidad minera<\/td>\n<td width=\"284\">320 M66\/M56<\/td>\n<\/tr>\n<tr>\n<td>Cantidad de dep\u00f3sitos<\/td>\n<td>Tanque M20 * 16<\/td>\n<\/tr>\n<tr>\n<td>Temperatura ambiente<\/td>\n<td>-25\u00b0C~ 55\u00b0C<\/td>\n<\/tr>\n<tr>\n<td>Voltaje de entrada<\/td>\n<td>Trif\u00e1sico 350-480V 50\/60Hz<\/td>\n<\/tr>\n<tr>\n<td>Potencia m\u00e1xima de carga (kW)<\/td>\n<td>2632<\/td>\n<\/tr>\n<tr>\n<td>Tensi\u00f3n de salida<\/td>\n<td>Trif\u00e1sico 350-480V 50\/60Hz<\/td>\n<\/tr>\n<tr>\n<td>Certificaci\u00f3n de seguridad<\/td>\n<td>CE\/UL<\/td>\n<\/tr>\n<tr>\n<td>Potencia de funcionamiento (kW)<\/td>\n<td>124<\/td>\n<\/tr>\n<tr>\n<td>Armarios de distribuci\u00f3n de energ\u00eda(A)<\/td>\n<td>2000A*2<\/td>\n<\/tr>\n<tr>\n<td>PDU inteligente<\/td>\n<td>16<\/td>\n<\/tr>\n<tr>\n<td>Contador inteligente<\/td>\n<td>\u221a<\/td>\n<\/tr>\n<tr>\n<td>Capacidad de refrigeraci\u00f3n (kW)<\/td>\n<td>2240<\/td>\n<\/tr>\n<tr>\n<td>Tipo de refrigeraci\u00f3n<\/td>\n<td>Enfriador seco \/ Torre de refrigeraci\u00f3n de agua cerrada<\/td>\n<\/tr>\n<tr>\n<td>Temperatura m\u00e1xima de entrada (\u2103)<\/td>\n<td>47<\/td>\n<\/tr>\n<tr>\n<td>Temperatura m\u00e1xima de salida (\u2103)<\/td>\n<td>60<\/td>\n<\/tr>\n<tr>\n<td>Temperatura de referencia de dise\u00f1o (\u2103)<\/td>\n<td>30<\/td>\n<\/tr>\n<tr>\n<td>Certificaci\u00f3n de contenedores<\/td>\n<td>Certificaci\u00f3n de la Sociedad de Clasificaci\u00f3n de China<\/td>\n<\/tr>\n<tr>\n<td>Componentes del contenedor<\/td>\n<td>Incluye sistema de iluminaci\u00f3n LED, sistema de ventilaci\u00f3n, filtro de aire, sensores remotos de temperatura, sensores remotos de humo y circuito cerrado de TV.<\/td>\n<\/tr>\n<tr>\n<td>Gesti\u00f3n remota<\/td>\n<td>Soporta la monitorizaci\u00f3n remota del sistema de refrigeraci\u00f3n l\u00edquida (nivel de l\u00edquido, temperatura, voltaje, etc.)<\/td>\n<\/tr>\n<tr>\n<td>Ciclo de vida del servicio<\/td>\n<td>10 a\u00f1os<\/td>\n<\/tr>\n<\/tbody>\n<\/table>\n<\/div>\n<\/div>\n<\/div>\n<\/div>\n<\/div>","protected":false},"excerpt":{"rendered":"<p>Specifications Outer size 12192*2438*2896 Operating Weight (T) \u00a023 Coolant Volume (L) 13000 Cooling Mode \u00a0Single loop Miner Capacity 320 M66\/M56 Tank Quantity M20 Tank * 16 Ambient Temperature -25\u00b0C~ 55\u00b0C Input Voltage 3-phase 350-480V 50\/60Hz Max Power Load (kW) 2632 Output Voltage 3-phase 350-480V 50\/60Hz Safety Certification CE\/UL Operating Power(kW) 124 Power Distribution Cabinets(A) 2000A*2 [&hellip;]<\/p>","protected":false},"featured_media":2471,"comment_status":"open","ping_status":"closed","template":"","meta":[],"product_brand":[],"product_cat":[73,76],"product_tag":[],"class_list":{"0":"post-2470","1":"product","2":"type-product","3":"status-publish","4":"has-post-thumbnail","6":"product_cat-mining-solution","7":"product_cat-m-series-for-whatsminer-m56-m66","9":"first","10":"instock","11":"shipping-taxable","12":"purchasable","13":"product-type-simple"},"_links":{"self":[{"href":"https:\/\/minersking.com\/es\/wp-json\/wp\/v2\/product\/2470","targetHints":{"allow":["GET"]}}],"collection":[{"href":"https:\/\/minersking.com\/es\/wp-json\/wp\/v2\/product"}],"about":[{"href":"https:\/\/minersking.com\/es\/wp-json\/wp\/v2\/types\/product"}],"replies":[{"embeddable":true,"href":"https:\/\/minersking.com\/es\/wp-json\/wp\/v2\/comments?post=2470"}],"wp:featuredmedia":[{"embeddable":true,"href":"https:\/\/minersking.com\/es\/wp-json\/wp\/v2\/media\/2471"}],"wp:attachment":[{"href":"https:\/\/minersking.com\/es\/wp-json\/wp\/v2\/media?parent=2470"}],"wp:term":[{"taxonomy":"product_brand","embeddable":true,"href":"https:\/\/minersking.com\/es\/wp-json\/wp\/v2\/product_brand?post=2470"},{"taxonomy":"product_cat","embeddable":true,"href":"https:\/\/minersking.com\/es\/wp-json\/wp\/v2\/product_cat?post=2470"},{"taxonomy":"product_tag","embeddable":true,"href":"https:\/\/minersking.com\/es\/wp-json\/wp\/v2\/product_tag?post=2470"}],"curies":[{"name":"wp","href":"https:\/\/api.w.org\/{rel}","templated":true}]}}