{"id":2525,"date":"2024-07-02T08:12:42","date_gmt":"2024-07-02T08:12:42","guid":{"rendered":"https:\/\/minersking.com\/?post_type=product&#038;p=2525"},"modified":"2024-12-09T06:49:35","modified_gmt":"2024-12-09T06:49:35","slug":"bitmain-antminer-dr7-127th-s-2730w-scp-miner-crypto-mining","status":"publish","type":"product","link":"https:\/\/minersking.com\/es\/producto\/bitmain-antminer-dr7-127th-s-2730w-scp-miner-crypto-mining\/","title":{"rendered":"Bitmain Antminer DR7 SCP Miner(127TH\/s)"},"content":{"rendered":"<div class=\"wd-negative-gap elementor-element elementor-element-cea982e e-flex e-con-boxed e-con e-parent e-lazyloaded\" data-id=\"cea982e\" data-element_type=\"container\">\n<div class=\"e-con-inner\">\n<div class=\"elementor-element elementor-element-469256e elementor-widget elementor-widget-wd_text_block\" data-id=\"469256e\" data-element_type=\"widget\" data-widget_type=\"wd_text_block.default\">\n<div class=\"elementor-widget-container\">\n<div class=\"wd-text-block reset-last-child text-left\">\n<div class=\"table-wrapper\">\n<div class=\"table-wrapper\">\n<table width=\"1026\">\n<tbody>\n<tr>\n<td width=\"265\">Tasa de hash<\/td>\n<td width=\"265\">127TH\/s<\/td>\n<\/tr>\n<tr>\n<td width=\"265\">Alimentaci\u00f3n de pared<\/td>\n<td width=\"265\">2730W\/h<\/td>\n<\/tr>\n<tr>\n<td width=\"265\">Fuente de alimentaci\u00f3n<\/td>\n<td width=\"265\">Con PSU<\/td>\n<\/tr>\n<tr>\n<td width=\"265\">Dimensi\u00f3n<\/td>\n<td width=\"265\">430*195*290(mm)<\/td>\n<\/tr>\n<tr>\n<td width=\"265\">Dimensi\u00f3n (con embalaje)<\/td>\n<td width=\"265\">570*316*430(mm)<\/td>\n<\/tr>\n<tr>\n<td width=\"265\">Peso bruto<\/td>\n<td width=\"265\">14.5kg<\/td>\n<\/tr>\n<tr>\n<td width=\"265\">Peso neto<\/td>\n<td width=\"265\">12.9kg<\/td>\n<\/tr>\n<tr>\n<td width=\"265\">Puerto de conexi\u00f3n<\/td>\n<td width=\"265\">Ethernet<\/td>\n<\/tr>\n<tr>\n<td width=\"265\">Entrada de voltaje<\/td>\n<td width=\"265\">220~240V<\/td>\n<\/tr>\n<tr>\n<td width=\"265\">Temperatura de trabajo<\/td>\n<td width=\"265\">0~40 \u2103<\/td>\n<\/tr>\n<\/tbody>\n<\/table>\n<h4 class=\"font-satoshi text-xl text-black dark:text-white md:text-xl lg:mb-2 lg:text-heading-5 xl:text-heading-5\">Algoritmos<\/h4>\n<p>Algorithm: Blake256R14<\/p>\n<p>Hashrate: 127 TH\/s<\/p>\n<p>Consumption: 2730W<\/p>\n<p>Minable coins: Scprime<\/p>\n<h4>Air-Cooling Miner<\/h4>\n<p>The antminer DR7 is a powerful ASIC designed for Scprime mining in Jun 2024. It is one of the best Scprime miners, with a hashrate of 127 TH\/s and a power consumption of 2730W, standing out as a high-performance and efficient machine<\/p>\n<h3>Informaci\u00f3n adicional<\/h3>\n<ul>\n<li>P\u00f3ngase en contacto con nosotros para conocer los detalles de los distintos pedidos. El DDP (PRECIO con gastos de env\u00edo y aduana incluidos) tambi\u00e9n puede estar disponible en algunos pa\u00edses.<\/li>\n<li>Un pedido o pre-pedido no puede ser cancelado bajo ninguna circunstancia, ya que se considera definitivo una vez que ha sido confirmado con nosotros.<\/li>\n<\/ul>\n<\/div>\n<\/div>\n<\/div>\n<\/div>\n<\/div>\n<\/div>\n<\/div>\n<div class=\"wd-negative-gap elementor-element elementor-element-0c54dc8 e-flex e-con-boxed e-con e-parent e-lazyloaded\" data-id=\"0c54dc8\" data-element_type=\"container\">\n<div class=\"e-con-inner\">\n<div class=\"elementor-element elementor-element-11372ed elementor-widget elementor-widget-wd_text_block\" data-id=\"11372ed\" data-element_type=\"widget\" data-widget_type=\"wd_text_block.default\">\n<div class=\"elementor-widget-container\"><\/div>\n<\/div>\n<\/div>\n<\/div>","protected":false},"excerpt":{"rendered":"<p>Hashrate 127TH\/s Wall Power 2730W\/h Power Supply With PSU Dimension 430*195*290(mm) Dimension(with packaging) 570*316*430(mm) Gross Weight 14.5kg Net Weight 12.9kg Connection Port Ethernet Voltage Input 220~240V Working Temp 0~40 \u2103 Algorithms Algorithm: Blake256R14 Hashrate: 127 TH\/s Consumption: 2730W Minable coins: Scprime Air-Cooling Miner The antminer DR7 is a powerful ASIC designed for Scprime mining in [&hellip;]<\/p>","protected":false},"featured_media":2526,"comment_status":"open","ping_status":"closed","template":"","meta":[],"product_brand":[],"product_cat":[33,82],"product_tag":[],"class_list":{"0":"post-2525","1":"product","2":"type-product","3":"status-publish","4":"has-post-thumbnail","6":"product_cat-antminer","7":"product_cat-scp-mining","9":"first","10":"outofstock","11":"shipping-taxable","12":"purchasable","13":"product-type-simple"},"_links":{"self":[{"href":"https:\/\/minersking.com\/es\/wp-json\/wp\/v2\/product\/2525","targetHints":{"allow":["GET"]}}],"collection":[{"href":"https:\/\/minersking.com\/es\/wp-json\/wp\/v2\/product"}],"about":[{"href":"https:\/\/minersking.com\/es\/wp-json\/wp\/v2\/types\/product"}],"replies":[{"embeddable":true,"href":"https:\/\/minersking.com\/es\/wp-json\/wp\/v2\/comments?post=2525"}],"wp:featuredmedia":[{"embeddable":true,"href":"https:\/\/minersking.com\/es\/wp-json\/wp\/v2\/media\/2526"}],"wp:attachment":[{"href":"https:\/\/minersking.com\/es\/wp-json\/wp\/v2\/media?parent=2525"}],"wp:term":[{"taxonomy":"product_brand","embeddable":true,"href":"https:\/\/minersking.com\/es\/wp-json\/wp\/v2\/product_brand?post=2525"},{"taxonomy":"product_cat","embeddable":true,"href":"https:\/\/minersking.com\/es\/wp-json\/wp\/v2\/product_cat?post=2525"},{"taxonomy":"product_tag","embeddable":true,"href":"https:\/\/minersking.com\/es\/wp-json\/wp\/v2\/product_tag?post=2525"}],"curies":[{"name":"wp","href":"https:\/\/api.w.org\/{rel}","templated":true}]}}