{"id":2529,"date":"2024-07-02T08:18:24","date_gmt":"2024-07-02T08:18:24","guid":{"rendered":"https:\/\/minersking.com\/?post_type=product&#038;p=2529"},"modified":"2024-08-30T06:19:23","modified_gmt":"2024-08-30T06:19:23","slug":"iceriver-ks0-ultra-400gh-s-100w-kaspa-miner","status":"publish","type":"product","link":"https:\/\/minersking.com\/es\/producto\/iceriver-ks0-ultra-400gh-s-100w-kaspa-miner\/","title":{"rendered":"Iceriver KS0 Ultra Kaspa ASIC Home Miner (400GH\/s)"},"content":{"rendered":"<h3>Descripci\u00f3n<\/h3>\n<p><strong>IceRiver KS0 Ultra is<\/strong> released in May 2024, which uses the <strong>Algoritmo KHeavyHash<\/strong>. Puede alcanzar un hashrate m\u00e1ximo de<strong> 400 GH\/s<\/strong> y s\u00f3lo utiliza <strong>100W<\/strong>\u00a0de poder.<\/p>\n<h3>Especificaci\u00f3n<\/h3>\n<table border=\"0\" width=\"247\" cellspacing=\"0\" cellpadding=\"0\">\n<tbody>\n<tr>\n<td width=\"102\" height=\"16\"><strong>Fabricante<\/strong><\/td>\n<td width=\"144\">r\u00edo de hielo<\/td>\n<\/tr>\n<tr>\n<td height=\"16\"><strong>Modelo<\/strong><\/td>\n<td>KS0 Ultra<\/td>\n<\/tr>\n<tr>\n<td height=\"16\"><strong>Tambi\u00e9n conocido como<\/strong><\/td>\n<td>ICERIVER KAS KS0 Ultra<\/td>\n<\/tr>\n<tr>\n<td height=\"16\"><strong>Tama\u00f1o<\/strong><\/td>\n<td>200 x 194 x 74 mm<\/td>\n<\/tr>\n<tr>\n<td height=\"16\"><strong>Peso<\/strong><\/td>\n<td>2500g<\/td>\n<\/tr>\n<tr>\n<td height=\"16\"><strong>Nivel de ruido<\/strong><\/td>\n<td>40 dB<\/td>\n<\/tr>\n<tr>\n<td height=\"16\"><strong>Tasa de hash<\/strong><\/td>\n<td>400Gh\/s<\/td>\n<\/tr>\n<tr>\n<td height=\"16\"><strong>Fuerza<\/strong><\/td>\n<td>100W<\/td>\n<\/tr>\n<tr>\n<td height=\"16\"><strong>Voltaje<\/strong><\/td>\n<td>19-20V CC<\/td>\n<\/tr>\n<tr>\n<td height=\"16\"><strong>Interfaz<\/strong><\/td>\n<td>Ethernet<\/td>\n<\/tr>\n<tr>\n<td height=\"16\"><strong>Temperatura<\/strong><\/td>\n<td>5 - 35 \u00b0C<\/td>\n<\/tr>\n<tr>\n<td height=\"16\"><strong>Humedad<\/strong><\/td>\n<td>10 - 90 %<\/td>\n<\/tr>\n<\/tbody>\n<\/table>\n<h4 class=\"font-satoshi text-xl text-black dark:text-white md:text-xl lg:mb-2 lg:text-heading-5 xl:text-heading-5\">Algoritmos<\/h4>\n<p>Algoritmo: KHeavyHash<\/p>\n<p>Hashrate: 400 GH\/s<\/p>\n<p>Consumo: 100W<\/p>\n<p>Monedas acu\u00f1ables: Kaspa<\/p>\n<h4>Inicio Miner\u00eda Kaspa Miner<\/h4>\n<p>IceRiver dise\u00f1\u00f3 el KS0 Ultra en mayo de 2024, y tiene un hashrate de 400 GH\/s, un consumo de energ\u00eda de 1000W, y una apariencia compacta y accesible.<\/p>\n<p>El KS0 Ultra es la versi\u00f3n m\u00e1s reciente de la serie KS0 de IceRiver para 2024 y tiene mejor hashrate, eficiencia energ\u00e9tica y reducci\u00f3n de ruido que otros productos KS0 para miner\u00eda dom\u00e9stica Kaspa.<\/p>\n<p>This modern home mining machine is designed for KHeavyHash. With a compact weight of 2500g and dimensions of 200 x 194 x 74mm, users can place it wherever they want!<\/p>\n<h3>Informaci\u00f3n adicional<\/h3>\n<ul>\n<li>P\u00f3ngase en contacto con nosotros para conocer los detalles de los distintos pedidos. El DDP (PRECIO con gastos de env\u00edo y aduana incluidos) tambi\u00e9n puede estar disponible en algunos pa\u00edses.<\/li>\n<li>Un pedido o pre-pedido no puede ser cancelado bajo ninguna circunstancia, ya que se considera definitivo una vez que ha sido confirmado con nosotros.<\/li>\n<\/ul>","protected":false},"excerpt":{"rendered":"<p>Description IceRiver KS0 Ultra is released in May 2024, which uses the KHeavyHash algorithm. It can reach a maximum hashrate of 400 GH\/s and only uses 100W\u00a0of power. Specification Manufacturer IceRiver Model KS0 Ultra Also known as ICERIVER KAS KS0 Ultra Size 200 x 194 x 74mm Weight 2500g Noise level 40db Hashrate 400Gh\/s Power [&hellip;]<\/p>","protected":false},"featured_media":2648,"comment_status":"open","ping_status":"closed","template":"","meta":[],"product_brand":[],"product_cat":[81,36,85],"product_tag":[],"class_list":{"0":"post-2529","1":"product","2":"type-product","3":"status-publish","4":"has-post-thumbnail","6":"product_cat-hot-selling","7":"product_cat-iceriver","8":"product_cat-iceriver-kaspa-mining","10":"first","11":"instock","12":"shipping-taxable","13":"purchasable","14":"product-type-simple"},"_links":{"self":[{"href":"https:\/\/minersking.com\/es\/wp-json\/wp\/v2\/product\/2529","targetHints":{"allow":["GET"]}}],"collection":[{"href":"https:\/\/minersking.com\/es\/wp-json\/wp\/v2\/product"}],"about":[{"href":"https:\/\/minersking.com\/es\/wp-json\/wp\/v2\/types\/product"}],"replies":[{"embeddable":true,"href":"https:\/\/minersking.com\/es\/wp-json\/wp\/v2\/comments?post=2529"}],"wp:featuredmedia":[{"embeddable":true,"href":"https:\/\/minersking.com\/es\/wp-json\/wp\/v2\/media\/2648"}],"wp:attachment":[{"href":"https:\/\/minersking.com\/es\/wp-json\/wp\/v2\/media?parent=2529"}],"wp:term":[{"taxonomy":"product_brand","embeddable":true,"href":"https:\/\/minersking.com\/es\/wp-json\/wp\/v2\/product_brand?post=2529"},{"taxonomy":"product_cat","embeddable":true,"href":"https:\/\/minersking.com\/es\/wp-json\/wp\/v2\/product_cat?post=2529"},{"taxonomy":"product_tag","embeddable":true,"href":"https:\/\/minersking.com\/es\/wp-json\/wp\/v2\/product_tag?post=2529"}],"curies":[{"name":"wp","href":"https:\/\/api.w.org\/{rel}","templated":true}]}}