{"id":2531,"date":"2024-07-02T08:52:13","date_gmt":"2024-07-02T08:52:13","guid":{"rendered":"https:\/\/minersking.com\/?post_type=product&#038;p=2531"},"modified":"2025-08-11T16:10:30","modified_gmt":"2025-08-11T16:10:30","slug":"iceriver-ks5m-15th-s-3400w-kaspa-miner","status":"publish","type":"product","link":"https:\/\/minersking.com\/es\/producto\/iceriver-ks5m-15th-s-3400w-kaspa-miner\/","title":{"rendered":"Iceriver KS5M Kaspa ASIC Miner (15TH\/s)"},"content":{"rendered":"<h3>Descripci\u00f3n<\/h3>\n<p>En junio de 2024, <strong>r\u00edo de hielo<\/strong> lanz\u00f3 el KS5M, que utiliza el <strong>Algoritmo KHeavyHash<\/strong>. Puede alcanzar un hashrate m\u00e1ximo de<strong> 15 TH\/s<\/strong> y s\u00f3lo utiliza <strong>3400W<\/strong> de poder.<\/p>\n<h3>Especificaci\u00f3n<\/h3>\n<table class=\"table table-striped\">\n<tbody>\n<tr>\n<th scope=\"row\">Fabricante<\/th>\n<td>Iceriver<\/td>\n<\/tr>\n<tr>\n<th scope=\"row\">Modelo<\/th>\n<td>KS5M<\/td>\n<\/tr>\n<tr>\n<th scope=\"row\">Tambi\u00e9n conocido como<\/th>\n<td>Iceriver KS5M KAS Miner<\/td>\n<\/tr>\n<tr>\n<th scope=\"row\">Liberar<\/th>\n<td>Junio de 2024<\/td>\n<\/tr>\n<tr>\n<th scope=\"row\">Peso Neto<\/th>\n<td>15000g<\/td>\n<\/tr>\n<tr>\n<th scope=\"row\">Peso bruto<\/th>\n<td>16500g<\/td>\n<\/tr>\n<tr>\n<th scope=\"row\">Nivel de ruido<\/th>\n<td>75dB<\/td>\n<\/tr>\n<tr>\n<th scope=\"row\">Tama\u00f1o sin<\/th>\n<td>370 x 195 x 290 mm<\/td>\n<\/tr>\n<tr>\n<th scope=\"row\">Tama\u00f1o con<\/th>\n<td>490 x 300 x 400 mm<\/td>\n<\/tr>\n<tr>\n<th scope=\"row\">Voltaje<\/th>\n<td>170-300V<\/td>\n<\/tr>\n<tr>\n<th scope=\"row\">Fuerza<\/th>\n<td>3400W<\/td>\n<\/tr>\n<tr>\n<th>Tasa de hash<\/th>\n<td>15T<\/td>\n<\/tr>\n<tr>\n<th scope=\"row\">Interfaz<\/th>\n<td>Ethernet<\/td>\n<\/tr>\n<tr>\n<th scope=\"row\">Temperatura<\/th>\n<td>0 - 35 \u00b0C<\/td>\n<\/tr>\n<\/tbody>\n<\/table>\n<h4 class=\"font-satoshi text-xl text-black dark:text-white md:text-xl lg:mb-2 lg:text-heading-5 xl:text-heading-5\">Algoritmos<\/h4>\n<p>Algoritmo: KHeavyHash<\/p>\n<p>Hashrate: 15Th\/s<\/p>\n<p>Consumo: 3400W<\/p>\n<p>Monedas acu\u00f1ables: Kaspa<\/p>\n<h4>Refrigeraci\u00f3n por aire Kaspa Miner<\/h4>\n<p>El IceRiver KS5M tiene un hashrate de 15 TH\/s y consume 3400W de energ\u00eda. Tiene un hashrate m\u00e1s alto que el KS5L y es muy eficiente en el uso de energ\u00eda, por lo que es una opci\u00f3n fuerte para la miner\u00eda rentable de criptomonedas. Adem\u00e1s, es uno de los mejores mineros ASIC para minar Kaspa en 2024 y obtener mayores beneficios.<\/p>\n<p>La conocida marca Iceriver ha optimizado finamente su producto para el algoritmo KHeavyHash. Cuenta con un sistema de refrigeraci\u00f3n por aire que ayuda a eliminar el calor producido durante el proceso de miner\u00eda de criptomonedas. Recomendamos encarecidamente este equipo de miner\u00eda Kaspa para cualquiera que busque minar monedas Kaspa de manera eficiente y rentable.<\/p>","protected":false},"excerpt":{"rendered":"<p>Description In June 2024, IceRiver released the KS5M, which uses the KHeavyHash algorithm. It can reach a maximum hashrate of 15 TH\/s and only uses 3400W of power. Specification Manufacturer Iceriver Model KS5M Also known as Iceriver KS5M KAS Miner Release June 2024 Weight Net 15000g Weight Gross 16500g Noise level 75db Size w\/o 370 [&hellip;]<\/p>","protected":false},"featured_media":2647,"comment_status":"open","ping_status":"closed","template":"","meta":[],"product_brand":[],"product_cat":[81,36,85],"product_tag":[],"class_list":{"0":"post-2531","1":"product","2":"type-product","3":"status-publish","4":"has-post-thumbnail","6":"product_cat-hot-selling","7":"product_cat-iceriver","8":"product_cat-iceriver-kaspa-mining","10":"first","11":"instock","12":"shipping-taxable","13":"purchasable","14":"product-type-simple"},"_links":{"self":[{"href":"https:\/\/minersking.com\/es\/wp-json\/wp\/v2\/product\/2531","targetHints":{"allow":["GET"]}}],"collection":[{"href":"https:\/\/minersking.com\/es\/wp-json\/wp\/v2\/product"}],"about":[{"href":"https:\/\/minersking.com\/es\/wp-json\/wp\/v2\/types\/product"}],"replies":[{"embeddable":true,"href":"https:\/\/minersking.com\/es\/wp-json\/wp\/v2\/comments?post=2531"}],"wp:featuredmedia":[{"embeddable":true,"href":"https:\/\/minersking.com\/es\/wp-json\/wp\/v2\/media\/2647"}],"wp:attachment":[{"href":"https:\/\/minersking.com\/es\/wp-json\/wp\/v2\/media?parent=2531"}],"wp:term":[{"taxonomy":"product_brand","embeddable":true,"href":"https:\/\/minersking.com\/es\/wp-json\/wp\/v2\/product_brand?post=2531"},{"taxonomy":"product_cat","embeddable":true,"href":"https:\/\/minersking.com\/es\/wp-json\/wp\/v2\/product_cat?post=2531"},{"taxonomy":"product_tag","embeddable":true,"href":"https:\/\/minersking.com\/es\/wp-json\/wp\/v2\/product_tag?post=2531"}],"curies":[{"name":"wp","href":"https:\/\/api.w.org\/{rel}","templated":true}]}}