{"id":2533,"date":"2024-07-02T08:59:52","date_gmt":"2024-07-02T08:59:52","guid":{"rendered":"https:\/\/minersking.com\/?post_type=product&#038;p=2533"},"modified":"2024-08-06T04:00:56","modified_gmt":"2024-08-06T04:00:56","slug":"bombax-miner-ez100-c-3200m-570w-etc-miner-asic-crypto-mining-machine","status":"publish","type":"product","link":"https:\/\/minersking.com\/es\/producto\/bombax-miner-ez100-c-3200m-570w-etc-miner-asic-crypto-mining-machine\/","title":{"rendered":"BOMBAX MINER EZ100-C 3600M 570W ETC Miner Asic Crypto M\u00e1quina Minera"},"content":{"rendered":"<p>El BOMBAX MINER EZ100-C soporta los algoritmos ETCHash y ETHash, ofreciendo compatibilidad con varias monedas como ETC, ZIL, CAU, BTN, XPB, DOGETHER, OCTA, y LRS.<\/p>\n<p>Con un hashrate robusto de 3200 MH\/s \u00b1 5%, este equipo ofrece un rendimiento excepcional al tiempo que mantiene la eficiencia energ\u00e9tica, consumiendo solo 570W \u00b1 5% de potencia a 25 \u2103.<\/p>\n<p>Su \u00edndice de eficiencia energ\u00e9tica de 0,18 J\/MH \u00b1 5% @ 25 \u2103 garantiza una utilizaci\u00f3n \u00f3ptima de la energ\u00eda, maximizando la rentabilidad para los mineros.<\/p>\n<h3>Especificaciones<\/h3>\n<table class=\"table table-striped\">\n<tbody>\n<tr>\n<th scope=\"row\">Fabricante<\/th>\n<td>Minero Bombax<\/td>\n<\/tr>\n<tr>\n<th scope=\"row\">Modelo<\/th>\n<td>EZ100-C<\/td>\n<\/tr>\n<tr>\n<th scope=\"row\">Tambi\u00e9n conocido como<\/th>\n<td>Bombax Miner EZ100-C ETC Miner<\/td>\n<\/tr>\n<tr>\n<th scope=\"row\">Liberar<\/th>\n<td>Mayo de 2024<\/td>\n<\/tr>\n<tr>\n<th scope=\"row\">Tipo de producto<\/th>\n<td>Modelo silencioso en chasis 3U<\/td>\n<\/tr>\n<tr>\n<th scope=\"row\">Nivel de ruido<\/th>\n<td>40 dB<\/td>\n<\/tr>\n<tr>\n<th scope=\"row\">Fuerza<\/th>\n<td>570W<\/td>\n<\/tr>\n<tr>\n<th scope=\"row\">Interfaz<\/th>\n<td>Ethernet<\/td>\n<\/tr>\n<\/tbody>\n<\/table>","protected":false},"excerpt":{"rendered":"<p>Modelo\u00a0<strong>EZ100-C<\/strong><b>\u00a0\u00a0<\/b>de\u00a0<strong>BOMBAX MINER<\/strong><b>\u00a0<\/b>miner\u00eda\u00a0<strong>ETCHash<\/strong><b>\u00a0algoritmo\u00a0<\/b>con un hashrate m\u00e1ximo de\u00a0<b>3200MH\/s\u00a0<\/b>para un consumo de energ\u00eda de\u00a0<b>570W.<\/b><\/p>","protected":false},"featured_media":2534,"comment_status":"open","ping_status":"closed","template":"","meta":[],"product_brand":[],"product_cat":[81,79,90],"product_tag":[],"class_list":{"0":"post-2533","1":"product","2":"type-product","3":"status-publish","4":"has-post-thumbnail","6":"product_cat-hot-selling","7":"product_cat-bombax","8":"product_cat-bombax-etc-mining","10":"first","11":"instock","12":"shipping-taxable","13":"purchasable","14":"product-type-simple"},"_links":{"self":[{"href":"https:\/\/minersking.com\/es\/wp-json\/wp\/v2\/product\/2533","targetHints":{"allow":["GET"]}}],"collection":[{"href":"https:\/\/minersking.com\/es\/wp-json\/wp\/v2\/product"}],"about":[{"href":"https:\/\/minersking.com\/es\/wp-json\/wp\/v2\/types\/product"}],"replies":[{"embeddable":true,"href":"https:\/\/minersking.com\/es\/wp-json\/wp\/v2\/comments?post=2533"}],"wp:featuredmedia":[{"embeddable":true,"href":"https:\/\/minersking.com\/es\/wp-json\/wp\/v2\/media\/2534"}],"wp:attachment":[{"href":"https:\/\/minersking.com\/es\/wp-json\/wp\/v2\/media?parent=2533"}],"wp:term":[{"taxonomy":"product_brand","embeddable":true,"href":"https:\/\/minersking.com\/es\/wp-json\/wp\/v2\/product_brand?post=2533"},{"taxonomy":"product_cat","embeddable":true,"href":"https:\/\/minersking.com\/es\/wp-json\/wp\/v2\/product_cat?post=2533"},{"taxonomy":"product_tag","embeddable":true,"href":"https:\/\/minersking.com\/es\/wp-json\/wp\/v2\/product_tag?post=2533"}],"curies":[{"name":"wp","href":"https:\/\/api.w.org\/{rel}","templated":true}]}}